{"id":109,"date":"2022-11-28T14:07:42","date_gmt":"2022-11-28T13:07:42","guid":{"rendered":"https:\/\/www.rochester-bern.ch\/events\/"},"modified":"2026-04-10T09:34:28","modified_gmt":"2026-04-10T08:34:28","slug":"events","status":"publish","type":"page","link":"https:\/\/www.rochester-bern.ch\/de\/events\/","title":{"rendered":"Events"},"content":{"rendered":"<div class=\"et_pb_section et_pb_section_0  et_pb_css_mix_blend_mode et_section_regular et_section_transparent\">\n\t\t\t\t\n\t\t\t\t\n\t\t\t\t\n\t\t\t\t\n\t\t\t\t\n\t\t\t\t\n\t\t\t\t<div class=\"et_pb_module_inner\">\n\t\t\t\t\t<div class=\"et_pb_section et_pb_section_0  et_pb_css_mix_blend_mode et_section_regular et_section_transparent\" >\n            <div >\n\t\t\t\t\n\t\t\t\t\n\t\t\t\t\n\t\t\t\t\n\t\t\t\t\n\t\t\t\t\n\t\t\t\t<div class=\"et_pb_row et_pb_row_0  et_pb_css_mix_blend_mode\">\n\t\t\t\t\n\t\t\t\t\n\t\t\t\t\n\t\t\t\t\n\t\t\t\t\n\t\t\t\t\n\t\t\t\t<div class=\"et_pb_module_inner\">\n\t\t\t\t\t<div class=\"row et_pb_row et_pb_row_0  et_pb_css_mix_blend_mode\">\n\t\t\t\t<div class=\"et_pb_column et_pb_column_1_1 s12 col bg--white et_pb_column_0  et_pb_css_mix_blend_mode et-last-child\">\n\t\t\t\t\n\t\t\t\t\n\t\t\t\t\n\t\t\t\t\n\t\t\t\t<div class=\"title__wrapper block__wrapper  text--centered   et_pb_wly_title_0\n            mobile-- tablet--off desktop--off\"\n     id=\"\">\n    <div class=\"container\">\n        <div class=\"row\">\n            <div class=\"col s12  xl10               offset-xl1  \">\n                                    <h1>Events<\/h1>\n                                                    <div class=\"lead\">\n                        <\/p>\n<p>Rochester-Bern organisiert verschiedene Events wie Vortr\u00e4ge, Diskussionsrunden und Pr\u00e4sentationen \u00fcber \u00f6konomische und gesellschaftliche Themen. Auch unsere Info-Veranstaltungen zu den Weiterbildungsangeboten finden Sie hier.<\/p>\n<p>\n                    <\/div>\n                            <\/div>\n        <\/div>\n    <\/div>\n<\/div>\n\t\t\t<\/div>\n\t\t\t\t\n\t\t\t\t\n\t\t\t\t\n\t\t\t\t\n\t\t\t<\/div>\n\t\t\t\t<\/div>\n\t\t\t<\/div><div class=\"et_pb_row et_pb_row_1  et_pb_css_mix_blend_mode\">\n\t\t\t\t\n\t\t\t\t\n\t\t\t\t\n\t\t\t\t\n\t\t\t\t\n\t\t\t\t\n\t\t\t\t<div class=\"et_pb_module_inner\">\n\t\t\t\t\t<div class=\"row et_pb_row et_pb_row_1  et_pb_css_mix_blend_mode\">\n\t\t\t\t<div class=\"et_pb_column et_pb_column_1_1 s12 col bg--beige et_pb_column_1  et_pb_css_mix_blend_mode et-last-child\">\n\t\t\t\t\n\t\t\t\t\n\t\t\t\t\n\t\t\t\t\n\t\t\t\t<div class=\"post-collection event__wrapper et_pb_wly_events_collection_0\nmobile-- tablet--off desktop--off\"\n        id=\"\">\n    <div class=\"post-collection__inner\">\n                    <div class=\"container\">\n                <div class=\"row\">\n                    <div class=\"col s12 l10 xl8 offset-l1 offset-xl2\">\n                        <div class=\"boxes__titel\">\n                                                            <h2 class=\"h2\">Unsere Events auf einen Blick<\/h2>\n                                                                                <\/div>\n                    <\/div>\n                <\/div>\n            <\/div>\n        \n        <div data-vue-instance>\n            <events-loader\n                    :taxonomies='[{\"slug\":\"language\",\"visible\":true,\"label\":\"Sprache\",\"terms\":[{\"name\":\"Englisch\",\"slug\":\"englisch\",\"term_id\":31,\"taxonomy\":\"language\"},{\"name\":\"Deutsch\",\"slug\":\"deutsch\",\"term_id\":32,\"taxonomy\":\"language\"}]},{\"slug\":\"topic_news\",\"visible\":true,\"label\":\"Thema\",\"terms\":[{\"name\":\"Executive MBA\",\"slug\":\"executive-mba-de\",\"term_id\":280,\"taxonomy\":\"topic_news\"},{\"name\":\"Verwaltungsrat\",\"slug\":\"verwaltungsrat\",\"term_id\":281,\"taxonomy\":\"topic_news\"},{\"name\":\"Business Resilience\",\"slug\":\"business-resilience\",\"term_id\":495,\"taxonomy\":\"topic_news\"},{\"name\":\"Finanzen\",\"slug\":\"finance\",\"term_id\":492,\"taxonomy\":\"topic_news\"},{\"name\":\"F\\u00fchrung\",\"slug\":\"fuehrung\",\"term_id\":282,\"taxonomy\":\"topic_news\"},{\"name\":\"Digitalisierung\",\"slug\":\"digitalisierung\",\"term_id\":347,\"taxonomy\":\"topic_news\"},{\"name\":\"Dani Arnold\",\"slug\":\"dani-arnold-de\",\"term_id\":286,\"taxonomy\":\"topic_news\"}]}]'\n                    :load-more='false'\n                    :hide-filter='false'\n                    :filter-view-mode='\"taxonomies\"'\n                    :paginator-options='{\"url\":\"\\\/wp-json\\\/wte\\\/paginator\\\/event?teaser_title_type=h3&lang=de&per_page=20&page=0&offset=0&t=1775810869\",\"initialPage\":0,\"lastPage\":0,\"perPage\":20,\"totalItems\":11,\"taxonomyRelationForHiddenFilter\":\"or\",\"taxonomyRelationForInactiveFilter\":\"or\",\"taxonomyRelationForActiveFilter\":\"and\",\"initialData\":null}'>\n            <\/events-loader>\n        <\/div>\n\n            <\/div>\n<\/div>\n\n\t\t\t<\/div>\n\t\t\t\t\n\t\t\t\t\n\t\t\t\t\n\t\t\t\t\n\t\t\t<\/div>\n\t\t\t\t<\/div>\n\t\t\t<\/div>\n\t\t\t\t\n\t\t\t\t\n\t\t\t    <\/div>\n\t\t\t<\/div>\n\t\t\t\t<\/div>\n\t\t\t<\/div>\n","protected":false},"excerpt":{"rendered":"<p>Events Rochester-Bern organisiert verschiedene Events&#8230;<\/p>\n","protected":false},"author":2,"featured_media":0,"parent":0,"menu_order":33,"comment_status":"closed","ping_status":"closed","template":"","meta":{"_acf_changed":false,"_et_pb_use_builder":"on","_et_pb_old_content":"","_et_gb_content_width":"","inline_featured_image":false,"footnotes":""},"class_list":["post-109","page","type-page","status-publish","hentry"],"acf":[],"yoast_head":"<!-- This site is optimized with the Yoast SEO plugin v27.2 - https:\/\/yoast.com\/product\/yoast-seo-wordpress\/ -->\n<title>Events &#8211; Rochester-Bern<\/title>\n<meta name=\"description\" content=\"Rochester-Bern organisiert verschiedene Events \u00fcber \u00f6konomische und gesellschaftliche Themen sowie Info-Veranstaltungen zu den Programmen.\" \/>\n<meta name=\"robots\" content=\"index, follow, max-snippet:-1, max-image-preview:large, max-video-preview:-1\" \/>\n<link rel=\"canonical\" href=\"https:\/\/www.rochester-bern.ch\/de\/events\/\" \/>\n<meta property=\"og:locale\" content=\"de_DE\" \/>\n<meta property=\"og:type\" content=\"article\" \/>\n<meta property=\"og:title\" content=\"Events &#8211; Rochester-Bern\" \/>\n<meta property=\"og:description\" content=\"Rochester-Bern organisiert verschiedene Events \u00fcber \u00f6konomische und gesellschaftliche Themen sowie Info-Veranstaltungen zu den Programmen.\" \/>\n<meta property=\"og:url\" content=\"https:\/\/www.rochester-bern.ch\/de\/events\/\" \/>\n<meta property=\"og:site_name\" content=\"Rochester-Bern\" \/>\n<meta property=\"article:modified_time\" content=\"2026-04-10T08:34:28+00:00\" \/>\n<meta name=\"twitter:card\" content=\"summary_large_image\" \/>\n<meta name=\"twitter:label1\" content=\"Gesch\u00e4tzte Lesezeit\" \/>\n\t<meta name=\"twitter:data1\" content=\"1\u00a0Minute\" \/>\n<script type=\"application\/ld+json\" class=\"yoast-schema-graph\">{\"@context\":\"https:\/\/schema.org\",\"@graph\":[{\"@type\":\"WebPage\",\"@id\":\"https:\/\/www.rochester-bern.ch\/de\/events\/\",\"url\":\"https:\/\/www.rochester-bern.ch\/de\/events\/\",\"name\":\"Events &#8211; Rochester-Bern\",\"isPartOf\":{\"@id\":\"https:\/\/rochester.incms.net\/#website\"},\"datePublished\":\"2022-11-28T13:07:42+00:00\",\"dateModified\":\"2026-04-10T08:34:28+00:00\",\"description\":\"Rochester-Bern organisiert verschiedene Events \u00fcber \u00f6konomische und gesellschaftliche Themen sowie Info-Veranstaltungen zu den Programmen.\",\"breadcrumb\":{\"@id\":\"https:\/\/www.rochester-bern.ch\/de\/events\/#breadcrumb\"},\"inLanguage\":\"de\",\"potentialAction\":[{\"@type\":\"ReadAction\",\"target\":[\"https:\/\/www.rochester-bern.ch\/de\/events\/\"]}]},{\"@type\":\"BreadcrumbList\",\"@id\":\"https:\/\/www.rochester-bern.ch\/de\/events\/#breadcrumb\",\"itemListElement\":[{\"@type\":\"ListItem\",\"position\":1,\"name\":\"Home\",\"item\":\"https:\/\/www.rochester-bern.ch\/de\/\"},{\"@type\":\"ListItem\",\"position\":2,\"name\":\"Events\"}]},{\"@type\":\"WebSite\",\"@id\":\"https:\/\/rochester.incms.net\/#website\",\"url\":\"https:\/\/rochester.incms.net\/\",\"name\":\"Rochester-Bern\",\"description\":\"Executive Programs - further Education for Executives\",\"potentialAction\":[{\"@type\":\"SearchAction\",\"target\":{\"@type\":\"EntryPoint\",\"urlTemplate\":\"https:\/\/rochester.incms.net\/?s={search_term_string}\"},\"query-input\":{\"@type\":\"PropertyValueSpecification\",\"valueRequired\":true,\"valueName\":\"search_term_string\"}}],\"inLanguage\":\"de\"}]}<\/script>\n<!-- \/ Yoast SEO plugin. -->","yoast_head_json":{"title":"Events &#8211; Rochester-Bern","description":"Rochester-Bern organisiert verschiedene Events \u00fcber \u00f6konomische und gesellschaftliche Themen sowie Info-Veranstaltungen zu den Programmen.","robots":{"index":"index","follow":"follow","max-snippet":"max-snippet:-1","max-image-preview":"max-image-preview:large","max-video-preview":"max-video-preview:-1"},"canonical":"https:\/\/www.rochester-bern.ch\/de\/events\/","og_locale":"de_DE","og_type":"article","og_title":"Events &#8211; Rochester-Bern","og_description":"Rochester-Bern organisiert verschiedene Events \u00fcber \u00f6konomische und gesellschaftliche Themen sowie Info-Veranstaltungen zu den Programmen.","og_url":"https:\/\/www.rochester-bern.ch\/de\/events\/","og_site_name":"Rochester-Bern","article_modified_time":"2026-04-10T08:34:28+00:00","twitter_card":"summary_large_image","twitter_misc":{"Gesch\u00e4tzte Lesezeit":"1\u00a0Minute"},"schema":{"@context":"https:\/\/schema.org","@graph":[{"@type":"WebPage","@id":"https:\/\/www.rochester-bern.ch\/de\/events\/","url":"https:\/\/www.rochester-bern.ch\/de\/events\/","name":"Events &#8211; Rochester-Bern","isPartOf":{"@id":"https:\/\/rochester.incms.net\/#website"},"datePublished":"2022-11-28T13:07:42+00:00","dateModified":"2026-04-10T08:34:28+00:00","description":"Rochester-Bern organisiert verschiedene Events \u00fcber \u00f6konomische und gesellschaftliche Themen sowie Info-Veranstaltungen zu den Programmen.","breadcrumb":{"@id":"https:\/\/www.rochester-bern.ch\/de\/events\/#breadcrumb"},"inLanguage":"de","potentialAction":[{"@type":"ReadAction","target":["https:\/\/www.rochester-bern.ch\/de\/events\/"]}]},{"@type":"BreadcrumbList","@id":"https:\/\/www.rochester-bern.ch\/de\/events\/#breadcrumb","itemListElement":[{"@type":"ListItem","position":1,"name":"Home","item":"https:\/\/www.rochester-bern.ch\/de\/"},{"@type":"ListItem","position":2,"name":"Events"}]},{"@type":"WebSite","@id":"https:\/\/rochester.incms.net\/#website","url":"https:\/\/rochester.incms.net\/","name":"Rochester-Bern","description":"Executive Programs - further Education for Executives","potentialAction":[{"@type":"SearchAction","target":{"@type":"EntryPoint","urlTemplate":"https:\/\/rochester.incms.net\/?s={search_term_string}"},"query-input":{"@type":"PropertyValueSpecification","valueRequired":true,"valueName":"search_term_string"}}],"inLanguage":"de"}]}},"_links":{"self":[{"href":"https:\/\/www.rochester-bern.ch\/de\/wp-json\/wp\/v2\/pages\/109","targetHints":{"allow":["GET"]}}],"collection":[{"href":"https:\/\/www.rochester-bern.ch\/de\/wp-json\/wp\/v2\/pages"}],"about":[{"href":"https:\/\/www.rochester-bern.ch\/de\/wp-json\/wp\/v2\/types\/page"}],"author":[{"embeddable":true,"href":"https:\/\/www.rochester-bern.ch\/de\/wp-json\/wp\/v2\/users\/2"}],"replies":[{"embeddable":true,"href":"https:\/\/www.rochester-bern.ch\/de\/wp-json\/wp\/v2\/comments?post=109"}],"version-history":[{"count":20,"href":"https:\/\/www.rochester-bern.ch\/de\/wp-json\/wp\/v2\/pages\/109\/revisions"}],"predecessor-version":[{"id":24122,"href":"https:\/\/www.rochester-bern.ch\/de\/wp-json\/wp\/v2\/pages\/109\/revisions\/24122"}],"wp:attachment":[{"href":"https:\/\/www.rochester-bern.ch\/de\/wp-json\/wp\/v2\/media?parent=109"}],"curies":[{"name":"wp","href":"https:\/\/api.w.org\/{rel}","templated":true}]}}