{"id":1569,"date":"2023-02-23T15:12:23","date_gmt":"2023-02-23T15:12:23","guid":{"rendered":"https:\/\/www.rochester-bern.ch\/?page_id=1569"},"modified":"2026-03-27T10:47:51","modified_gmt":"2026-03-27T09:47:51","slug":"studienreglemente","status":"publish","type":"page","link":"https:\/\/www.rochester-bern.ch\/de\/studienreglemente\/","title":{"rendered":"Studienreglemente"},"content":{"rendered":"<div class=\"et_pb_section et_pb_section_0  et_pb_css_mix_blend_mode et_section_regular et_section_transparent\">\n\t\t\t\t\n\t\t\t\t\n\t\t\t\t\n\t\t\t\t\n\t\t\t\t\n\t\t\t\t\n\t\t\t\t<div class=\"et_pb_module_inner\">\n\t\t\t\t\t<div class=\"et_pb_section et_pb_section_0  et_pb_css_mix_blend_mode et_section_regular et_section_transparent\" >\n            <div >\n\t\t\t\t\n\t\t\t\t\n\t\t\t\t\n\t\t\t\t\n\t\t\t\t\n\t\t\t\t\n\t\t\t\t<div class=\"et_pb_row et_pb_row_0  et_pb_css_mix_blend_mode\">\n\t\t\t\t\n\t\t\t\t\n\t\t\t\t\n\t\t\t\t\n\t\t\t\t\n\t\t\t\t\n\t\t\t\t<div class=\"et_pb_module_inner\">\n\t\t\t\t\t<div class=\"row et_pb_row et_pb_row_0  et_pb_css_mix_blend_mode\">\n\t\t\t\t<div class=\"et_pb_column et_pb_column_1_1 s12 col bg--white et_pb_column_0  et_pb_css_mix_blend_mode et-last-child\">\n\t\t\t\t\n\t\t\t\t\n\t\t\t\t\n\t\t\t\t\n\t\t\t\t<div class=\"title__wrapper block__wrapper  text--centered   lead--not  et_pb_wly_title_0\n            mobile-- tablet--off desktop--off\"\n     id=\"\">\n    <div class=\"container\">\n        <div class=\"row\">\n            <div class=\"col s12  xl10               offset-xl1  \">\n                                    <h1>Studienreglement<\/h1>\n                                            <\/div>\n        <\/div>\n    <\/div>\n<\/div><div class=\"et_pb_text text__wrapper block__wrapper  et_pb_wly_text_0\n            mobile-- tablet--off desktop--off\"\n     id=\"\">\n    <div class=\"container\">\n        <div class=\"row\">\n            <div class=\"col s12 l10 xl8  offset-l1 offset-xl2 \">\n                                    <p>Die Studienreglemente von Rochester-Bern legen die Rahmenbedingungen f\u00fcr die Studieng\u00e4nge fest.<\/p>\n<ul>\n<li><a href=\"https:\/\/www.rochester-bern.ch\/app\/uploads\/2026\/02\/20251209_document_regulations_emba.pdf\" target=\"_blank\" rel=\"noopener\">Studienreglement Business Administration ab 2026<\/a><\/li>\n<li><a href=\"https:\/\/www.rochester-bern.ch\/app\/uploads\/2025\/10\/20251031_document_SRrev-General-Mgmt.pdf\" target=\"_blank\" rel=\"noopener\">Studienreglement General Management ab 2025\u00a0<\/a> und <a href=\"https:\/\/www.rochester-bern.ch\/app\/uploads\/2026\/03\/20260313_document_aenderungserlass.pdf\">dazugeh\u00f6riger \u00c4nderungserlass 2026<\/a><\/li>\n<\/ul>\n                            <\/div>\n        <\/div>\n    <\/div>\n<\/div>\n\n\t\t\t<\/div>\n\t\t\t\t\n\t\t\t\t\n\t\t\t\t\n\t\t\t\t\n\t\t\t<\/div>\n\t\t\t\t<\/div>\n\t\t\t<\/div>\n\t\t\t\t\n\t\t\t\t\n\t\t\t    <\/div>\n\t\t\t<\/div>\n\t\t\t\t<\/div>\n\t\t\t<\/div>\n","protected":false},"excerpt":{"rendered":"<p>Studienreglement Die Studienreglemente von&#8230;<\/p>\n","protected":false},"author":7,"featured_media":0,"parent":0,"menu_order":0,"comment_status":"closed","ping_status":"closed","template":"","meta":{"_acf_changed":false,"_et_pb_use_builder":"on","_et_pb_old_content":"","_et_gb_content_width":"","inline_featured_image":false,"footnotes":""},"class_list":["post-1569","page","type-page","status-publish","hentry"],"acf":[],"yoast_head":"<!-- This site is optimized with the Yoast SEO plugin v27.2 - https:\/\/yoast.com\/product\/yoast-seo-wordpress\/ -->\n<title>Studienreglemente &#8211; Rochester-Bern<\/title>\n<meta name=\"description\" content=\"Das Studienreglement von Rochester-Bern legt die Rahmenbedingungen f\u00fcr die Studieng\u00e4nge fest, die zu einem MAS-, DAS- und CAS-Titel f\u00fchren.\" \/>\n<meta name=\"robots\" content=\"index, follow, max-snippet:-1, max-image-preview:large, max-video-preview:-1\" \/>\n<link rel=\"canonical\" href=\"https:\/\/www.rochester-bern.ch\/de\/studienreglemente\/\" \/>\n<meta property=\"og:locale\" content=\"de_DE\" \/>\n<meta property=\"og:type\" content=\"article\" \/>\n<meta property=\"og:title\" content=\"Studienreglemente &#8211; Rochester-Bern\" \/>\n<meta property=\"og:description\" content=\"Das Studienreglement von Rochester-Bern legt die Rahmenbedingungen f\u00fcr die Studieng\u00e4nge fest, die zu einem MAS-, DAS- und CAS-Titel f\u00fchren.\" \/>\n<meta property=\"og:url\" content=\"https:\/\/www.rochester-bern.ch\/de\/studienreglemente\/\" \/>\n<meta property=\"og:site_name\" content=\"Rochester-Bern\" \/>\n<meta property=\"article:modified_time\" content=\"2026-03-27T09:47:51+00:00\" \/>\n<meta name=\"twitter:card\" content=\"summary_large_image\" \/>\n<meta name=\"twitter:label1\" content=\"Gesch\u00e4tzte Lesezeit\" \/>\n\t<meta name=\"twitter:data1\" content=\"1\u00a0Minute\" \/>\n<script type=\"application\/ld+json\" class=\"yoast-schema-graph\">{\"@context\":\"https:\/\/schema.org\",\"@graph\":[{\"@type\":\"WebPage\",\"@id\":\"https:\/\/www.rochester-bern.ch\/de\/studienreglemente\/\",\"url\":\"https:\/\/www.rochester-bern.ch\/de\/studienreglemente\/\",\"name\":\"Studienreglemente &#8211; Rochester-Bern\",\"isPartOf\":{\"@id\":\"https:\/\/rochester.incms.net\/#website\"},\"datePublished\":\"2023-02-23T15:12:23+00:00\",\"dateModified\":\"2026-03-27T09:47:51+00:00\",\"description\":\"Das Studienreglement von Rochester-Bern legt die Rahmenbedingungen f\u00fcr die Studieng\u00e4nge fest, die zu einem MAS-, DAS- und CAS-Titel f\u00fchren.\",\"breadcrumb\":{\"@id\":\"https:\/\/www.rochester-bern.ch\/de\/studienreglemente\/#breadcrumb\"},\"inLanguage\":\"de\",\"potentialAction\":[{\"@type\":\"ReadAction\",\"target\":[\"https:\/\/www.rochester-bern.ch\/de\/studienreglemente\/\"]}]},{\"@type\":\"BreadcrumbList\",\"@id\":\"https:\/\/www.rochester-bern.ch\/de\/studienreglemente\/#breadcrumb\",\"itemListElement\":[{\"@type\":\"ListItem\",\"position\":1,\"name\":\"Home\",\"item\":\"https:\/\/www.rochester-bern.ch\/de\/\"},{\"@type\":\"ListItem\",\"position\":2,\"name\":\"Studienreglemente\"}]},{\"@type\":\"WebSite\",\"@id\":\"https:\/\/rochester.incms.net\/#website\",\"url\":\"https:\/\/rochester.incms.net\/\",\"name\":\"Rochester-Bern\",\"description\":\"Executive Programs - further Education for Executives\",\"potentialAction\":[{\"@type\":\"SearchAction\",\"target\":{\"@type\":\"EntryPoint\",\"urlTemplate\":\"https:\/\/rochester.incms.net\/?s={search_term_string}\"},\"query-input\":{\"@type\":\"PropertyValueSpecification\",\"valueRequired\":true,\"valueName\":\"search_term_string\"}}],\"inLanguage\":\"de\"}]}<\/script>\n<!-- \/ Yoast SEO plugin. -->","yoast_head_json":{"title":"Studienreglemente &#8211; Rochester-Bern","description":"Das Studienreglement von Rochester-Bern legt die Rahmenbedingungen f\u00fcr die Studieng\u00e4nge fest, die zu einem MAS-, DAS- und CAS-Titel f\u00fchren.","robots":{"index":"index","follow":"follow","max-snippet":"max-snippet:-1","max-image-preview":"max-image-preview:large","max-video-preview":"max-video-preview:-1"},"canonical":"https:\/\/www.rochester-bern.ch\/de\/studienreglemente\/","og_locale":"de_DE","og_type":"article","og_title":"Studienreglemente &#8211; Rochester-Bern","og_description":"Das Studienreglement von Rochester-Bern legt die Rahmenbedingungen f\u00fcr die Studieng\u00e4nge fest, die zu einem MAS-, DAS- und CAS-Titel f\u00fchren.","og_url":"https:\/\/www.rochester-bern.ch\/de\/studienreglemente\/","og_site_name":"Rochester-Bern","article_modified_time":"2026-03-27T09:47:51+00:00","twitter_card":"summary_large_image","twitter_misc":{"Gesch\u00e4tzte Lesezeit":"1\u00a0Minute"},"schema":{"@context":"https:\/\/schema.org","@graph":[{"@type":"WebPage","@id":"https:\/\/www.rochester-bern.ch\/de\/studienreglemente\/","url":"https:\/\/www.rochester-bern.ch\/de\/studienreglemente\/","name":"Studienreglemente &#8211; Rochester-Bern","isPartOf":{"@id":"https:\/\/rochester.incms.net\/#website"},"datePublished":"2023-02-23T15:12:23+00:00","dateModified":"2026-03-27T09:47:51+00:00","description":"Das Studienreglement von Rochester-Bern legt die Rahmenbedingungen f\u00fcr die Studieng\u00e4nge fest, die zu einem MAS-, DAS- und CAS-Titel f\u00fchren.","breadcrumb":{"@id":"https:\/\/www.rochester-bern.ch\/de\/studienreglemente\/#breadcrumb"},"inLanguage":"de","potentialAction":[{"@type":"ReadAction","target":["https:\/\/www.rochester-bern.ch\/de\/studienreglemente\/"]}]},{"@type":"BreadcrumbList","@id":"https:\/\/www.rochester-bern.ch\/de\/studienreglemente\/#breadcrumb","itemListElement":[{"@type":"ListItem","position":1,"name":"Home","item":"https:\/\/www.rochester-bern.ch\/de\/"},{"@type":"ListItem","position":2,"name":"Studienreglemente"}]},{"@type":"WebSite","@id":"https:\/\/rochester.incms.net\/#website","url":"https:\/\/rochester.incms.net\/","name":"Rochester-Bern","description":"Executive Programs - further Education for Executives","potentialAction":[{"@type":"SearchAction","target":{"@type":"EntryPoint","urlTemplate":"https:\/\/rochester.incms.net\/?s={search_term_string}"},"query-input":{"@type":"PropertyValueSpecification","valueRequired":true,"valueName":"search_term_string"}}],"inLanguage":"de"}]}},"_links":{"self":[{"href":"https:\/\/www.rochester-bern.ch\/de\/wp-json\/wp\/v2\/pages\/1569","targetHints":{"allow":["GET"]}}],"collection":[{"href":"https:\/\/www.rochester-bern.ch\/de\/wp-json\/wp\/v2\/pages"}],"about":[{"href":"https:\/\/www.rochester-bern.ch\/de\/wp-json\/wp\/v2\/types\/page"}],"author":[{"embeddable":true,"href":"https:\/\/www.rochester-bern.ch\/de\/wp-json\/wp\/v2\/users\/7"}],"replies":[{"embeddable":true,"href":"https:\/\/www.rochester-bern.ch\/de\/wp-json\/wp\/v2\/comments?post=1569"}],"version-history":[{"count":24,"href":"https:\/\/www.rochester-bern.ch\/de\/wp-json\/wp\/v2\/pages\/1569\/revisions"}],"predecessor-version":[{"id":23197,"href":"https:\/\/www.rochester-bern.ch\/de\/wp-json\/wp\/v2\/pages\/1569\/revisions\/23197"}],"wp:attachment":[{"href":"https:\/\/www.rochester-bern.ch\/de\/wp-json\/wp\/v2\/media?parent=1569"}],"curies":[{"name":"wp","href":"https:\/\/api.w.org\/{rel}","templated":true}]}}