{"id":17662,"date":"2025-06-11T08:55:56","date_gmt":"2025-06-11T08:55:56","guid":{"rendered":"https:\/\/www.rochester-bern.ch\/?page_id=17662"},"modified":"2026-04-10T09:18:10","modified_gmt":"2026-04-10T08:18:10","slug":"master-classes","status":"publish","type":"page","link":"https:\/\/www.rochester-bern.ch\/de\/master-classes\/","title":{"rendered":"Master Classes"},"content":{"rendered":"<div class=\"et_pb_section et_pb_section_0  et_pb_css_mix_blend_mode et_section_regular et_section_transparent\">\n\t\t\t\t\n\t\t\t\t\n\t\t\t\t\n\t\t\t\t\n\t\t\t\t\n\t\t\t\t\n\t\t\t\t<div class=\"et_pb_module_inner\">\n\t\t\t\t\t<div class=\"et_pb_section et_pb_section_0  et_pb_css_mix_blend_mode et_section_regular et_section_transparent\" >\n            <div >\n\t\t\t\t\n\t\t\t\t\n\t\t\t\t\n\t\t\t\t\n\t\t\t\t\n\t\t\t\t\n\t\t\t\t<div class=\"et_pb_row et_pb_row_0  et_pb_css_mix_blend_mode\">\n\t\t\t\t\n\t\t\t\t\n\t\t\t\t\n\t\t\t\t\n\t\t\t\t\n\t\t\t\t\n\t\t\t\t<div class=\"et_pb_module_inner\">\n\t\t\t\t\t<div class=\"row et_pb_row et_pb_row_0  et_pb_css_mix_blend_mode\">\n\t\t\t\t<div class=\"et_pb_column et_pb_column_1_1 s12 col bg--white et_pb_column_0  et_pb_css_mix_blend_mode et-last-child\">\n\t\t\t\t\n\t\t\t\t\n\t\t\t\t\n\t\t\t\t\n\t\t\t\t<div class=\"et_pb_text text__wrapper block__wrapper  et_pb_wly_text_0\n            mobile-- tablet--off desktop--off\"\n     id=\"\">\n    <div class=\"container\">\n        <div class=\"row\">\n            <div class=\"col s12 l10 xl8  offset-l1 offset-xl2 \">\n                                    <h1 style=\"text-align: center;\">Master Classes<\/h1>\n<p>Eine\u00a0Master Class\u00a0gibt Ihnen in 2 bis 3 Tagen Einblick in ein spezifisches Thema. Sie k\u00f6nnen den Kurs einfach zur Inspiration besuchen oder aber zus\u00e4tzlich mit einer angewandten Transferaufgabe abschliessen und Microcredentials erwerben, die Sie an weiterf\u00fchrende Weiterbildungen anrechnen k\u00f6nnen, beispielsweise ein <a href=\"https:\/\/www.rochester-bern.ch\/de\/cas-weiterbildung\/\" target=\"_blank\" rel=\"noopener\">Certificate of Advanced Studies (CAS)<\/a>, ein <a href=\"https:\/\/www.rochester-bern.ch\/de\/das-weiterbildung\/\" target=\"_blank\" rel=\"noopener\">Diploma of Advanced Studies (DAS)<\/a> oder ein <a href=\"https:\/\/www.rochester-bern.ch\/de\/programs\/emba\/\" target=\"_blank\" rel=\"noopener\">Executive MBA<\/a>. Die Master Classes sind so gestaltet, dass Sie sie neben Beruf und Privatleben besuchen k\u00f6nnen.<\/p>\n                            <\/div>\n        <\/div>\n    <\/div>\n<\/div>\n<div class=\"programs__wrapper post-collection program-type__masterclass block__wrapper et_pb_wly_master_class_collection_0\n            mobile-- tablet--off desktop--off\"\n     id=\"\">\n            <div class=\"container\">\n            <div class=\"row\">\n                <div class=\"col s12 l10 xl8 offset-l1 offset-xl2\">\n                    <div class=\"boxes__titel\">\n                                                    <h2 class=\"h2\">Unser Angebot an Master Classes<\/h2>\n                                                                    <\/div>\n                <\/div>\n            <\/div>\n        <\/div>\n        <div data-vue-instance>\n        <programs-loader\n                :taxonomies='[{\"slug\":\"focus\",\"visible\":true,\"label\":\"Thema\\\/Fokus\",\"terms\":[{\"name\":\"Analytik \\u0026 Daten\",\"slug\":\"analytik-daten\",\"term_id\":379,\"taxonomy\":\"focus\"},{\"name\":\"Finanzen \\u0026 Wirtschaft\",\"slug\":\"finanzen-wirtschaft\",\"term_id\":382,\"taxonomy\":\"focus\"},{\"name\":\"HR \\u0026 F\\u00fchrung\",\"slug\":\"hr-fuehrung\",\"term_id\":380,\"taxonomy\":\"focus\"},{\"name\":\"Kultur \\u0026 Diversit\\u00e4t\",\"slug\":\"kultur-diversitaet\",\"term_id\":377,\"taxonomy\":\"focus\"},{\"name\":\"Marketing, Sales \\u0026 Lieferkette\",\"slug\":\"marketing-sales-lieferkette\",\"term_id\":378,\"taxonomy\":\"focus\"},{\"name\":\"Strategie \\u0026 Innovation\",\"slug\":\"strategie-innovation\",\"term_id\":381,\"taxonomy\":\"focus\"}]},{\"slug\":\"program_master\",\"visible\":true,\"label\":\"Programm\",\"terms\":[{\"name\":\"CAS Business Intelligence \\u0026 Supply Chain\",\"slug\":\"cas-business-intelligence-supply-chain-de\",\"term_id\":396,\"taxonomy\":\"program_master\"},{\"name\":\"CAS Business Transformation \\u0026 Strategy\",\"slug\":\"cas-business-transformation-strategy-de\",\"term_id\":397,\"taxonomy\":\"program_master\"},{\"name\":\"CAS Finance \\u0026 Accounting Proficiency\",\"slug\":\"cas-finance-accounting-proficiency-de\",\"term_id\":398,\"taxonomy\":\"program_master\"},{\"name\":\"CAS Marketing \\u0026 Sales Management\",\"slug\":\"cas-marketing-sales-management-de\",\"term_id\":399,\"taxonomy\":\"program_master\"}]},{\"slug\":\"language\",\"visible\":false,\"label\":\"Sprache\",\"terms\":[{\"name\":\"Englisch\",\"slug\":\"englisch\",\"term_id\":31,\"taxonomy\":\"language\"},{\"name\":\"Deutsch\",\"slug\":\"deutsch\",\"term_id\":32,\"taxonomy\":\"language\"}]}]'\n                :load-more='true'\n                :hide-filter='false'\n                :filter-view-mode='\"taxonomies\"'\n                :paginator-options='{\"url\":\"\\\/wp-json\\\/wte\\\/paginator\\\/masterclass?teaser_title_type=h3&lang=de&per_page=10&page=0&offset=0&order_by=menu_order&t=1776879634\",\"initialPage\":0,\"lastPage\":1,\"perPage\":10,\"totalItems\":18,\"taxonomyRelationForHiddenFilter\":\"or\",\"taxonomyRelationForInactiveFilter\":\"or\",\"taxonomyRelationForActiveFilter\":\"and\",\"initialData\":null}'>\n        <\/programs-loader>\n    <\/div>\n<\/div>\n\t\t\t<\/div>\n\t\t\t\t\n\t\t\t\t\n\t\t\t\t\n\t\t\t\t\n\t\t\t<\/div>\n\t\t\t\t<\/div>\n\t\t\t<\/div>\n\t\t\t\t\n\t\t\t\t\n\t\t\t    <\/div>\n\t\t\t<\/div>\n\t\t\t\t<\/div>\n\t\t\t<\/div>\n","protected":false},"excerpt":{"rendered":"<p>Master Classes Eine\u00a0Master Class\u00a0gibt Ihnen in 2 bis&#8230;<\/p>\n","protected":false},"author":9,"featured_media":0,"parent":0,"menu_order":0,"comment_status":"closed","ping_status":"closed","template":"","meta":{"_acf_changed":false,"_et_pb_use_builder":"on","_et_pb_old_content":"","_et_gb_content_width":"","inline_featured_image":false,"footnotes":""},"class_list":["post-17662","page","type-page","status-publish","hentry"],"acf":[],"yoast_head":"<!-- This site is optimized with the Yoast SEO plugin v27.2 - https:\/\/yoast.com\/product\/yoast-seo-wordpress\/ -->\n<title>Master Class Weiterbildung | Rochester-Bern<\/title>\n<meta name=\"description\" content=\"In 2\u20133 Tagen neues Wissen in ein spezifisches Thema erlangen \u2713 DE oder EN Kurse \u2713 Microcredentials anrechenbar auf CAS, DAS &amp; EMBA\" \/>\n<meta name=\"robots\" content=\"index, follow, max-snippet:-1, max-image-preview:large, max-video-preview:-1\" \/>\n<link rel=\"canonical\" href=\"https:\/\/www.rochester-bern.ch\/de\/master-classes\/\" \/>\n<meta property=\"og:locale\" content=\"de_DE\" \/>\n<meta property=\"og:type\" content=\"article\" \/>\n<meta property=\"og:title\" content=\"Master Class Weiterbildung | Rochester-Bern\" \/>\n<meta property=\"og:description\" content=\"In 2\u20133 Tagen neues Wissen in ein spezifisches Thema erlangen \u2713 DE oder EN Kurse \u2713 Microcredentials anrechenbar auf CAS, DAS &amp; EMBA\" \/>\n<meta property=\"og:url\" content=\"https:\/\/www.rochester-bern.ch\/de\/master-classes\/\" \/>\n<meta property=\"og:site_name\" content=\"Rochester-Bern\" \/>\n<meta property=\"article:modified_time\" content=\"2026-04-10T08:18:10+00:00\" \/>\n<meta name=\"twitter:card\" content=\"summary_large_image\" \/>\n<meta name=\"twitter:label1\" content=\"Gesch\u00e4tzte Lesezeit\" \/>\n\t<meta name=\"twitter:data1\" content=\"1\u00a0Minute\" \/>\n<script type=\"application\/ld+json\" class=\"yoast-schema-graph\">{\"@context\":\"https:\/\/schema.org\",\"@graph\":[{\"@type\":\"WebPage\",\"@id\":\"https:\/\/www.rochester-bern.ch\/de\/master-classes\/\",\"url\":\"https:\/\/www.rochester-bern.ch\/de\/master-classes\/\",\"name\":\"Master Class Weiterbildung | Rochester-Bern\",\"isPartOf\":{\"@id\":\"https:\/\/rochester.incms.net\/#website\"},\"datePublished\":\"2025-06-11T08:55:56+00:00\",\"dateModified\":\"2026-04-10T08:18:10+00:00\",\"description\":\"In 2\u20133 Tagen neues Wissen in ein spezifisches Thema erlangen \u2713 DE oder EN Kurse \u2713 Microcredentials anrechenbar auf CAS, DAS & EMBA\",\"breadcrumb\":{\"@id\":\"https:\/\/www.rochester-bern.ch\/de\/master-classes\/#breadcrumb\"},\"inLanguage\":\"de\",\"potentialAction\":[{\"@type\":\"ReadAction\",\"target\":[\"https:\/\/www.rochester-bern.ch\/de\/master-classes\/\"]}]},{\"@type\":\"BreadcrumbList\",\"@id\":\"https:\/\/www.rochester-bern.ch\/de\/master-classes\/#breadcrumb\",\"itemListElement\":[{\"@type\":\"ListItem\",\"position\":1,\"name\":\"Home\",\"item\":\"https:\/\/www.rochester-bern.ch\/de\/\"},{\"@type\":\"ListItem\",\"position\":2,\"name\":\"Master Classes\"}]},{\"@type\":\"WebSite\",\"@id\":\"https:\/\/rochester.incms.net\/#website\",\"url\":\"https:\/\/rochester.incms.net\/\",\"name\":\"Rochester-Bern\",\"description\":\"Executive Programs - further Education for Executives\",\"potentialAction\":[{\"@type\":\"SearchAction\",\"target\":{\"@type\":\"EntryPoint\",\"urlTemplate\":\"https:\/\/rochester.incms.net\/?s={search_term_string}\"},\"query-input\":{\"@type\":\"PropertyValueSpecification\",\"valueRequired\":true,\"valueName\":\"search_term_string\"}}],\"inLanguage\":\"de\"}]}<\/script>\n<!-- \/ Yoast SEO plugin. -->","yoast_head_json":{"title":"Master Class Weiterbildung | Rochester-Bern","description":"In 2\u20133 Tagen neues Wissen in ein spezifisches Thema erlangen \u2713 DE oder EN Kurse \u2713 Microcredentials anrechenbar auf CAS, DAS & EMBA","robots":{"index":"index","follow":"follow","max-snippet":"max-snippet:-1","max-image-preview":"max-image-preview:large","max-video-preview":"max-video-preview:-1"},"canonical":"https:\/\/www.rochester-bern.ch\/de\/master-classes\/","og_locale":"de_DE","og_type":"article","og_title":"Master Class Weiterbildung | Rochester-Bern","og_description":"In 2\u20133 Tagen neues Wissen in ein spezifisches Thema erlangen \u2713 DE oder EN Kurse \u2713 Microcredentials anrechenbar auf CAS, DAS & EMBA","og_url":"https:\/\/www.rochester-bern.ch\/de\/master-classes\/","og_site_name":"Rochester-Bern","article_modified_time":"2026-04-10T08:18:10+00:00","twitter_card":"summary_large_image","twitter_misc":{"Gesch\u00e4tzte Lesezeit":"1\u00a0Minute"},"schema":{"@context":"https:\/\/schema.org","@graph":[{"@type":"WebPage","@id":"https:\/\/www.rochester-bern.ch\/de\/master-classes\/","url":"https:\/\/www.rochester-bern.ch\/de\/master-classes\/","name":"Master Class Weiterbildung | Rochester-Bern","isPartOf":{"@id":"https:\/\/rochester.incms.net\/#website"},"datePublished":"2025-06-11T08:55:56+00:00","dateModified":"2026-04-10T08:18:10+00:00","description":"In 2\u20133 Tagen neues Wissen in ein spezifisches Thema erlangen \u2713 DE oder EN Kurse \u2713 Microcredentials anrechenbar auf CAS, DAS & EMBA","breadcrumb":{"@id":"https:\/\/www.rochester-bern.ch\/de\/master-classes\/#breadcrumb"},"inLanguage":"de","potentialAction":[{"@type":"ReadAction","target":["https:\/\/www.rochester-bern.ch\/de\/master-classes\/"]}]},{"@type":"BreadcrumbList","@id":"https:\/\/www.rochester-bern.ch\/de\/master-classes\/#breadcrumb","itemListElement":[{"@type":"ListItem","position":1,"name":"Home","item":"https:\/\/www.rochester-bern.ch\/de\/"},{"@type":"ListItem","position":2,"name":"Master Classes"}]},{"@type":"WebSite","@id":"https:\/\/rochester.incms.net\/#website","url":"https:\/\/rochester.incms.net\/","name":"Rochester-Bern","description":"Executive Programs - further Education for Executives","potentialAction":[{"@type":"SearchAction","target":{"@type":"EntryPoint","urlTemplate":"https:\/\/rochester.incms.net\/?s={search_term_string}"},"query-input":{"@type":"PropertyValueSpecification","valueRequired":true,"valueName":"search_term_string"}}],"inLanguage":"de"}]}},"_links":{"self":[{"href":"https:\/\/www.rochester-bern.ch\/de\/wp-json\/wp\/v2\/pages\/17662","targetHints":{"allow":["GET"]}}],"collection":[{"href":"https:\/\/www.rochester-bern.ch\/de\/wp-json\/wp\/v2\/pages"}],"about":[{"href":"https:\/\/www.rochester-bern.ch\/de\/wp-json\/wp\/v2\/types\/page"}],"author":[{"embeddable":true,"href":"https:\/\/www.rochester-bern.ch\/de\/wp-json\/wp\/v2\/users\/9"}],"replies":[{"embeddable":true,"href":"https:\/\/www.rochester-bern.ch\/de\/wp-json\/wp\/v2\/comments?post=17662"}],"version-history":[{"count":11,"href":"https:\/\/www.rochester-bern.ch\/de\/wp-json\/wp\/v2\/pages\/17662\/revisions"}],"predecessor-version":[{"id":24116,"href":"https:\/\/www.rochester-bern.ch\/de\/wp-json\/wp\/v2\/pages\/17662\/revisions\/24116"}],"wp:attachment":[{"href":"https:\/\/www.rochester-bern.ch\/de\/wp-json\/wp\/v2\/media?parent=17662"}],"curies":[{"name":"wp","href":"https:\/\/api.w.org\/{rel}","templated":true}]}}