{"id":20841,"date":"2025-10-28T13:31:55","date_gmt":"2025-10-28T13:31:55","guid":{"rendered":"https:\/\/www.rochester-bern.ch\/?page_id=20841"},"modified":"2026-04-10T12:24:42","modified_gmt":"2026-04-10T11:24:42","slug":"executive-mba-flexible-weiterbildung","status":"publish","type":"page","link":"https:\/\/www.rochester-bern.ch\/de\/executive-mba-flexible-weiterbildung\/","title":{"rendered":"Rochester-Bern Executive MBA \u2013 Flexible, Berufsbegleitende Weiterbildung mit internationalem Dual Degree"},"content":{"rendered":"<div class=\"et_pb_section et_pb_section_0  et_pb_css_mix_blend_mode et_section_regular et_section_transparent\">\n\t\t\t\t\n\t\t\t\t\n\t\t\t\t\n\t\t\t\t\n\t\t\t\t\n\t\t\t\t\n\t\t\t\t<div class=\"et_pb_module_inner\">\n\t\t\t\t\t<div class=\"et_pb_section et_pb_section_0  et_pb_css_mix_blend_mode et_section_regular et_section_transparent\" >\n            <div >\n\t\t\t\t\n\t\t\t\t\n\t\t\t\t\n\t\t\t\t\n\t\t\t\t\n\t\t\t\t\n\t\t\t\t<div class=\"et_pb_row et_pb_row_0  et_pb_css_mix_blend_mode\">\n\t\t\t\t\n\t\t\t\t\n\t\t\t\t\n\t\t\t\t\n\t\t\t\t\n\t\t\t\t\n\t\t\t\t<div class=\"et_pb_module_inner\">\n\t\t\t\t\t<div class=\"row et_pb_row et_pb_row_0  et_pb_css_mix_blend_mode\">\n\t\t\t\t<div class=\"et_pb_column et_pb_column_1_1 s12 col bg--white et_pb_column_0  et_pb_css_mix_blend_mode et-last-child\">\n\t\t\t\t\n\t\t\t\t\n\t\t\t\t\n\t\t\t\t\n\t\t\t\t<style>\n            .et_pb_wly_divider_0 .divider-wly {\n                height: 60px;\n            }\n            @media screen and (max-width: 1200px) {\n                .et_pb_wly_divider_0 .divider-wly {\n                    height: 50px;\n                }\n            }\n            @media screen and (max-width: 992px) {\n                .et_pb_wly_divider_0 .divider-wly {\n                    height: 40px;\n                }\n            }\n            @media screen and (max-width: 600px) {\n                .et_pb_wly_divider_0 .divider-wly {\n                    height: 30px;\n                }\n            }\n            <\/style>\n            <div class=\"divider-wrapper et_pb_wly_divider_0\">\n                <div class=\"divider-wly\">\n                <\/div>\n            <\/div><div class=\"title__wrapper block__wrapper  text--centered   et_pb_wly_title_0\n            mobile-- tablet--off desktop--off\"\n     id=\"\">\n    <div class=\"container\">\n        <div class=\"row\">\n            <div class=\"col s12  xl10               offset-xl1  \">\n                                    <h1>Warum ein Executive MBA oder MBA bei Rochester-Bern?<\/h1>\n                                                    <div class=\"lead\">\n                        <\/p>\n<p class=\"lead\" style=\"text-align: center;\">Der Rochester-Bern Executive MBA bietet Ihnen eine einzigartige Gelegenheit, Ihre F\u00fchrungs- und Managementkompetenzen auf internationalem Niveau zu erweitern. Mit \u00fcber 30 Jahren Erfahrung steht Rochester-Bern f\u00fcr akademische Exzellenz, praxisorientiertes Lernen und globale Anerkennung. Sie erwerben einen dualen Abschluss: den Executive MBA der Universit\u00e4t Bern sowie den MBA der renommierten University of Rochester, USA.<\/p>\n<p class=\"lead\" style=\"text-align: center;\">Unser modular aufgebautes, berufsbegleitendes Programm erm\u00f6glicht es Ihnen, flexibel zu studieren und das Gelernte unmittelbar in Ihrem beruflichen Alltag anzuwenden. Die Kombination aus Pr\u00e4senzveranstaltungen in der Schweiz, einem intensiven Aufenthalt in Rochester, USA, sowie einem optionalen internationalen Seminar garantiert Ihnen eine vielseitige und ganzheitliche Ausbildung.<\/p>\n<p>\n                    <\/div>\n                            <\/div>\n        <\/div>\n    <\/div>\n<\/div>\n\t\t\t<\/div>\n\t\t\t\t\n\t\t\t\t\n\t\t\t\t\n\t\t\t\t\n\t\t\t<\/div>\n\t\t\t\t<\/div>\n\t\t\t<\/div><div class=\"et_pb_row et_pb_row_1  et_pb_css_mix_blend_mode\">\n\t\t\t\t\n\t\t\t\t\n\t\t\t\t\n\t\t\t\t\n\t\t\t\t\n\t\t\t\t\n\t\t\t\t<div class=\"et_pb_module_inner\">\n\t\t\t\t\t<div class=\"row et_pb_row et_pb_row_1  et_pb_css_mix_blend_mode\">\n\t\t\t\t<div class=\"et_pb_column et_pb_column_1_1 s12 col bg--beige et_pb_column_1  et_pb_css_mix_blend_mode et-last-child\">\n\t\t\t\t\n\t\t\t\t\n\t\t\t\t\n\t\t\t\t\n\t\t\t\t<div class=\"et_pb_text text__wrapper block__wrapper  et_pb_wly_text_0\n            mobile-- tablet--off desktop--off\"\n     id=\"\">\n    <div class=\"container\">\n        <div class=\"row\">\n            <div class=\"col s12 l10 xl8  offset-l1 offset-xl2 \">\n                                    <h2>Vorteile auf einen Blick<\/h2>\n<ul>\n<li>Internationaler, dualer Abschluss der Universit\u00e4t Bern &#038; University of Rochester (New York, USA)<\/li>\n<li>Modularer und flexibler Studienaufbau \u00fcber 1,5 bis 5 Jahre<\/li>\n<li>Praxisnahe <a href=\"https:\/\/www.rochester-bern.ch\/de\/master-classes\/\" target=\"_blank\" rel=\"noopener\">Master Classes<\/a> mit aktuellen Managementthemen<\/li>\n<li>Intensive Leadership-Entwicklung und interkulturelle Kompetenzen<\/li>\n<li>Starkes Alumni\/-ae-Netzwerk und lebenslange Weiterbildungsm\u00f6glichkeiten<\/li>\n<\/ul>\n                            <\/div>\n        <\/div>\n    <\/div>\n<\/div>\n\n\t\t\t<\/div>\n\t\t\t\t\n\t\t\t\t\n\t\t\t\t\n\t\t\t\t\n\t\t\t<\/div>\n\t\t\t\t<\/div>\n\t\t\t<\/div><div class=\"et_pb_row et_pb_row_2  et_pb_css_mix_blend_mode\">\n\t\t\t\t\n\t\t\t\t\n\t\t\t\t\n\t\t\t\t\n\t\t\t\t\n\t\t\t\t\n\t\t\t\t<div class=\"et_pb_module_inner\">\n\t\t\t\t\t<div class=\"row et_pb_row et_pb_row_2  et_pb_css_mix_blend_mode\">\n\t\t\t\t<div class=\"et_pb_column et_pb_column_1_1 s12 col bg--white et_pb_column_2  et_pb_css_mix_blend_mode et-last-child\">\n\t\t\t\t\n\t\t\t\t\n\t\t\t\t\n\t\t\t\t\n\t\t\t\t<div class=\"et_pb_text text__wrapper block__wrapper  et_pb_wly_text_1\n            mobile-- tablet--off desktop--off\"\n     id=\"\">\n    <div class=\"container\">\n        <div class=\"row\">\n            <div class=\"col s12 l10 xl8  offset-l1 offset-xl2 \">\n                                    <h2>Studienaufbau und Kerninhalte des Rochester-Bern Programms<\/h2>\n<p>Unser <a href=\"https:\/\/www.rochester-bern.ch\/de\/programs\/emba\/\" target=\"_blank\" rel=\"noopener\">Executive MBA<\/a> Programm ist modular aufgebaut und umfasst vier <a href=\"https:\/\/www.rochester-bern.ch\/de\/cas-weiterbildung\/\" target=\"_blank\" rel=\"noopener\">Certificate of Advanced Studies (CAS)<\/a>, die Sie individuell oder in beliebiger Reihenfolge absolvieren k\u00f6nnen. Insgesamt sind 18 Master Classes sowie eine Masterarbeit vorgesehen. Die Module decken zentrale Managementthemen ab und sind optimal aufeinander abgestimmt.<\/p>\n<h3>Kernmodule und Schwerpunkte<\/h3>\n<ul>\n<li><strong>Leadership &amp; Change Management:<\/strong> Entwicklung von F\u00fchrungskompetenzen in dynamischen Gesch\u00e4ftsumfeldern<\/li>\n<li><strong>Strategisches Management &amp; Innovation:<\/strong> Methoden zur Analyse und Steuerung von Unternehmenserfolg<\/li>\n<li><strong>Digitalisierung &amp; Business Transformation:<\/strong> Umgang mit disruptiven Technologien und digitalen Gesch\u00e4ftsmodellen<\/li>\n<li><strong>Finance &amp; Controlling:<\/strong> Finanzielle Steuerung und nachhaltige Unternehmensf\u00fchrung<\/li>\n<li><strong>International Business &amp; Networking:<\/strong> Globale Perspektiven und praxisorientierte Fallstudien<\/li>\n<\/ul>\n<h3>Internationale Praxis-Module<\/h3>\n<ul>\n<li>Ein intensiver, zweiw\u00f6chiger Aufenthalt an der University of Rochester (New York, USA)<\/li>\n<li>Optionales Seminar in Asien zur Vertiefung globaler Gesch\u00e4ftsstrategien<\/li>\n<\/ul>\n<p>Die praxisnahe Gestaltung unterst\u00fctzt Sie dabei, das Gelernte unmittelbar im Berufsalltag anzuwenden und komplexe Problemstellungen erfolgreich zu meistern.<\/p>\n                            <\/div>\n        <\/div>\n    <\/div>\n<\/div>\n\n\t\t\t<\/div>\n\t\t\t\t\n\t\t\t\t\n\t\t\t\t\n\t\t\t\t\n\t\t\t<\/div>\n\t\t\t\t<\/div>\n\t\t\t<\/div><div class=\"et_pb_row et_pb_row_3  et_pb_css_mix_blend_mode\">\n\t\t\t\t\n\t\t\t\t\n\t\t\t\t\n\t\t\t\t\n\t\t\t\t\n\t\t\t\t\n\t\t\t\t<div class=\"et_pb_module_inner\">\n\t\t\t\t\t<div class=\"row et_pb_row et_pb_row_3  et_pb_css_mix_blend_mode\">\n\t\t\t\t<div class=\"et_pb_column et_pb_column_1_1 s12 col bg--beige et_pb_column_3  et_pb_css_mix_blend_mode et-last-child\">\n\t\t\t\t\n\t\t\t\t\n\t\t\t\t\n\t\t\t\t\n\t\t\t\t<div class=\"et_pb_text text__wrapper block__wrapper  et_pb_wly_text_2\n            mobile-- tablet--off desktop--off\"\n     id=\"\">\n    <div class=\"container\">\n        <div class=\"row\">\n            <div class=\"col s12 l10 xl8  offset-l1 offset-xl2 \">\n                                    <h2>Zulassungsvoraussetzungen und Bewerbungsverfahren<\/h2>\n<p>Sie sind interessiert? F\u00fcr die Aufnahme des Executive MBA Programms sollten Sie folgende Kriterien erf\u00fcllen:<\/p>\n<ul>\n<li>Mindestens 5 Jahre Berufserfahrung in einer relevanten Position oder mind. 10 Jahre F\u00fchrungserfahrung<\/li>\n<li>Ein abgeschlossenes Hochschulstudium oder gleichwertige Qualifikation<\/li>\n<li>\u00dcberdurchschnittliches Engagement und F\u00fchrungsambitionen<\/li>\n<li>Fliessende Englischkenntnisse, da die Unterrichtssprache Englisch ist<\/li>\n<li>Ausreichende zeitliche Flexibilit\u00e4t, um die Pr\u00e4senzphasen zu absolvieren<\/li>\n<\/ul>\n<h3>Wie l\u00e4uft der Bewerbungsprozess ab?<\/h3>\n<ol>\n<li>Online-Bewerbung mit Lebenslauf und Motivationsschreiben<\/li>\n<li>Aufnahmegespr\u00e4che<\/li>\n<li>Entscheidung und Zulassung durch die Studienkommission<\/li>\n<\/ol>\n<p>Die Bewerbungsfrist endet am 15. Dezember 2025. Wir empfehlen eine fr\u00fchzeitige Bewerbung zur Sicherung Ihres Studienplatzes.<\/p>\n                            <\/div>\n        <\/div>\n    <\/div>\n<\/div>\n\n\t\t\t<\/div>\n\t\t\t\t\n\t\t\t\t\n\t\t\t\t\n\t\t\t\t\n\t\t\t<\/div>\n\t\t\t\t<\/div>\n\t\t\t<\/div><div class=\"et_pb_row et_pb_row_4  et_pb_css_mix_blend_mode\">\n\t\t\t\t\n\t\t\t\t\n\t\t\t\t\n\t\t\t\t\n\t\t\t\t\n\t\t\t\t\n\t\t\t\t<div class=\"et_pb_module_inner\">\n\t\t\t\t\t<div class=\"row et_pb_row et_pb_row_4  et_pb_css_mix_blend_mode\">\n\t\t\t\t<div class=\"et_pb_column et_pb_column_1_1 s12 col bg--white et_pb_column_4  et_pb_css_mix_blend_mode et-last-child\">\n\t\t\t\t\n\t\t\t\t\n\t\t\t\t\n\t\t\t\t\n\t\t\t\t<div class=\"et_pb_text text__wrapper block__wrapper  et_pb_wly_text_3\n            mobile-- tablet--off desktop--off\"\n     id=\"\">\n    <div class=\"container\">\n        <div class=\"row\">\n            <div class=\"col s12 l10 xl8  offset-l1 offset-xl2 \">\n                                    <h2>Starten Sie Ihre Karriere mit dem Rochester-Bern Executive MBA<\/h2>\n<p>Bereiten Sie den Grundstein f\u00fcr Ihre weitere Karriereentwicklung. Fordern Sie jetzt kostenlose Informationsmaterialien an, buchen Sie eine pers\u00f6nliche Studienberatung oder melden Sie sich direkt f\u00fcr den n\u00e4chsten Studienstart im Januar 2026 an.<\/p>\n<h3><strong>Ihre n\u00e4chsten Schritte:<\/strong><\/h3>\n<p><a href=\"?omodal=NDU2Mw\">Factsheet herunterladen \u2192<\/a><\/p>\n<p><a href=\"https:\/\/calendly.com\/emba-consultation\/personal-consultation?month=2024-03\" target=\"_blank\" rel=\"noopener\">Pers\u00f6nliche Beratung buchen \u2192<\/a><\/p>\n<p><a href=\"https:\/\/www.rochester-bern.ch\/de\/programs\/emba\/#anmeldung\" target=\"_blank\" rel=\"noopener\">Direkt online anmelden \u2192<\/a><\/p>\n                            <\/div>\n        <\/div>\n    <\/div>\n<\/div>\n<div class=\"team__wrapper post-collection block__wrapper team-bg--bluer et_pb_wly_teams_collection_0\n            mobile-- tablet--off desktop--off\"\n     id=\"\">\n            <div class=\"container\">\n            <div class=\"row\">\n                <div class=\"col s12 l10 xl8 offset-l1 offset-xl2\">\n                    <div class=\"boxes__titel\">\n                                                    <h2 class=\"h2\">Kontaktieren Sie uns!<\/h2>\n                                                                            <div class=\"lead\"><\/p>\n<div class=\"lead\">\n<p>Haben Sie Fragen zum Programm? Unser Team beantwortet sie gerne.<\/p>\n<\/div>\n<p><\/div>\n                                            <\/div>\n                <\/div>\n            <\/div>\n        <\/div>\n\n    \n    <div data-vue-instance>\n        <teams-loader\n                :taxonomies='[{\"slug\":\"section\",\"visible\":true,\"label\":\"Bereich\",\"terms\":[{\"name\":\"Executive MBA\",\"slug\":\"executive-mba-de\",\"term_id\":239,\"taxonomy\":\"section\"}]}]'\n                :custom-preview-mail='\"executives@rochester-bern.ch\"'\n                :load-more='false'\n                :hide-filter='true'\n                :filter-view-mode='\"taxonomies\"'\n                :paginator-options='{\"url\":\"\\\/wp-json\\\/wte\\\/paginator\\\/team?teaser_title_type=h3&lang=de&per_page=10&page=0&offset=0&terms%5Bsection%5D%5B0%5D=239&order_by=menu_order&t=1776856258\",\"initialPage\":0,\"lastPage\":0,\"perPage\":10,\"totalItems\":2,\"taxonomyRelationForHiddenFilter\":\"or\",\"taxonomyRelationForInactiveFilter\":\"or\",\"taxonomyRelationForActiveFilter\":\"and\",\"initialData\":null}'>\n        <\/teams-loader>\n    <\/div>\n<\/div>\n\n\t\t\t<\/div>\n\t\t\t\t\n\t\t\t\t\n\t\t\t\t\n\t\t\t\t\n\t\t\t<\/div>\n\t\t\t\t<\/div>\n\t\t\t<\/div>\n\t\t\t\t\n\t\t\t\t\n\t\t\t    <\/div>\n\t\t\t<\/div>\n\t\t\t\t<\/div>\n\t\t\t<\/div>\n","protected":false},"excerpt":{"rendered":"<p>Warum ein Executive MBA oder MBA bei Rochester-Bern?&#8230;<\/p>\n","protected":false},"author":9,"featured_media":0,"parent":0,"menu_order":0,"comment_status":"closed","ping_status":"closed","template":"","meta":{"_acf_changed":false,"_et_pb_use_builder":"on","_et_pb_old_content":"","_et_gb_content_width":"","inline_featured_image":false,"footnotes":""},"class_list":["post-20841","page","type-page","status-publish","hentry"],"acf":[],"yoast_head":"<!-- This site is optimized with the Yoast SEO plugin v27.2 - https:\/\/yoast.com\/product\/yoast-seo-wordpress\/ -->\n<title>Rochester-Bern Executive MBA \u2013 Flexible, Berufsbegleitende Weiterbildung mit internationalem Dual Degree &#8211; Rochester-Bern<\/title>\n<meta name=\"robots\" content=\"index, follow, max-snippet:-1, max-image-preview:large, max-video-preview:-1\" \/>\n<link rel=\"canonical\" href=\"https:\/\/www.rochester-bern.ch\/de\/executive-mba-flexible-weiterbildung\/\" \/>\n<meta property=\"og:locale\" content=\"de_DE\" \/>\n<meta property=\"og:type\" content=\"article\" \/>\n<meta property=\"og:title\" content=\"Rochester-Bern Executive MBA \u2013 Flexible, Berufsbegleitende Weiterbildung mit internationalem Dual Degree &#8211; Rochester-Bern\" \/>\n<meta property=\"og:description\" content=\"Warum ein Executive MBA oder MBA bei Rochester-Bern?...\" \/>\n<meta property=\"og:url\" content=\"https:\/\/www.rochester-bern.ch\/de\/executive-mba-flexible-weiterbildung\/\" \/>\n<meta property=\"og:site_name\" content=\"Rochester-Bern\" \/>\n<meta property=\"article:modified_time\" content=\"2026-04-10T11:24:42+00:00\" \/>\n<meta name=\"twitter:card\" content=\"summary_large_image\" \/>\n<meta name=\"twitter:label1\" content=\"Gesch\u00e4tzte Lesezeit\" \/>\n\t<meta name=\"twitter:data1\" content=\"3\u00a0Minuten\" \/>\n<script type=\"application\/ld+json\" class=\"yoast-schema-graph\">{\"@context\":\"https:\/\/schema.org\",\"@graph\":[{\"@type\":\"WebPage\",\"@id\":\"https:\/\/www.rochester-bern.ch\/de\/executive-mba-flexible-weiterbildung\/\",\"url\":\"https:\/\/www.rochester-bern.ch\/de\/executive-mba-flexible-weiterbildung\/\",\"name\":\"Rochester-Bern Executive MBA \u2013 Flexible, Berufsbegleitende Weiterbildung mit internationalem Dual Degree &#8211; Rochester-Bern\",\"isPartOf\":{\"@id\":\"https:\/\/rochester.incms.net\/#website\"},\"datePublished\":\"2025-10-28T13:31:55+00:00\",\"dateModified\":\"2026-04-10T11:24:42+00:00\",\"breadcrumb\":{\"@id\":\"https:\/\/www.rochester-bern.ch\/de\/executive-mba-flexible-weiterbildung\/#breadcrumb\"},\"inLanguage\":\"de\",\"potentialAction\":[{\"@type\":\"ReadAction\",\"target\":[\"https:\/\/www.rochester-bern.ch\/de\/executive-mba-flexible-weiterbildung\/\"]}]},{\"@type\":\"BreadcrumbList\",\"@id\":\"https:\/\/www.rochester-bern.ch\/de\/executive-mba-flexible-weiterbildung\/#breadcrumb\",\"itemListElement\":[{\"@type\":\"ListItem\",\"position\":1,\"name\":\"Home\",\"item\":\"https:\/\/www.rochester-bern.ch\/de\/\"},{\"@type\":\"ListItem\",\"position\":2,\"name\":\"Rochester-Bern Executive MBA \u2013 Flexible, Berufsbegleitende Weiterbildung mit internationalem Dual Degree\"}]},{\"@type\":\"WebSite\",\"@id\":\"https:\/\/rochester.incms.net\/#website\",\"url\":\"https:\/\/rochester.incms.net\/\",\"name\":\"Rochester-Bern\",\"description\":\"Executive Programs - further Education for Executives\",\"potentialAction\":[{\"@type\":\"SearchAction\",\"target\":{\"@type\":\"EntryPoint\",\"urlTemplate\":\"https:\/\/rochester.incms.net\/?s={search_term_string}\"},\"query-input\":{\"@type\":\"PropertyValueSpecification\",\"valueRequired\":true,\"valueName\":\"search_term_string\"}}],\"inLanguage\":\"de\"}]}<\/script>\n<!-- \/ Yoast SEO plugin. -->","yoast_head_json":{"title":"Rochester-Bern Executive MBA \u2013 Flexible, Berufsbegleitende Weiterbildung mit internationalem Dual Degree &#8211; Rochester-Bern","robots":{"index":"index","follow":"follow","max-snippet":"max-snippet:-1","max-image-preview":"max-image-preview:large","max-video-preview":"max-video-preview:-1"},"canonical":"https:\/\/www.rochester-bern.ch\/de\/executive-mba-flexible-weiterbildung\/","og_locale":"de_DE","og_type":"article","og_title":"Rochester-Bern Executive MBA \u2013 Flexible, Berufsbegleitende Weiterbildung mit internationalem Dual Degree &#8211; Rochester-Bern","og_description":"Warum ein Executive MBA oder MBA bei Rochester-Bern?...","og_url":"https:\/\/www.rochester-bern.ch\/de\/executive-mba-flexible-weiterbildung\/","og_site_name":"Rochester-Bern","article_modified_time":"2026-04-10T11:24:42+00:00","twitter_card":"summary_large_image","twitter_misc":{"Gesch\u00e4tzte Lesezeit":"3\u00a0Minuten"},"schema":{"@context":"https:\/\/schema.org","@graph":[{"@type":"WebPage","@id":"https:\/\/www.rochester-bern.ch\/de\/executive-mba-flexible-weiterbildung\/","url":"https:\/\/www.rochester-bern.ch\/de\/executive-mba-flexible-weiterbildung\/","name":"Rochester-Bern Executive MBA \u2013 Flexible, Berufsbegleitende Weiterbildung mit internationalem Dual Degree &#8211; Rochester-Bern","isPartOf":{"@id":"https:\/\/rochester.incms.net\/#website"},"datePublished":"2025-10-28T13:31:55+00:00","dateModified":"2026-04-10T11:24:42+00:00","breadcrumb":{"@id":"https:\/\/www.rochester-bern.ch\/de\/executive-mba-flexible-weiterbildung\/#breadcrumb"},"inLanguage":"de","potentialAction":[{"@type":"ReadAction","target":["https:\/\/www.rochester-bern.ch\/de\/executive-mba-flexible-weiterbildung\/"]}]},{"@type":"BreadcrumbList","@id":"https:\/\/www.rochester-bern.ch\/de\/executive-mba-flexible-weiterbildung\/#breadcrumb","itemListElement":[{"@type":"ListItem","position":1,"name":"Home","item":"https:\/\/www.rochester-bern.ch\/de\/"},{"@type":"ListItem","position":2,"name":"Rochester-Bern Executive MBA \u2013 Flexible, Berufsbegleitende Weiterbildung mit internationalem Dual Degree"}]},{"@type":"WebSite","@id":"https:\/\/rochester.incms.net\/#website","url":"https:\/\/rochester.incms.net\/","name":"Rochester-Bern","description":"Executive Programs - further Education for Executives","potentialAction":[{"@type":"SearchAction","target":{"@type":"EntryPoint","urlTemplate":"https:\/\/rochester.incms.net\/?s={search_term_string}"},"query-input":{"@type":"PropertyValueSpecification","valueRequired":true,"valueName":"search_term_string"}}],"inLanguage":"de"}]}},"_links":{"self":[{"href":"https:\/\/www.rochester-bern.ch\/de\/wp-json\/wp\/v2\/pages\/20841","targetHints":{"allow":["GET"]}}],"collection":[{"href":"https:\/\/www.rochester-bern.ch\/de\/wp-json\/wp\/v2\/pages"}],"about":[{"href":"https:\/\/www.rochester-bern.ch\/de\/wp-json\/wp\/v2\/types\/page"}],"author":[{"embeddable":true,"href":"https:\/\/www.rochester-bern.ch\/de\/wp-json\/wp\/v2\/users\/9"}],"replies":[{"embeddable":true,"href":"https:\/\/www.rochester-bern.ch\/de\/wp-json\/wp\/v2\/comments?post=20841"}],"version-history":[{"count":22,"href":"https:\/\/www.rochester-bern.ch\/de\/wp-json\/wp\/v2\/pages\/20841\/revisions"}],"predecessor-version":[{"id":24153,"href":"https:\/\/www.rochester-bern.ch\/de\/wp-json\/wp\/v2\/pages\/20841\/revisions\/24153"}],"wp:attachment":[{"href":"https:\/\/www.rochester-bern.ch\/de\/wp-json\/wp\/v2\/media?parent=20841"}],"curies":[{"name":"wp","href":"https:\/\/api.w.org\/{rel}","templated":true}]}}