{"id":23219,"date":"2026-03-17T15:13:22","date_gmt":"2026-03-17T14:13:22","guid":{"rendered":"https:\/\/www.rochester-bern.ch\/?page_id=23219"},"modified":"2026-04-02T09:55:32","modified_gmt":"2026-04-02T08:55:32","slug":"anmeldeformular-vr-programme","status":"publish","type":"page","link":"https:\/\/www.rochester-bern.ch\/de\/anmeldeformular-vr-programme\/","title":{"rendered":"Anmeldeformular VR-Programme"},"content":{"rendered":"<div class=\"et_pb_section et_pb_section_0  et_pb_css_mix_blend_mode et_section_regular et_section_transparent\">\n\t\t\t\t\n\t\t\t\t\n\t\t\t\t\n\t\t\t\t\n\t\t\t\t\n\t\t\t\t\n\t\t\t\t<div class=\"et_pb_module_inner\">\n\t\t\t\t\t<div class=\"et_pb_section et_pb_section_0  et_pb_css_mix_blend_mode et_section_regular et_section_transparent\" >\n            <div >\n\t\t\t\t\n\t\t\t\t\n\t\t\t\t\n\t\t\t\t\n\t\t\t\t\n\t\t\t\t\n\t\t\t\t<div class=\"et_pb_row et_pb_row_0  et_pb_css_mix_blend_mode\">\n\t\t\t\t\n\t\t\t\t\n\t\t\t\t\n\t\t\t\t\n\t\t\t\t\n\t\t\t\t\n\t\t\t\t<div class=\"et_pb_module_inner\">\n\t\t\t\t\t<div class=\"row et_pb_row et_pb_row_0  et_pb_css_mix_blend_mode\">\n\t\t\t\t<div class=\"et_pb_column et_pb_column_1_1 s12 col bg--white et_pb_column_0  et_pb_css_mix_blend_mode et-last-child\">\n\t\t\t\t\n\t\t\t\t\n\t\t\t\t\n\t\t\t\t\n\t\t\t\t<div class=\"et_pb_text text__wrapper block__wrapper  et_pb_wly_text_0\n            mobile-- tablet--off desktop--off\"\n     id=\"\">\n    <div class=\"container\">\n        <div class=\"row\">\n            <div class=\"col s12 l10 xl8  offset-l1 offset-xl2 \">\n                                    <h1 style=\"text-align: center;\">Anmeldung Weiterbildung<\/h1>\n<p>Wir freuen uns \u00fcber Ihr Interesse an einer Weiterbildung bei Rochester-Bern Executive Programs. Anmeldungen nehmen wir ausschliesslich \u00fcber dieses Formular entgegen. Sie ben\u00f6tigen folgende Unterlagen:<\/p>\n<ul>\n<li>Portr\u00e4tfoto (.jpg, .jpeg oder .png, m\u00f6glichst hohe Aufl\u00f6sung)<\/li>\n<li>Aktueller Lebenslauf (.pdf)<\/li>\n<li>Zeugnisse\/Diplome des h\u00f6chsten Abschlusses (.pdf)<\/li>\n<li>Kopie von Pass oder ID f\u00fcr die Universit\u00e4tsregistrierung (Vorder- und R\u00fcckseite)<\/li>\n<li>Ausgef\u00fclltes Motivationsschreiben (<a href=\"https:\/\/www.rochester-bern.ch\/app\/uploads\/2026\/03\/Motivationsschreiben.pdf\">Vorlage hier herunterladen<\/a>)<\/li>\n<\/ul>\n<p>Bitte beachten Sie, dass das Anmeldeformular nicht zwischengespeichert werden kann. Bei Fragen stehen wir unter <a aria-label=\"Link recruiting@rochester-bern.ch\" id=\"menur50m\" href=\"mailto:recruiting@rochester-bern.ch\" rel=\"noreferrer noopener\" target=\"_blank\" class=\"fui-Link ___1q1shib f2hkw1w f3rmtva f1ewtqcl fyind8e f1k6fduh f1w7gpdv fk6fouc fjoy568 figsok6 f1s184ao f1mk8lai fnbmjn9 f1o700av f13mvf36 f1cmlufx f9n3di6 f1ids18y f1tx3yz7 f1deo86v f1eh06m1 f1iescvh fhgqx19 f1olyrje f1p93eir f1nev41a f1h8hb77 f1lqvz6u f10aw75t fsle3fq f17ae5zn\" title=\"mailto:recruiting@rochester-bern.ch\">recruiting@rochester-bern.ch<\/a> gerne zur Verf\u00fcgung.<\/p>\n                            <\/div>\n        <\/div>\n    <\/div>\n<\/div>\n<div class=\"dynamics-form__wrapper block__wrapper et_pb_wly_form_dynamics_0\n            mobile-- tablet--off desktop--off\"\n     id=\"\">\n    <div class=\"container\">\n        \n        <div class=\"dynamics-form__inner\">\n            <div\n                data-form-id=\"6cf15327-dc2d-f111-88b4-7ced8d444963\"\n                data-form-api-url=\"https:\/\/public-che.mkt.dynamics.com\/api\/v1.0\/orgs\/df98c54a-4e85-ef11-ac1e-6045bd29ee4e\/landingpageforms\"\n                data-cached-form-url=\"https:\/\/assets1-che.mkt.dynamics.com\/df98c54a-4e85-ef11-ac1e-6045bd29ee4e\/digitalassets\/forms\/6cf15327-dc2d-f111-88b4-7ced8d444963\"><\/div>\n            <script src=\"https:\/\/cxppusa1formui01cdnsa01-endpoint.azureedge.net\/che\/FormLoader\/FormLoader.bundle.js\"><\/script>\n        <\/div>\n    <\/div>\n<\/div>\n<div class=\"team__wrapper post-collection block__wrapper team-bg--bluer et_pb_wly_teams_collection_0\n            mobile-- tablet--off desktop--off\"\n     id=\"\">\n            <div class=\"container\">\n            <div class=\"row\">\n                <div class=\"col s12 l10 xl8 offset-l1 offset-xl2\">\n                    <div class=\"boxes__titel\">\n                                                    <h2 class=\"h2\">Kontaktieren Sie uns!<\/h2>\n                                                                            <div class=\"lead\"><\/p>\n<p>Haben Sie Fragen zur Anmeldung oder zum Weiterbildungsprogramm? Z\u00f6gern Sie nicht, uns zu kontaktieren.<\/p>\n<p><\/div>\n                                            <\/div>\n                <\/div>\n            <\/div>\n        <\/div>\n\n    \n    <div data-vue-instance>\n        <teams-loader\n                :taxonomies='[{\"slug\":\"section\",\"visible\":true,\"label\":\"Bereich\",\"terms\":[{\"name\":\"CAS Verwaltungsrat\",\"slug\":\"cas-verwaltungsrat\",\"term_id\":243,\"taxonomy\":\"section\"}]}]'\n                :custom-preview-mail='\"boards@rochester-bern.ch\"'\n                :load-more='false'\n                :hide-filter='true'\n                :filter-view-mode='\"taxonomies\"'\n                :paginator-options='{\"url\":\"\\\/wp-json\\\/wte\\\/paginator\\\/team?teaser_title_type=h6&lang=de&per_page=10&page=0&offset=0&terms%5Bsection%5D%5B0%5D=243&order_by=menu_order&t=1776210311\",\"initialPage\":0,\"lastPage\":0,\"perPage\":10,\"totalItems\":3,\"taxonomyRelationForHiddenFilter\":\"or\",\"taxonomyRelationForInactiveFilter\":\"or\",\"taxonomyRelationForActiveFilter\":\"and\",\"initialData\":null}'>\n        <\/teams-loader>\n    <\/div>\n<\/div>\n\n\t\t\t<\/div>\n\t\t\t\t\n\t\t\t\t\n\t\t\t\t\n\t\t\t\t\n\t\t\t<\/div>\n\t\t\t\t<\/div>\n\t\t\t<\/div>\n\t\t\t\t\n\t\t\t\t\n\t\t\t    <\/div>\n\t\t\t<\/div>\n\t\t\t\t<\/div>\n\t\t\t<\/div>\n","protected":false},"excerpt":{"rendered":"<p>Anmeldung Weiterbildung Wir freuen uns \u00fcber Ihr&#8230;<\/p>\n","protected":false},"author":9,"featured_media":0,"parent":0,"menu_order":0,"comment_status":"closed","ping_status":"closed","template":"","meta":{"_acf_changed":false,"_et_pb_use_builder":"on","_et_pb_old_content":"","_et_gb_content_width":"","inline_featured_image":false,"footnotes":""},"class_list":["post-23219","page","type-page","status-publish","hentry"],"acf":[],"yoast_head":"<!-- This site is optimized with the Yoast SEO plugin v27.2 - https:\/\/yoast.com\/product\/yoast-seo-wordpress\/ -->\n<title>Anmeldeformular VR-Programme &#8211; Rochester-Bern<\/title>\n<meta name=\"robots\" content=\"noindex, nofollow\" \/>\n<meta property=\"og:locale\" content=\"de_DE\" \/>\n<meta property=\"og:type\" content=\"article\" \/>\n<meta property=\"og:title\" content=\"Anmeldeformular VR-Programme &#8211; Rochester-Bern\" \/>\n<meta property=\"og:description\" content=\"Anmeldung Weiterbildung Wir freuen uns \u00fcber Ihr...\" \/>\n<meta property=\"og:url\" content=\"https:\/\/www.rochester-bern.ch\/de\/anmeldeformular-vr-programme\/\" \/>\n<meta property=\"og:site_name\" content=\"Rochester-Bern\" \/>\n<meta property=\"article:modified_time\" content=\"2026-04-02T08:55:32+00:00\" \/>\n<meta name=\"twitter:card\" content=\"summary_large_image\" \/>\n<meta name=\"twitter:label1\" content=\"Gesch\u00e4tzte Lesezeit\" \/>\n\t<meta name=\"twitter:data1\" content=\"1\u00a0Minute\" \/>\n<script type=\"application\/ld+json\" class=\"yoast-schema-graph\">{\"@context\":\"https:\/\/schema.org\",\"@graph\":[{\"@type\":\"WebPage\",\"@id\":\"https:\/\/www.rochester-bern.ch\/de\/anmeldeformular-vr-programme\/\",\"url\":\"https:\/\/www.rochester-bern.ch\/de\/anmeldeformular-vr-programme\/\",\"name\":\"Anmeldeformular VR-Programme &#8211; Rochester-Bern\",\"isPartOf\":{\"@id\":\"https:\/\/rochester.incms.net\/#website\"},\"datePublished\":\"2026-03-17T14:13:22+00:00\",\"dateModified\":\"2026-04-02T08:55:32+00:00\",\"breadcrumb\":{\"@id\":\"https:\/\/www.rochester-bern.ch\/de\/anmeldeformular-vr-programme\/#breadcrumb\"},\"inLanguage\":\"de\",\"potentialAction\":[{\"@type\":\"ReadAction\",\"target\":[\"https:\/\/www.rochester-bern.ch\/de\/anmeldeformular-vr-programme\/\"]}]},{\"@type\":\"BreadcrumbList\",\"@id\":\"https:\/\/www.rochester-bern.ch\/de\/anmeldeformular-vr-programme\/#breadcrumb\",\"itemListElement\":[{\"@type\":\"ListItem\",\"position\":1,\"name\":\"Home\",\"item\":\"https:\/\/www.rochester-bern.ch\/de\/\"},{\"@type\":\"ListItem\",\"position\":2,\"name\":\"Anmeldeformular VR-Programme\"}]},{\"@type\":\"WebSite\",\"@id\":\"https:\/\/rochester.incms.net\/#website\",\"url\":\"https:\/\/rochester.incms.net\/\",\"name\":\"Rochester-Bern\",\"description\":\"Executive Programs - further Education for Executives\",\"potentialAction\":[{\"@type\":\"SearchAction\",\"target\":{\"@type\":\"EntryPoint\",\"urlTemplate\":\"https:\/\/rochester.incms.net\/?s={search_term_string}\"},\"query-input\":{\"@type\":\"PropertyValueSpecification\",\"valueRequired\":true,\"valueName\":\"search_term_string\"}}],\"inLanguage\":\"de\"}]}<\/script>\n<!-- \/ Yoast SEO plugin. -->","yoast_head_json":{"title":"Anmeldeformular VR-Programme &#8211; Rochester-Bern","robots":{"index":"noindex","follow":"nofollow"},"og_locale":"de_DE","og_type":"article","og_title":"Anmeldeformular VR-Programme &#8211; Rochester-Bern","og_description":"Anmeldung Weiterbildung Wir freuen uns \u00fcber Ihr...","og_url":"https:\/\/www.rochester-bern.ch\/de\/anmeldeformular-vr-programme\/","og_site_name":"Rochester-Bern","article_modified_time":"2026-04-02T08:55:32+00:00","twitter_card":"summary_large_image","twitter_misc":{"Gesch\u00e4tzte Lesezeit":"1\u00a0Minute"},"schema":{"@context":"https:\/\/schema.org","@graph":[{"@type":"WebPage","@id":"https:\/\/www.rochester-bern.ch\/de\/anmeldeformular-vr-programme\/","url":"https:\/\/www.rochester-bern.ch\/de\/anmeldeformular-vr-programme\/","name":"Anmeldeformular VR-Programme &#8211; Rochester-Bern","isPartOf":{"@id":"https:\/\/rochester.incms.net\/#website"},"datePublished":"2026-03-17T14:13:22+00:00","dateModified":"2026-04-02T08:55:32+00:00","breadcrumb":{"@id":"https:\/\/www.rochester-bern.ch\/de\/anmeldeformular-vr-programme\/#breadcrumb"},"inLanguage":"de","potentialAction":[{"@type":"ReadAction","target":["https:\/\/www.rochester-bern.ch\/de\/anmeldeformular-vr-programme\/"]}]},{"@type":"BreadcrumbList","@id":"https:\/\/www.rochester-bern.ch\/de\/anmeldeformular-vr-programme\/#breadcrumb","itemListElement":[{"@type":"ListItem","position":1,"name":"Home","item":"https:\/\/www.rochester-bern.ch\/de\/"},{"@type":"ListItem","position":2,"name":"Anmeldeformular VR-Programme"}]},{"@type":"WebSite","@id":"https:\/\/rochester.incms.net\/#website","url":"https:\/\/rochester.incms.net\/","name":"Rochester-Bern","description":"Executive Programs - further Education for Executives","potentialAction":[{"@type":"SearchAction","target":{"@type":"EntryPoint","urlTemplate":"https:\/\/rochester.incms.net\/?s={search_term_string}"},"query-input":{"@type":"PropertyValueSpecification","valueRequired":true,"valueName":"search_term_string"}}],"inLanguage":"de"}]}},"_links":{"self":[{"href":"https:\/\/www.rochester-bern.ch\/de\/wp-json\/wp\/v2\/pages\/23219","targetHints":{"allow":["GET"]}}],"collection":[{"href":"https:\/\/www.rochester-bern.ch\/de\/wp-json\/wp\/v2\/pages"}],"about":[{"href":"https:\/\/www.rochester-bern.ch\/de\/wp-json\/wp\/v2\/types\/page"}],"author":[{"embeddable":true,"href":"https:\/\/www.rochester-bern.ch\/de\/wp-json\/wp\/v2\/users\/9"}],"replies":[{"embeddable":true,"href":"https:\/\/www.rochester-bern.ch\/de\/wp-json\/wp\/v2\/comments?post=23219"}],"version-history":[{"count":9,"href":"https:\/\/www.rochester-bern.ch\/de\/wp-json\/wp\/v2\/pages\/23219\/revisions"}],"predecessor-version":[{"id":23552,"href":"https:\/\/www.rochester-bern.ch\/de\/wp-json\/wp\/v2\/pages\/23219\/revisions\/23552"}],"wp:attachment":[{"href":"https:\/\/www.rochester-bern.ch\/de\/wp-json\/wp\/v2\/media?parent=23219"}],"curies":[{"name":"wp","href":"https:\/\/api.w.org\/{rel}","templated":true}]}}