{"id":4546,"date":"2022-12-23T13:47:27","date_gmt":"2022-12-23T13:47:27","guid":{"rendered":"https:\/\/www.rochester-bern.ch\/ueber-robe\/team\/"},"modified":"2025-11-04T07:18:00","modified_gmt":"2025-11-04T07:18:00","slug":"team","status":"publish","type":"page","link":"https:\/\/www.rochester-bern.ch\/de\/team\/","title":{"rendered":"Team"},"content":{"rendered":"<div class=\"et_pb_section et_pb_section_0  et_pb_css_mix_blend_mode et_section_regular et_section_transparent\">\n\t\t\t\t\n\t\t\t\t\n\t\t\t\t\n\t\t\t\t\n\t\t\t\t\n\t\t\t\t\n\t\t\t\t<div class=\"et_pb_module_inner\">\n\t\t\t\t\t<div class=\"et_pb_section et_pb_section_0  et_pb_css_mix_blend_mode et_section_regular et_section_transparent\" >\n            <div >\n\t\t\t\t\n\t\t\t\t\n\t\t\t\t\n\t\t\t\t\n\t\t\t\t\n\t\t\t\t\n\t\t\t\t<div class=\"et_pb_row et_pb_row_0  et_pb_css_mix_blend_mode\">\n\t\t\t\t\n\t\t\t\t\n\t\t\t\t\n\t\t\t\t\n\t\t\t\t\n\t\t\t\t\n\t\t\t\t<div class=\"et_pb_module_inner\">\n\t\t\t\t\t<div class=\"row et_pb_row et_pb_row_0  et_pb_css_mix_blend_mode\">\n\t\t\t\t<div class=\"et_pb_column et_pb_column_1_1 s12 col bg--white et_pb_column_0  et_pb_css_mix_blend_mode et-last-child\">\n\t\t\t\t\n\t\t\t\t\n\t\t\t\t\n\t\t\t\t\n\t\t\t\t<div class=\"header-title-image block__wrapper header_type--normal et_pb_wly_header_titel_image_0\n            mobile-- tablet--off desktop--off\"\n     id=\"\">\n            <div class=\"container\">\n            <div class=\"header-title-image__wrapper\">\n            <div class=\"header-title-image__image\">\n                <div class=\"header-title-image__image__inner objectfitter\">\n                                        <img decoding=\"async\" title=\"Team Mitglieder von Rochester-Bern\" alt=\"Team Mitglieder von Rochester-Bern, Erfolgreiche Unternehmenskultur\" src=\"\/img\/2022\/12\/20220627_headerpicture_meet_our_team.jpg?w=1920&amp;h=1443&amp;fit=crop&amp;fm=webp&amp;q=90&amp;sharp=4&amp;blur=0&amp;s=a4af76c76d42b8180b8ba591402cef14\" srcset=\"\/img\/2022\/12\/20220627_headerpicture_meet_our_team.jpg?w=600&amp;h=451&amp;fit=crop&amp;fm=webp&amp;q=90&amp;sharp=4&amp;blur=0&amp;s=bba0735735d0f0dd61b0a3df2582e317 600w,\/img\/2022\/12\/20220627_headerpicture_meet_our_team.jpg?w=767&amp;h=576&amp;fit=crop&amp;fm=webp&amp;q=90&amp;sharp=4&amp;blur=0&amp;s=0045ee71c912d6a17b242b6490bf939f 767w,\/img\/2022\/12\/20220627_headerpicture_meet_our_team.jpg?w=992&amp;h=745&amp;fit=crop&amp;fm=webp&amp;q=90&amp;sharp=4&amp;blur=0&amp;s=fe92efd46824ecdb0da238fec092072d 992w,\/img\/2022\/12\/20220627_headerpicture_meet_our_team.jpg?w=1200&amp;h=902&amp;fit=crop&amp;fm=webp&amp;q=90&amp;sharp=4&amp;blur=0&amp;s=2886caf695381c477863c79b5d773de2 1200w,\/img\/2022\/12\/20220627_headerpicture_meet_our_team.jpg?w=1500&amp;h=1127&amp;fit=crop&amp;fm=webp&amp;q=90&amp;sharp=4&amp;blur=0&amp;s=e22e1cff0bfe9c36768b17d95a2ed58c 1500w,\/img\/2022\/12\/20220627_headerpicture_meet_our_team.jpg?w=1920&amp;h=1443&amp;fit=crop&amp;fm=webp&amp;q=90&amp;sharp=4&amp;blur=0&amp;s=a4af76c76d42b8180b8ba591402cef14 1920w\" sizes=\"(max-width: 600px) 600px,(max-width: 767px) 767px,(max-width: 992px) 992px,(max-width: 1200px) 1200px,(max-width: 1500px) 1500px,1920px\" \/>\n                                    <\/div>\n            <\/div>\n                            \n                <div class=\"header-title-image__content\">\n                    <div class=\"row\">\n                        <div class=\"col s12 m8\">\n                            <div class=\"header-title-image__inner\">\n                                                                <h1>Lernen Sie unser Team kennen<\/h1>\n                                                                    <div class=\"header-title-image__text\">Gerne helfen wir Ihnen bei Anfragen weiter <\/div>\n                                                                                                    <div class=\"lead\">Unser Team bietet Ihnen einen hervorragenden Kundenservice. Wir sind bestrebt, individuelle L\u00f6sungen zu finden, um die erfolgreiche Durchf\u00fchrung Ihres Programms zu unterst\u00fctzen.<br \/>\n<\/div>\n                                                                                            <\/div>\n                        <\/div>\n                    <\/div>\n                <\/div>\n                    <\/div>\n            <\/div>\n    <\/div>\n\n\t\t\t<\/div>\n\t\t\t\t\n\t\t\t\t\n\t\t\t\t\n\t\t\t\t\n\t\t\t<\/div>\n\t\t\t\t<\/div>\n\t\t\t<\/div><div class=\"et_pb_row et_pb_row_1  et_pb_css_mix_blend_mode\">\n\t\t\t\t\n\t\t\t\t\n\t\t\t\t\n\t\t\t\t\n\t\t\t\t\n\t\t\t\t\n\t\t\t\t<div class=\"et_pb_module_inner\">\n\t\t\t\t\t<div class=\"row et_pb_row et_pb_row_1  et_pb_css_mix_blend_mode\">\n\t\t\t\t<div class=\"et_pb_column et_pb_column_1_1 s12 col bg--beige et_pb_column_1  et_pb_css_mix_blend_mode et-last-child\">\n\t\t\t\t\n\t\t\t\t\n\t\t\t\t\n\t\t\t\t\n\t\t\t\t<div class=\"team__wrapper post-collection block__wrapper team-bg--none et_pb_wly_teams_collection_0\n            mobile-- tablet--off desktop--off\"\n     id=\"\">\n            <div class=\"container\">\n            <div class=\"row\">\n                <div class=\"col s12 l10 xl8 offset-l1 offset-xl2\">\n                    <div class=\"boxes__titel\">\n                                                    <h2 class=\"h2\">Unser Team<\/h2>\n                                                                            <div class=\"lead\"><\/p>\n<p>Rochester-Bern Executive Programs ist durch Mitch Lovett und Karen Steiner in Rochester sowie durch Claudio Loderer und Petra Joerg in Bern vertreten. Das Team, das f\u00fcr die Programmorganisation, das Marketing, die Rekrutierung und die Finanzen\/IT zust\u00e4ndig ist, befindet sich in Bern.<\/p>\n<p><\/div>\n                                            <\/div>\n                <\/div>\n            <\/div>\n        <\/div>\n\n    \n    <div data-vue-instance>\n        <teams-loader\n                :taxonomies='[{\"slug\":\"section\",\"visible\":true,\"label\":\"Bereich\",\"terms\":[{\"name\":\"Alumni\\\/-ae\",\"slug\":\"alumni-ae-verantwortliche\",\"term_id\":213,\"taxonomy\":\"section\"},{\"name\":\"CAS Verwaltungsrat\",\"slug\":\"cas-verwaltungsrat\",\"term_id\":243,\"taxonomy\":\"section\"},{\"name\":\"CAS Digital Acceleration \\u0026 AI\",\"slug\":\"cas-digital-acceleration-de\",\"term_id\":242,\"taxonomy\":\"section\"},{\"name\":\"CAS Leadership \\u0026 Inclusion\",\"slug\":\"cas-leadership-inclusion-de\",\"term_id\":241,\"taxonomy\":\"section\"},{\"name\":\"Executive MBA\",\"slug\":\"executive-mba-de\",\"term_id\":239,\"taxonomy\":\"section\"},{\"name\":\"HR \\u0026 Finanzen\",\"slug\":\"hr-finanzen\",\"term_id\":364,\"taxonomy\":\"section\"},{\"name\":\"Marketing \\u0026 IT\",\"slug\":\"marketing-it\",\"term_id\":365,\"taxonomy\":\"section\"},{\"name\":\"Unternehmensspezifische Programme\",\"slug\":\"unternehmensspezifische-programme\",\"term_id\":214,\"taxonomy\":\"section\"},{\"name\":\"VR-Seminare\",\"slug\":\"vr-seminare\",\"term_id\":361,\"taxonomy\":\"section\"},{\"name\":\"Team in den USA\",\"slug\":\"team-in-den-usa\",\"term_id\":223,\"taxonomy\":\"section\"}]}]'\n                :custom-preview-mail='null'\n                :load-more='false'\n                :hide-filter='false'\n                :filter-view-mode='\"taxonomies\"'\n                :paginator-options='{\"url\":\"\\\/wp-json\\\/wte\\\/paginator\\\/team?teaser_title_type=h6&lang=de&per_page=100&page=0&offset=0&order_by=menu_order&t=1775470812\",\"initialPage\":0,\"lastPage\":0,\"perPage\":100,\"totalItems\":22,\"taxonomyRelationForHiddenFilter\":\"or\",\"taxonomyRelationForInactiveFilter\":\"or\",\"taxonomyRelationForActiveFilter\":\"and\",\"initialData\":null}'>\n        <\/teams-loader>\n    <\/div>\n<\/div>\n\n\t\t\t<\/div>\n\t\t\t\t\n\t\t\t\t\n\t\t\t\t\n\t\t\t\t\n\t\t\t<\/div>\n\t\t\t\t<\/div>\n\t\t\t<\/div><div class=\"et_pb_row et_pb_row_2  et_pb_css_mix_blend_mode\">\n\t\t\t\t\n\t\t\t\t\n\t\t\t\t\n\t\t\t\t\n\t\t\t\t\n\t\t\t\t\n\t\t\t\t<div class=\"et_pb_module_inner\">\n\t\t\t\t\t<div class=\"row et_pb_row et_pb_row_2  et_pb_css_mix_blend_mode\">\n\t\t\t\t<div class=\"et_pb_column et_pb_column_1_1 s12 col bg--white et_pb_column_2  et_pb_css_mix_blend_mode et-last-child\">\n\t\t\t\t\n\t\t\t\t\n\t\t\t\t\n\t\t\t\t\n\t\t\t\t<div class=\"et_pb_text text__wrapper block__wrapper  et_pb_wly_text_0\n            mobile--off tablet--off desktop--off\"\n     id=\"workatrobe\">\n    <div class=\"container\">\n        <div class=\"row\">\n            <div class=\"col s12 l10 xl8  offset-l1 offset-xl2 \">\n                                    <h2 style=\"text-align: center;\">Arbeiten bei RoBe<\/h2>\n<p style=\"text-align: center;\">Bist du bereit, in einem dynamischen, internationalen und professionellen Umfeld etwas zu bewirken?<\/p>\n<p style=\"text-align: center;\">Bei RoBe zu arbeiten bedeutet, Teil eines dynamischen, internationalen Teams zu werden, das st\u00e4ndig bestrebt ist, etwas zu bewirken. Du \u00fcbernimmst Verantwortung und entwickelst deine pers\u00f6nlichen und beruflichen F\u00e4higkeiten weiter. Also, wage den Sprung \u2013 werde Teil unseres Teams!<\/p>\n                            <\/div>\n        <\/div>\n    <\/div>\n<\/div>\n\n\t\t\t<\/div>\n\t\t\t\t\n\t\t\t\t\n\t\t\t\t\n\t\t\t\t\n\t\t\t<\/div>\n\t\t\t\t<\/div>\n\t\t\t<\/div><div class=\"et_pb_row et_pb_row_3  et_pb_css_mix_blend_mode\">\n\t\t\t\t\n\t\t\t\t\n\t\t\t\t\n\t\t\t\t\n\t\t\t\t\n\t\t\t\t\n\t\t\t\t<div class=\"et_pb_module_inner\">\n\t\t\t\t\t<div class=\"row et_pb_row et_pb_row_3  et_pb_css_mix_blend_mode\">\n\t\t\t\t<div class=\"et_pb_column et_pb_column_1_1 s12 col bg--beige et_pb_column_3  et_pb_css_mix_blend_mode et-last-child\">\n\t\t\t\t\n\t\t\t\t\n\t\t\t\t\n\t\t\t\t\n\t\t\t\t<div class=\"boxes__wrapper block__wrapper\" et_pb_wly_boxes_1\n            mobile-- tablet--off desktop--off\"\n            id=\"\">\n    <div class=\"container\">\n\n                    <div class=\"row\">\n                <div class=\"col s12 l10 xl8 offset-l1 offset-xl2\">\n                    <div class=\"boxes__titel\">\n                        <h2 class=\"h2\">Was m\u00f6chten Sie als n\u00e4chstes entdecken?<\/h2>\n                    <\/div>\n                <\/div>\n            <\/div>\n        \n        <div class=\"boxes__content col--four\">\n            <div class=\"row\">\n                <div class=\"col boxes__item__col\">\n\n     <a href=\"https:\/\/www.rochester-bern.ch\/de\/vision-mission-werte-versprechen\/\" target=\"_blank\"  class=\"boxes__item box-bg--white box--image\">\n\n                    <div class=\"boxes__item__image\">\n                <img decoding=\"async\" title=\"Meliora Buchstaben\" alt=\"Meliora Buchstaben\" class=\"lazyload\" src=\"\/img\/2022\/12\/20220627_headerpicture_vision_mission_values_01.jpg?w=50&amp;h=33&amp;fit=crop&amp;fm=webp&amp;q=50&amp;sharp=0&amp;blur=8&amp;s=3ae8e679c5905d2eb380bda302f9b40e\" data-src=\"\/img\/2022\/12\/20220627_headerpicture_vision_mission_values_01.jpg?w=390&amp;h=260&amp;fit=crop&amp;fm=webp&amp;q=90&amp;sharp=4&amp;blur=0&amp;s=665f9633dc77909505401c2cd77ebcfa\" data-srcset=\"\/img\/2022\/12\/20220627_headerpicture_vision_mission_values_01.jpg?w=540&amp;h=360&amp;fit=crop&amp;fm=webp&amp;q=90&amp;sharp=4&amp;blur=0&amp;s=721eaf495f734d42fe8dce731dbd2e68 540w,\/img\/2022\/12\/20220627_headerpicture_vision_mission_values_01.jpg?w=255&amp;h=170&amp;fit=crop&amp;fm=webp&amp;q=90&amp;sharp=4&amp;blur=0&amp;s=3464913262462ccb05fd2f1e3644294d 255w,\/img\/2022\/12\/20220627_headerpicture_vision_mission_values_01.jpg?w=335&amp;h=223&amp;fit=crop&amp;fm=webp&amp;q=90&amp;sharp=4&amp;blur=0&amp;s=30f3c5d6dad1de96d45ce829f4788cb3 335w,\/img\/2022\/12\/20220627_headerpicture_vision_mission_values_01.jpg?w=290&amp;h=193&amp;fit=crop&amp;fm=webp&amp;q=90&amp;sharp=4&amp;blur=0&amp;s=3dd92fd3e04ffc2692280285bcf50d73 290w,\/img\/2022\/12\/20220627_headerpicture_vision_mission_values_01.jpg?w=347&amp;h=231&amp;fit=crop&amp;fm=webp&amp;q=90&amp;sharp=4&amp;blur=0&amp;s=9cdd579c6628debd8c9ed6142a10d6cb 347w,\/img\/2022\/12\/20220627_headerpicture_vision_mission_values_01.jpg?w=390&amp;h=260&amp;fit=crop&amp;fm=webp&amp;q=90&amp;sharp=4&amp;blur=0&amp;s=665f9633dc77909505401c2cd77ebcfa 390w\" sizes=\"(max-width: 600px) 540px,(max-width: 767px) 255px,(max-width: 992px) 335px,(max-width: 1200px) 290px,(max-width: 1330px) 347px,390px\" \/>\n            <\/div>\n        \n                                    <h5 class=\"h5\">Vision, Mission, Werte<\/h5>\n                    \n                    <div class=\"text--small\">Finden Sie heraus, welche Vision uns leitet, welche Mission wir verfolgen und welche Werte wir vertreten. <\/div>\n        \n                     <\/a> <\/div>\n<div class=\"col boxes__item__col\">\n\n     <a href=\"https:\/\/www.rochester-bern.ch\/de\/dozierende\/\" target=\"_blank\"  class=\"boxes__item box-bg--white box--image\">\n\n                    <div class=\"boxes__item__image\">\n                <img decoding=\"async\" title=\"Professor of Rochester-Bern\" alt=\"Faculty of Rochester-Bern\" class=\"lazyload\" src=\"\/img\/2022\/12\/20220913_headerpicture_faculty.jpg?w=50&amp;h=33&amp;fit=crop&amp;fm=webp&amp;q=50&amp;sharp=0&amp;blur=8&amp;s=43b1bd41267b0682c3f1a58792f0b1a8\" data-src=\"\/img\/2022\/12\/20220913_headerpicture_faculty.jpg?w=390&amp;h=260&amp;fit=crop&amp;fm=webp&amp;q=90&amp;sharp=4&amp;blur=0&amp;s=71abf6541663b777b41df408d850dc0f\" data-srcset=\"\/img\/2022\/12\/20220913_headerpicture_faculty.jpg?w=540&amp;h=360&amp;fit=crop&amp;fm=webp&amp;q=90&amp;sharp=4&amp;blur=0&amp;s=5588f62ca356b882870f334898e08c70 540w,\/img\/2022\/12\/20220913_headerpicture_faculty.jpg?w=255&amp;h=170&amp;fit=crop&amp;fm=webp&amp;q=90&amp;sharp=4&amp;blur=0&amp;s=f84691b2f75ea6803537c8bd1b752ea3 255w,\/img\/2022\/12\/20220913_headerpicture_faculty.jpg?w=335&amp;h=223&amp;fit=crop&amp;fm=webp&amp;q=90&amp;sharp=4&amp;blur=0&amp;s=2007d64d4559a34e4a3a22d1210e5c3b 335w,\/img\/2022\/12\/20220913_headerpicture_faculty.jpg?w=290&amp;h=193&amp;fit=crop&amp;fm=webp&amp;q=90&amp;sharp=4&amp;blur=0&amp;s=87b2dbc333fc0ec79d7f447cb387271d 290w,\/img\/2022\/12\/20220913_headerpicture_faculty.jpg?w=347&amp;h=231&amp;fit=crop&amp;fm=webp&amp;q=90&amp;sharp=4&amp;blur=0&amp;s=0bc4ae18bbb2409b7d03bd120cad5e35 347w,\/img\/2022\/12\/20220913_headerpicture_faculty.jpg?w=390&amp;h=260&amp;fit=crop&amp;fm=webp&amp;q=90&amp;sharp=4&amp;blur=0&amp;s=71abf6541663b777b41df408d850dc0f 390w\" sizes=\"(max-width: 600px) 540px,(max-width: 767px) 255px,(max-width: 992px) 335px,(max-width: 1200px) 290px,(max-width: 1330px) 347px,390px\" \/>\n            <\/div>\n        \n                                    <h5 class=\"h5\">RoBe Dozierende<\/h5>\n                    \n                    <div class=\"text--small\">Werfen Sie einen Blick auf unseren Pool an renommierten Dozierenden und praxisorientierten Gastreferierenden.<\/div>\n        \n                     <\/a> <\/div>\n\n            <\/div>\n        <\/div>\n\n            <\/div>\n<\/div>\n\t\t\t<\/div>\n\t\t\t\t\n\t\t\t\t\n\t\t\t\t\n\t\t\t\t\n\t\t\t<\/div>\n\t\t\t\t<\/div>\n\t\t\t<\/div>\n\t\t\t\t\n\t\t\t\t\n\t\t\t    <\/div>\n\t\t\t<\/div>\n\t\t\t\t<\/div>\n\t\t\t<\/div>\n","protected":false},"excerpt":{"rendered":"<p>Lernen Sie unser Team kennen Gerne helfen wir Ihnen&#8230;<\/p>\n","protected":false},"author":2,"featured_media":0,"parent":0,"menu_order":26,"comment_status":"closed","ping_status":"closed","template":"","meta":{"_acf_changed":false,"_et_pb_use_builder":"on","_et_pb_old_content":"","_et_gb_content_width":"","inline_featured_image":false,"footnotes":""},"class_list":["post-4546","page","type-page","status-publish","hentry"],"acf":[],"yoast_head":"<!-- This site is optimized with the Yoast SEO plugin v27.2 - https:\/\/yoast.com\/product\/yoast-seo-wordpress\/ -->\n<title>Team &#8211; Rochester-Bern<\/title>\n<meta name=\"description\" content=\"Kontaktieren Sie unser Team \u2013 wir beraten Sie gerne zu Ihrem Profil, Ihrer Bewerbung und Ihren Finanzierungsm\u00f6glichkeiten.\" \/>\n<meta name=\"robots\" content=\"index, follow, max-snippet:-1, max-image-preview:large, max-video-preview:-1\" \/>\n<link rel=\"canonical\" href=\"https:\/\/www.rochester-bern.ch\/de\/team\/\" \/>\n<meta property=\"og:locale\" content=\"de_DE\" \/>\n<meta property=\"og:type\" content=\"article\" \/>\n<meta property=\"og:title\" content=\"Team &#8211; Rochester-Bern\" \/>\n<meta property=\"og:description\" content=\"Kontaktieren Sie unser Team \u2013 wir beraten Sie gerne zu Ihrem Profil, Ihrer Bewerbung und Ihren Finanzierungsm\u00f6glichkeiten.\" \/>\n<meta property=\"og:url\" content=\"https:\/\/www.rochester-bern.ch\/de\/team\/\" \/>\n<meta property=\"og:site_name\" content=\"Rochester-Bern\" \/>\n<meta property=\"article:modified_time\" content=\"2025-11-04T07:18:00+00:00\" \/>\n<meta name=\"twitter:card\" content=\"summary_large_image\" \/>\n<meta name=\"twitter:label1\" content=\"Gesch\u00e4tzte Lesezeit\" \/>\n\t<meta name=\"twitter:data1\" content=\"2\u00a0Minuten\" \/>\n<script type=\"application\/ld+json\" class=\"yoast-schema-graph\">{\"@context\":\"https:\/\/schema.org\",\"@graph\":[{\"@type\":\"WebPage\",\"@id\":\"https:\/\/www.rochester-bern.ch\/de\/team\/\",\"url\":\"https:\/\/www.rochester-bern.ch\/de\/team\/\",\"name\":\"Team &#8211; Rochester-Bern\",\"isPartOf\":{\"@id\":\"https:\/\/rochester.incms.net\/#website\"},\"datePublished\":\"2022-12-23T13:47:27+00:00\",\"dateModified\":\"2025-11-04T07:18:00+00:00\",\"description\":\"Kontaktieren Sie unser Team \u2013 wir beraten Sie gerne zu Ihrem Profil, Ihrer Bewerbung und Ihren Finanzierungsm\u00f6glichkeiten.\",\"breadcrumb\":{\"@id\":\"https:\/\/www.rochester-bern.ch\/de\/team\/#breadcrumb\"},\"inLanguage\":\"de\",\"potentialAction\":[{\"@type\":\"ReadAction\",\"target\":[\"https:\/\/www.rochester-bern.ch\/de\/team\/\"]}]},{\"@type\":\"BreadcrumbList\",\"@id\":\"https:\/\/www.rochester-bern.ch\/de\/team\/#breadcrumb\",\"itemListElement\":[{\"@type\":\"ListItem\",\"position\":1,\"name\":\"Home\",\"item\":\"https:\/\/www.rochester-bern.ch\/de\/\"},{\"@type\":\"ListItem\",\"position\":2,\"name\":\"Team\"}]},{\"@type\":\"WebSite\",\"@id\":\"https:\/\/rochester.incms.net\/#website\",\"url\":\"https:\/\/rochester.incms.net\/\",\"name\":\"Rochester-Bern\",\"description\":\"Executive Programs - further Education for Executives\",\"potentialAction\":[{\"@type\":\"SearchAction\",\"target\":{\"@type\":\"EntryPoint\",\"urlTemplate\":\"https:\/\/rochester.incms.net\/?s={search_term_string}\"},\"query-input\":{\"@type\":\"PropertyValueSpecification\",\"valueRequired\":true,\"valueName\":\"search_term_string\"}}],\"inLanguage\":\"de\"}]}<\/script>\n<!-- \/ Yoast SEO plugin. -->","yoast_head_json":{"title":"Team &#8211; Rochester-Bern","description":"Kontaktieren Sie unser Team \u2013 wir beraten Sie gerne zu Ihrem Profil, Ihrer Bewerbung und Ihren Finanzierungsm\u00f6glichkeiten.","robots":{"index":"index","follow":"follow","max-snippet":"max-snippet:-1","max-image-preview":"max-image-preview:large","max-video-preview":"max-video-preview:-1"},"canonical":"https:\/\/www.rochester-bern.ch\/de\/team\/","og_locale":"de_DE","og_type":"article","og_title":"Team &#8211; Rochester-Bern","og_description":"Kontaktieren Sie unser Team \u2013 wir beraten Sie gerne zu Ihrem Profil, Ihrer Bewerbung und Ihren Finanzierungsm\u00f6glichkeiten.","og_url":"https:\/\/www.rochester-bern.ch\/de\/team\/","og_site_name":"Rochester-Bern","article_modified_time":"2025-11-04T07:18:00+00:00","twitter_card":"summary_large_image","twitter_misc":{"Gesch\u00e4tzte Lesezeit":"2\u00a0Minuten"},"schema":{"@context":"https:\/\/schema.org","@graph":[{"@type":"WebPage","@id":"https:\/\/www.rochester-bern.ch\/de\/team\/","url":"https:\/\/www.rochester-bern.ch\/de\/team\/","name":"Team &#8211; Rochester-Bern","isPartOf":{"@id":"https:\/\/rochester.incms.net\/#website"},"datePublished":"2022-12-23T13:47:27+00:00","dateModified":"2025-11-04T07:18:00+00:00","description":"Kontaktieren Sie unser Team \u2013 wir beraten Sie gerne zu Ihrem Profil, Ihrer Bewerbung und Ihren Finanzierungsm\u00f6glichkeiten.","breadcrumb":{"@id":"https:\/\/www.rochester-bern.ch\/de\/team\/#breadcrumb"},"inLanguage":"de","potentialAction":[{"@type":"ReadAction","target":["https:\/\/www.rochester-bern.ch\/de\/team\/"]}]},{"@type":"BreadcrumbList","@id":"https:\/\/www.rochester-bern.ch\/de\/team\/#breadcrumb","itemListElement":[{"@type":"ListItem","position":1,"name":"Home","item":"https:\/\/www.rochester-bern.ch\/de\/"},{"@type":"ListItem","position":2,"name":"Team"}]},{"@type":"WebSite","@id":"https:\/\/rochester.incms.net\/#website","url":"https:\/\/rochester.incms.net\/","name":"Rochester-Bern","description":"Executive Programs - further Education for Executives","potentialAction":[{"@type":"SearchAction","target":{"@type":"EntryPoint","urlTemplate":"https:\/\/rochester.incms.net\/?s={search_term_string}"},"query-input":{"@type":"PropertyValueSpecification","valueRequired":true,"valueName":"search_term_string"}}],"inLanguage":"de"}]}},"_links":{"self":[{"href":"https:\/\/www.rochester-bern.ch\/de\/wp-json\/wp\/v2\/pages\/4546","targetHints":{"allow":["GET"]}}],"collection":[{"href":"https:\/\/www.rochester-bern.ch\/de\/wp-json\/wp\/v2\/pages"}],"about":[{"href":"https:\/\/www.rochester-bern.ch\/de\/wp-json\/wp\/v2\/types\/page"}],"author":[{"embeddable":true,"href":"https:\/\/www.rochester-bern.ch\/de\/wp-json\/wp\/v2\/users\/2"}],"replies":[{"embeddable":true,"href":"https:\/\/www.rochester-bern.ch\/de\/wp-json\/wp\/v2\/comments?post=4546"}],"version-history":[{"count":61,"href":"https:\/\/www.rochester-bern.ch\/de\/wp-json\/wp\/v2\/pages\/4546\/revisions"}],"predecessor-version":[{"id":21187,"href":"https:\/\/www.rochester-bern.ch\/de\/wp-json\/wp\/v2\/pages\/4546\/revisions\/21187"}],"wp:attachment":[{"href":"https:\/\/www.rochester-bern.ch\/de\/wp-json\/wp\/v2\/media?parent=4546"}],"curies":[{"name":"wp","href":"https:\/\/api.w.org\/{rel}","templated":true}]}}