{"id":4594,"date":"2022-12-23T13:51:26","date_gmt":"2022-12-23T12:51:26","guid":{"rendered":"https:\/\/www.rochester-bern.ch\/ueber-robe\/faculty\/"},"modified":"2026-04-16T13:23:59","modified_gmt":"2026-04-16T12:23:59","slug":"dozierende","status":"publish","type":"page","link":"https:\/\/www.rochester-bern.ch\/de\/dozierende\/","title":{"rendered":"Dozierende"},"content":{"rendered":"<div class=\"et_pb_section et_pb_section_0  et_pb_css_mix_blend_mode et_section_regular et_section_transparent\">\n\t\t\t\t\n\t\t\t\t\n\t\t\t\t\n\t\t\t\t\n\t\t\t\t\n\t\t\t\t\n\t\t\t\t<div class=\"et_pb_module_inner\">\n\t\t\t\t\t<div class=\"et_pb_section et_pb_section_0  et_pb_css_mix_blend_mode et_section_regular et_section_transparent\" >\n            <div >\n\t\t\t\t\n\t\t\t\t\n\t\t\t\t\n\t\t\t\t\n\t\t\t\t\n\t\t\t\t\n\t\t\t\t<div class=\"et_pb_row et_pb_row_0  et_pb_css_mix_blend_mode\">\n\t\t\t\t\n\t\t\t\t\n\t\t\t\t\n\t\t\t\t\n\t\t\t\t\n\t\t\t\t\n\t\t\t\t<div class=\"et_pb_module_inner\">\n\t\t\t\t\t<div class=\"row et_pb_row et_pb_row_0  et_pb_css_mix_blend_mode\">\n\t\t\t\t<div class=\"et_pb_column et_pb_column_1_1 s12 col bg--white et_pb_column_0  et_pb_css_mix_blend_mode et-last-child\">\n\t\t\t\t\n\t\t\t\t\n\t\t\t\t\n\t\t\t\t\n\t\t\t\t<div class=\"header-title-image block__wrapper header_type--normal et_pb_wly_header_titel_image_0\n            mobile-- tablet--off desktop--off\"\n     id=\"\">\n            <div class=\"container\">\n            <div class=\"header-title-image__wrapper\">\n            <div class=\"header-title-image__image\">\n                <div class=\"header-title-image__image__inner objectfitter\">\n                                        <img decoding=\"async\" title=\"Professor of Rochester-Bern\" alt=\"Faculty of Rochester-Bern\" src=\"\/img\/2022\/12\/20220913_headerpicture_faculty.jpg?w=1920&amp;h=1280&amp;fit=crop&amp;fm=webp&amp;q=90&amp;sharp=4&amp;blur=0&amp;s=f24b986d11e49c072e7e22016a8a2328\" srcset=\"\/img\/2022\/12\/20220913_headerpicture_faculty.jpg?w=600&amp;h=400&amp;fit=crop&amp;fm=webp&amp;q=90&amp;sharp=4&amp;blur=0&amp;s=e45597a1c9c8658c666add6ece7e665c 600w,\/img\/2022\/12\/20220913_headerpicture_faculty.jpg?w=767&amp;h=511&amp;fit=crop&amp;fm=webp&amp;q=90&amp;sharp=4&amp;blur=0&amp;s=036aec1e7ce568f8030dd4255bcd30dc 767w,\/img\/2022\/12\/20220913_headerpicture_faculty.jpg?w=992&amp;h=661&amp;fit=crop&amp;fm=webp&amp;q=90&amp;sharp=4&amp;blur=0&amp;s=19161f95b7034b5394bfcf8ff8daa720 992w,\/img\/2022\/12\/20220913_headerpicture_faculty.jpg?w=1200&amp;h=800&amp;fit=crop&amp;fm=webp&amp;q=90&amp;sharp=4&amp;blur=0&amp;s=3abcf54abf1dc71617d84956e521a9b7 1200w,\/img\/2022\/12\/20220913_headerpicture_faculty.jpg?w=1500&amp;h=1000&amp;fit=crop&amp;fm=webp&amp;q=90&amp;sharp=4&amp;blur=0&amp;s=515f3983cf4beb81c869783d3bff52ef 1500w,\/img\/2022\/12\/20220913_headerpicture_faculty.jpg?w=1920&amp;h=1280&amp;fit=crop&amp;fm=webp&amp;q=90&amp;sharp=4&amp;blur=0&amp;s=f24b986d11e49c072e7e22016a8a2328 1920w\" sizes=\"(max-width: 600px) 600px,(max-width: 767px) 767px,(max-width: 992px) 992px,(max-width: 1200px) 1200px,(max-width: 1500px) 1500px,1920px\" \/>\n                                    <\/div>\n            <\/div>\n                            \n                <div class=\"header-title-image__content\">\n                    <div class=\"row\">\n                        <div class=\"col s12 m8\">\n                            <div class=\"header-title-image__inner\">\n                                                                <h1>Lernen Sie unsere Dozierenden kennen<\/h1>\n                                                                    <div class=\"header-title-image__text\">Eine einzigartige Kombination aus Expert:innen<\/div>\n                                                                                                    <div class=\"lead\"><\/p>\n<p>Rochester-Bern arbeitet mit Professor:innen der renommiertesten Business Schools der Welt zusammen. Unser Ansatz der \u00aboffenen Architektur\u00bb erm\u00f6glicht uns, die besten Dozierenden aus top Universit\u00e4ten auszuw\u00e4hlen, ohne auf fixe Anstellungsverh\u00e4ltnisse angewiesen zu sein. Dadurch k\u00f6nnen wir jeweils immer jene Zusammensetzung an Dozierenden sicherstellen, die Ihnen ein optimales Lernerlebnis bietet.<\/p>\n<p><\/div>\n                                                                                            <\/div>\n                        <\/div>\n                    <\/div>\n                <\/div>\n                    <\/div>\n            <\/div>\n    <\/div>\n\n\t\t\t<\/div>\n\t\t\t\t\n\t\t\t\t\n\t\t\t\t\n\t\t\t\t\n\t\t\t<\/div>\n\t\t\t\t<\/div>\n\t\t\t<\/div><div class=\"et_pb_row et_pb_row_1  et_pb_css_mix_blend_mode\">\n\t\t\t\t\n\t\t\t\t\n\t\t\t\t\n\t\t\t\t\n\t\t\t\t\n\t\t\t\t\n\t\t\t\t<div class=\"et_pb_module_inner\">\n\t\t\t\t\t<div class=\"row et_pb_row et_pb_row_1  et_pb_css_mix_blend_mode\">\n\t\t\t\t<div class=\"et_pb_column et_pb_column_1_1 s12 col bg--beige et_pb_column_1  et_pb_css_mix_blend_mode et-last-child\">\n\t\t\t\t\n\t\t\t\t\n\t\t\t\t\n\t\t\t\t\n\t\t\t\t<div class=\"experts__wrapper post-collection block__wrapper et_pb_wly_experts_collection_0\nmobile-- tablet--off desktop--off\"\n        id=\"\">\n            <div class=\"container\">\n            <div class=\"row\">\n                <div class=\"col s12 l10 xl8 offset-l1 offset-xl2\">\n                    <div class=\"boxes__titel\">\n                                                     <h2 class=\"h2\">Dozierende &amp; Gastreferierende<\/h2>\n                                                                            <div class=\"lead\">Entdecken Sie unser Pool an Expertinnen und Experten. Unsere Professor:innen verf\u00fcgen \u00fcber beeindruckende Forschungarbeiten und sind aktiv in der Wirtschaft t\u00e4tig. Regelm\u00e4ssig teilen Schweizer F\u00fchrungskr\u00e4fte aus der Praxis ihre umfangreichen Erfahrungen mit unseren Studierenden.<\/p>\n<p><\/div>\n                                            <\/div>\n                <\/div>\n            <\/div>\n        <\/div>\n    \n    <div data-vue-instance>\n            <experts-loader\n                    :taxonomies='[{\"slug\":\"program\",\"visible\":true,\"label\":\"Programm\",\"terms\":[{\"name\":\"Executive MBA\",\"slug\":\"emba-de\",\"term_id\":204,\"taxonomy\":\"program\"},{\"name\":\"CAS Verwaltungsrat\",\"slug\":\"cas-verwaltungsrat\",\"term_id\":205,\"taxonomy\":\"program\"},{\"name\":\"CAS Business Resilience\",\"slug\":\"cas-business-resilience\",\"term_id\":497,\"taxonomy\":\"program\"},{\"name\":\"CAS Digital Acceleration \\u0026 AI\",\"slug\":\"cas-digital-acceleration-and-ai-de\",\"term_id\":344,\"taxonomy\":\"program\"},{\"name\":\"CAS Financial Management\",\"slug\":\"cas-financial-management-de\",\"term_id\":483,\"taxonomy\":\"program\"},{\"name\":\"CAS Leadership \\u0026 Inclusion\",\"slug\":\"cas-leadership-inclusion-de\",\"term_id\":206,\"taxonomy\":\"program\"},{\"name\":\"Seminar Stiftungsrat\",\"slug\":\"seminar-stiftungsrat\",\"term_id\":208,\"taxonomy\":\"program\"},{\"name\":\"Seminar VR-Pr\\u00e4sidium\",\"slug\":\"seminar-vr-praesidium\",\"term_id\":351,\"taxonomy\":\"program\"},{\"name\":\"Firmenspezifische Programme\",\"slug\":\"firmenspezifische-programme\",\"term_id\":209,\"taxonomy\":\"program\"}]},{\"slug\":\"role\",\"visible\":true,\"label\":\"Funktion\",\"terms\":[{\"name\":\"Professor\\\/-in\",\"slug\":\"professor-de\",\"term_id\":202,\"taxonomy\":\"role\"},{\"name\":\"Gastreferent\\\/-in\",\"slug\":\"gastreferierender\",\"term_id\":203,\"taxonomy\":\"role\"},{\"name\":\"Seminarleiter\\\/-in\",\"slug\":\"seminarleiter-in\",\"term_id\":348,\"taxonomy\":\"role\"}]}]'\n                    :load-more='true'\n                    :hide-filter='false'\n                    :filter-view-mode='\"taxonomies\"'\n                    :paginator-options='{\"url\":\"\\\/wp-json\\\/wte\\\/paginator\\\/expert?teaser_title_type=h3&lang=de&per_page=12&page=0&offset=0&terms%5Bprogram%5D%5B0%5D=204&terms%5Bprogram%5D%5B1%5D=205&terms%5Bprogram%5D%5B2%5D=344&terms%5Bprogram%5D%5B3%5D=206&terms%5Bprogram%5D%5B4%5D=208&terms%5Bprogram%5D%5B5%5D=351&terms%5Bprogram%5D%5B6%5D=209&terms%5Bprogram%5D%5B7%5D=497&terms%5Bprogram%5D%5B8%5D=483&terms%5Brole%5D%5B0%5D=202&terms%5Brole%5D%5B1%5D=203&terms%5Brole%5D%5B2%5D=348&t=1776873553\",\"initialPage\":0,\"lastPage\":13,\"perPage\":12,\"totalItems\":161,\"taxonomyRelationForHiddenFilter\":\"or\",\"taxonomyRelationForInactiveFilter\":\"or\",\"taxonomyRelationForActiveFilter\":\"and\",\"initialData\":null}'>\n            <\/experts-loader>\n        <\/div>\n\n        <\/div>\n\n\t\t\t<\/div>\n\t\t\t\t\n\t\t\t\t\n\t\t\t\t\n\t\t\t\t\n\t\t\t<\/div>\n\t\t\t\t<\/div>\n\t\t\t<\/div><div class=\"et_pb_row et_pb_row_2  et_pb_css_mix_blend_mode\">\n\t\t\t\t\n\t\t\t\t\n\t\t\t\t\n\t\t\t\t\n\t\t\t\t\n\t\t\t\t\n\t\t\t\t<div class=\"et_pb_module_inner\">\n\t\t\t\t\t<div class=\"row et_pb_row et_pb_row_2  et_pb_css_mix_blend_mode\">\n\t\t\t\t<div class=\"et_pb_column et_pb_column_1_1 s12 col bg--white et_pb_column_2  et_pb_css_mix_blend_mode et-last-child\">\n\t\t\t\t\n\t\t\t\t\n\t\t\t\t\n\t\t\t\t\n\t\t\t\t<div class=\"boxes__wrapper block__wrapper\" et_pb_wly_boxes_0\n            mobile-- tablet--off desktop--off\"\n            id=\"\">\n    <div class=\"container\">\n\n                    <div class=\"row\">\n                <div class=\"col s12 l10 xl8 offset-l1 offset-xl2\">\n                    <div class=\"boxes__titel\">\n                        <h2 class=\"h2\">Was m\u00f6chten Sie als n\u00e4chstes entdecken?<\/h2>\n                    <\/div>\n                <\/div>\n            <\/div>\n        \n        <div class=\"boxes__content col--four\">\n            <div class=\"row\">\n                <div class=\"col boxes__item__col\">\n\n     <a href=\"https:\/\/www.rochester-bern.ch\/de\/vision-mission-werte-versprechen\/\" target=\"_blank\"  class=\"boxes__item box-bg--white box--image\">\n\n                    <div class=\"boxes__item__image\">\n                <img decoding=\"async\" title=\"Meliora Buchstaben\" alt=\"Meliora Buchstaben\" class=\"lazyload\" src=\"\/img\/2022\/12\/20220627_headerpicture_vision_mission_values_01.jpg?w=50&amp;h=33&amp;fit=crop&amp;fm=webp&amp;q=50&amp;sharp=0&amp;blur=8&amp;s=3ae8e679c5905d2eb380bda302f9b40e\" data-src=\"\/img\/2022\/12\/20220627_headerpicture_vision_mission_values_01.jpg?w=390&amp;h=260&amp;fit=crop&amp;fm=webp&amp;q=90&amp;sharp=4&amp;blur=0&amp;s=665f9633dc77909505401c2cd77ebcfa\" data-srcset=\"\/img\/2022\/12\/20220627_headerpicture_vision_mission_values_01.jpg?w=540&amp;h=360&amp;fit=crop&amp;fm=webp&amp;q=90&amp;sharp=4&amp;blur=0&amp;s=721eaf495f734d42fe8dce731dbd2e68 540w,\/img\/2022\/12\/20220627_headerpicture_vision_mission_values_01.jpg?w=255&amp;h=170&amp;fit=crop&amp;fm=webp&amp;q=90&amp;sharp=4&amp;blur=0&amp;s=3464913262462ccb05fd2f1e3644294d 255w,\/img\/2022\/12\/20220627_headerpicture_vision_mission_values_01.jpg?w=335&amp;h=223&amp;fit=crop&amp;fm=webp&amp;q=90&amp;sharp=4&amp;blur=0&amp;s=30f3c5d6dad1de96d45ce829f4788cb3 335w,\/img\/2022\/12\/20220627_headerpicture_vision_mission_values_01.jpg?w=290&amp;h=193&amp;fit=crop&amp;fm=webp&amp;q=90&amp;sharp=4&amp;blur=0&amp;s=3dd92fd3e04ffc2692280285bcf50d73 290w,\/img\/2022\/12\/20220627_headerpicture_vision_mission_values_01.jpg?w=347&amp;h=231&amp;fit=crop&amp;fm=webp&amp;q=90&amp;sharp=4&amp;blur=0&amp;s=9cdd579c6628debd8c9ed6142a10d6cb 347w,\/img\/2022\/12\/20220627_headerpicture_vision_mission_values_01.jpg?w=390&amp;h=260&amp;fit=crop&amp;fm=webp&amp;q=90&amp;sharp=4&amp;blur=0&amp;s=665f9633dc77909505401c2cd77ebcfa 390w\" sizes=\"(max-width: 600px) 540px,(max-width: 767px) 255px,(max-width: 992px) 335px,(max-width: 1200px) 290px,(max-width: 1330px) 347px,390px\" \/>\n            <\/div>\n        \n                                    <h3 class=\"h5\">Vision, Mission, Values<\/h3>\n                    \n                    <div class=\"text--small\"><\/p>\n<p>Finden Sie heraus, welche Vision uns leitet, welche Mission wir verfolgen und welche Werte wir vertreten.<\/p>\n<p><\/div>\n        \n                     <\/a> <\/div>\n<div class=\"col boxes__item__col\">\n\n     <a href=\"https:\/\/www.rochester-bern.ch\/de\/team\/\" target=\"_blank\"  class=\"boxes__item box-bg--white box--image\">\n\n                    <div class=\"boxes__item__image\">\n                <img decoding=\"async\" title=\"Team Mitglieder von Rochester-Bern\" alt=\"Team Mitglieder von Rochester-Bern, Erfolgreiche Unternehmenskultur\" class=\"lazyload\" src=\"\/img\/2022\/12\/20220627_headerpicture_meet_our_team.jpg?w=50&amp;h=33&amp;fit=crop&amp;fm=webp&amp;q=50&amp;sharp=0&amp;blur=8&amp;s=a41c42c7236510fe5c504e03d703f4f7\" data-src=\"\/img\/2022\/12\/20220627_headerpicture_meet_our_team.jpg?w=390&amp;h=260&amp;fit=crop&amp;fm=webp&amp;q=90&amp;sharp=4&amp;blur=0&amp;s=e35e731f6f71b20682da2fb85182bbb7\" data-srcset=\"\/img\/2022\/12\/20220627_headerpicture_meet_our_team.jpg?w=540&amp;h=360&amp;fit=crop&amp;fm=webp&amp;q=90&amp;sharp=4&amp;blur=0&amp;s=51de9d6b87dca6254a7ce68e78e498f7 540w,\/img\/2022\/12\/20220627_headerpicture_meet_our_team.jpg?w=255&amp;h=170&amp;fit=crop&amp;fm=webp&amp;q=90&amp;sharp=4&amp;blur=0&amp;s=66d1a668864aaabb7dd4877e1886265e 255w,\/img\/2022\/12\/20220627_headerpicture_meet_our_team.jpg?w=335&amp;h=223&amp;fit=crop&amp;fm=webp&amp;q=90&amp;sharp=4&amp;blur=0&amp;s=9f8869761e77d4c3e379a413f1865e79 335w,\/img\/2022\/12\/20220627_headerpicture_meet_our_team.jpg?w=290&amp;h=193&amp;fit=crop&amp;fm=webp&amp;q=90&amp;sharp=4&amp;blur=0&amp;s=c9ac285550e0da8a7b93a0501d781cd7 290w,\/img\/2022\/12\/20220627_headerpicture_meet_our_team.jpg?w=347&amp;h=231&amp;fit=crop&amp;fm=webp&amp;q=90&amp;sharp=4&amp;blur=0&amp;s=85f25e39fa1ff61ae5ccdf342ecd4ac8 347w,\/img\/2022\/12\/20220627_headerpicture_meet_our_team.jpg?w=390&amp;h=260&amp;fit=crop&amp;fm=webp&amp;q=90&amp;sharp=4&amp;blur=0&amp;s=e35e731f6f71b20682da2fb85182bbb7 390w\" sizes=\"(max-width: 600px) 540px,(max-width: 767px) 255px,(max-width: 992px) 335px,(max-width: 1200px) 290px,(max-width: 1330px) 347px,390px\" \/>\n            <\/div>\n        \n                                    <h3 class=\"h5\">RoBe Team<\/h3>\n                    \n                    <div class=\"text--small\"><\/p>\n<p>Finden Sie Ihre richtige Ansprechperson und lernen Sie die Gesichter hinter Rochester-Bern kennen.<\/p>\n<p><\/div>\n        \n                     <\/a> <\/div>\n\n            <\/div>\n        <\/div>\n\n            <\/div>\n<\/div>\n\t\t\t<\/div>\n\t\t\t\t\n\t\t\t\t\n\t\t\t\t\n\t\t\t\t\n\t\t\t<\/div>\n\t\t\t\t<\/div>\n\t\t\t<\/div>\n\t\t\t\t\n\t\t\t\t\n\t\t\t    <\/div>\n\t\t\t<\/div>\n\t\t\t\t<\/div>\n\t\t\t<\/div>\n","protected":false},"excerpt":{"rendered":"<p>Lernen Sie unsere Dozierenden kennen Eine&#8230;<\/p>\n","protected":false},"author":2,"featured_media":0,"parent":0,"menu_order":23,"comment_status":"closed","ping_status":"closed","template":"","meta":{"_acf_changed":false,"_et_pb_use_builder":"on","_et_pb_old_content":"","_et_gb_content_width":"","inline_featured_image":false,"footnotes":""},"class_list":["post-4594","page","type-page","status-publish","hentry"],"acf":[],"yoast_head":"<!-- This site is optimized with the Yoast SEO plugin v27.2 - https:\/\/yoast.com\/product\/yoast-seo-wordpress\/ -->\n<title>Dozierende &#8211; Rochester-Bern<\/title>\n<meta name=\"description\" content=\"Unsere Teilnehmenden werden von Dozierenden der besten Business Schulen auf der Welt unterrichtet. Praxisreferierende teilen ihre Erfahrungen\" \/>\n<meta name=\"robots\" content=\"index, follow, max-snippet:-1, max-image-preview:large, max-video-preview:-1\" \/>\n<link rel=\"canonical\" href=\"https:\/\/www.rochester-bern.ch\/de\/dozierende\/\" \/>\n<meta property=\"og:locale\" content=\"de_DE\" \/>\n<meta property=\"og:type\" content=\"article\" \/>\n<meta property=\"og:title\" content=\"Dozierende &#8211; Rochester-Bern\" \/>\n<meta property=\"og:description\" content=\"Unsere Teilnehmenden werden von Dozierenden der besten Business Schulen auf der Welt unterrichtet. Praxisreferierende teilen ihre Erfahrungen\" \/>\n<meta property=\"og:url\" content=\"https:\/\/www.rochester-bern.ch\/de\/dozierende\/\" \/>\n<meta property=\"og:site_name\" content=\"Rochester-Bern\" \/>\n<meta property=\"article:modified_time\" content=\"2026-04-16T12:23:59+00:00\" \/>\n<meta name=\"twitter:card\" content=\"summary_large_image\" \/>\n<meta name=\"twitter:label1\" content=\"Gesch\u00e4tzte Lesezeit\" \/>\n\t<meta name=\"twitter:data1\" content=\"2\u00a0Minuten\" \/>\n<script type=\"application\/ld+json\" class=\"yoast-schema-graph\">{\"@context\":\"https:\/\/schema.org\",\"@graph\":[{\"@type\":\"WebPage\",\"@id\":\"https:\/\/www.rochester-bern.ch\/de\/dozierende\/\",\"url\":\"https:\/\/www.rochester-bern.ch\/de\/dozierende\/\",\"name\":\"Dozierende &#8211; Rochester-Bern\",\"isPartOf\":{\"@id\":\"https:\/\/rochester.incms.net\/#website\"},\"datePublished\":\"2022-12-23T12:51:26+00:00\",\"dateModified\":\"2026-04-16T12:23:59+00:00\",\"description\":\"Unsere Teilnehmenden werden von Dozierenden der besten Business Schulen auf der Welt unterrichtet. Praxisreferierende teilen ihre Erfahrungen\",\"breadcrumb\":{\"@id\":\"https:\/\/www.rochester-bern.ch\/de\/dozierende\/#breadcrumb\"},\"inLanguage\":\"de\",\"potentialAction\":[{\"@type\":\"ReadAction\",\"target\":[\"https:\/\/www.rochester-bern.ch\/de\/dozierende\/\"]}]},{\"@type\":\"BreadcrumbList\",\"@id\":\"https:\/\/www.rochester-bern.ch\/de\/dozierende\/#breadcrumb\",\"itemListElement\":[{\"@type\":\"ListItem\",\"position\":1,\"name\":\"Home\",\"item\":\"https:\/\/www.rochester-bern.ch\/de\/\"},{\"@type\":\"ListItem\",\"position\":2,\"name\":\"Dozierende\"}]},{\"@type\":\"WebSite\",\"@id\":\"https:\/\/rochester.incms.net\/#website\",\"url\":\"https:\/\/rochester.incms.net\/\",\"name\":\"Rochester-Bern\",\"description\":\"Executive Programs - further Education for Executives\",\"potentialAction\":[{\"@type\":\"SearchAction\",\"target\":{\"@type\":\"EntryPoint\",\"urlTemplate\":\"https:\/\/rochester.incms.net\/?s={search_term_string}\"},\"query-input\":{\"@type\":\"PropertyValueSpecification\",\"valueRequired\":true,\"valueName\":\"search_term_string\"}}],\"inLanguage\":\"de\"}]}<\/script>\n<!-- \/ Yoast SEO plugin. -->","yoast_head_json":{"title":"Dozierende &#8211; Rochester-Bern","description":"Unsere Teilnehmenden werden von Dozierenden der besten Business Schulen auf der Welt unterrichtet. Praxisreferierende teilen ihre Erfahrungen","robots":{"index":"index","follow":"follow","max-snippet":"max-snippet:-1","max-image-preview":"max-image-preview:large","max-video-preview":"max-video-preview:-1"},"canonical":"https:\/\/www.rochester-bern.ch\/de\/dozierende\/","og_locale":"de_DE","og_type":"article","og_title":"Dozierende &#8211; Rochester-Bern","og_description":"Unsere Teilnehmenden werden von Dozierenden der besten Business Schulen auf der Welt unterrichtet. Praxisreferierende teilen ihre Erfahrungen","og_url":"https:\/\/www.rochester-bern.ch\/de\/dozierende\/","og_site_name":"Rochester-Bern","article_modified_time":"2026-04-16T12:23:59+00:00","twitter_card":"summary_large_image","twitter_misc":{"Gesch\u00e4tzte Lesezeit":"2\u00a0Minuten"},"schema":{"@context":"https:\/\/schema.org","@graph":[{"@type":"WebPage","@id":"https:\/\/www.rochester-bern.ch\/de\/dozierende\/","url":"https:\/\/www.rochester-bern.ch\/de\/dozierende\/","name":"Dozierende &#8211; Rochester-Bern","isPartOf":{"@id":"https:\/\/rochester.incms.net\/#website"},"datePublished":"2022-12-23T12:51:26+00:00","dateModified":"2026-04-16T12:23:59+00:00","description":"Unsere Teilnehmenden werden von Dozierenden der besten Business Schulen auf der Welt unterrichtet. Praxisreferierende teilen ihre Erfahrungen","breadcrumb":{"@id":"https:\/\/www.rochester-bern.ch\/de\/dozierende\/#breadcrumb"},"inLanguage":"de","potentialAction":[{"@type":"ReadAction","target":["https:\/\/www.rochester-bern.ch\/de\/dozierende\/"]}]},{"@type":"BreadcrumbList","@id":"https:\/\/www.rochester-bern.ch\/de\/dozierende\/#breadcrumb","itemListElement":[{"@type":"ListItem","position":1,"name":"Home","item":"https:\/\/www.rochester-bern.ch\/de\/"},{"@type":"ListItem","position":2,"name":"Dozierende"}]},{"@type":"WebSite","@id":"https:\/\/rochester.incms.net\/#website","url":"https:\/\/rochester.incms.net\/","name":"Rochester-Bern","description":"Executive Programs - further Education for Executives","potentialAction":[{"@type":"SearchAction","target":{"@type":"EntryPoint","urlTemplate":"https:\/\/rochester.incms.net\/?s={search_term_string}"},"query-input":{"@type":"PropertyValueSpecification","valueRequired":true,"valueName":"search_term_string"}}],"inLanguage":"de"}]}},"_links":{"self":[{"href":"https:\/\/www.rochester-bern.ch\/de\/wp-json\/wp\/v2\/pages\/4594","targetHints":{"allow":["GET"]}}],"collection":[{"href":"https:\/\/www.rochester-bern.ch\/de\/wp-json\/wp\/v2\/pages"}],"about":[{"href":"https:\/\/www.rochester-bern.ch\/de\/wp-json\/wp\/v2\/types\/page"}],"author":[{"embeddable":true,"href":"https:\/\/www.rochester-bern.ch\/de\/wp-json\/wp\/v2\/users\/2"}],"replies":[{"embeddable":true,"href":"https:\/\/www.rochester-bern.ch\/de\/wp-json\/wp\/v2\/comments?post=4594"}],"version-history":[{"count":30,"href":"https:\/\/www.rochester-bern.ch\/de\/wp-json\/wp\/v2\/pages\/4594\/revisions"}],"predecessor-version":[{"id":24378,"href":"https:\/\/www.rochester-bern.ch\/de\/wp-json\/wp\/v2\/pages\/4594\/revisions\/24378"}],"wp:attachment":[{"href":"https:\/\/www.rochester-bern.ch\/de\/wp-json\/wp\/v2\/media?parent=4594"}],"curies":[{"name":"wp","href":"https:\/\/api.w.org\/{rel}","templated":true}]}}