{"id":4727,"date":"2022-11-28T15:07:22","date_gmt":"2022-11-28T14:07:22","guid":{"rendered":"https:\/\/www.rochester-bern.ch\/ueber-robe\/ambassador\/"},"modified":"2026-04-09T06:59:23","modified_gmt":"2026-04-09T05:59:23","slug":"markenbotschafter","status":"publish","type":"page","link":"https:\/\/www.rochester-bern.ch\/de\/markenbotschafter\/","title":{"rendered":"Markenbotschafter"},"content":{"rendered":"<div class=\"et_pb_section et_pb_section_0  et_pb_css_mix_blend_mode et_section_regular et_section_transparent\">\n\t\t\t\t\n\t\t\t\t\n\t\t\t\t\n\t\t\t\t\n\t\t\t\t\n\t\t\t\t\n\t\t\t\t<div class=\"et_pb_module_inner\">\n\t\t\t\t\t<div class=\"et_pb_section et_pb_section_0  et_pb_css_mix_blend_mode et_section_regular et_section_transparent\" >\n            <div >\n\t\t\t\t\n\t\t\t\t\n\t\t\t\t\n\t\t\t\t\n\t\t\t\t\n\t\t\t\t\n\t\t\t\t<div class=\"et_pb_row et_pb_row_0  et_pb_css_mix_blend_mode\">\n\t\t\t\t\n\t\t\t\t\n\t\t\t\t\n\t\t\t\t\n\t\t\t\t\n\t\t\t\t\n\t\t\t\t<div class=\"et_pb_module_inner\">\n\t\t\t\t\t<div class=\"row et_pb_row et_pb_row_0  et_pb_css_mix_blend_mode\">\n\t\t\t\t<div class=\"et_pb_column et_pb_column_1_1 s12 col bg--white et_pb_column_0  et_pb_css_mix_blend_mode et-last-child\">\n\t\t\t\t\n\t\t\t\t\n\t\t\t\t\n\t\t\t\t\n\t\t\t\t<div class=\"header-title-image block__wrapper header_type--normal et_pb_wly_header_titel_image_0\n            mobile-- tablet--off desktop--off\"\n     id=\"\">\n            <div class=\"container\">\n            <div class=\"header-title-image__wrapper\">\n            <div class=\"header-title-image__image\">\n                <div class=\"header-title-image__image__inner objectfitter\">\n                                        <img decoding=\"async\" title=\"Markenbotschafter Dani Arnold\" alt=\"Markenbotschafter Dani Arnold\" src=\"\/img\/2023\/03\/20230315_headerpicture_brand_ambassador.jpg?w=1280&amp;h=656&amp;fit=crop&amp;fm=webp&amp;q=90&amp;sharp=4&amp;blur=0&amp;s=9d91e88c200c95752ff9d2b4d2ab60fe\" srcset=\"\/img\/2023\/03\/20230315_headerpicture_brand_ambassador.jpg?w=600&amp;h=307&amp;fit=crop&amp;fm=webp&amp;q=90&amp;sharp=4&amp;blur=0&amp;s=7be686a1d83efab4c7c8e06c6bbc6a1f 600w,\/img\/2023\/03\/20230315_headerpicture_brand_ambassador.jpg?w=767&amp;h=393&amp;fit=crop&amp;fm=webp&amp;q=90&amp;sharp=4&amp;blur=0&amp;s=312d70a5a4ff9b6bc725d85badd00f58 767w,\/img\/2023\/03\/20230315_headerpicture_brand_ambassador.jpg?w=992&amp;h=508&amp;fit=crop&amp;fm=webp&amp;q=90&amp;sharp=4&amp;blur=0&amp;s=b4e3d8b8c19aa38122a513038842bb78 992w,\/img\/2023\/03\/20230315_headerpicture_brand_ambassador.jpg?w=1200&amp;h=615&amp;fit=crop&amp;fm=webp&amp;q=90&amp;sharp=4&amp;blur=0&amp;s=91aabdbc90e4387f8b93977a6aefcfa7 1200w,\/img\/2023\/03\/20230315_headerpicture_brand_ambassador.jpg?w=1500&amp;h=769&amp;fit=crop&amp;fm=webp&amp;q=90&amp;sharp=4&amp;blur=0&amp;s=3a36072dc6d77ee6c1ca4edb342a86dd 1500w,\/img\/2023\/03\/20230315_headerpicture_brand_ambassador.jpg?w=1280&amp;h=656&amp;fit=crop&amp;fm=webp&amp;q=90&amp;sharp=4&amp;blur=0&amp;s=9d91e88c200c95752ff9d2b4d2ab60fe 1280w\" sizes=\"(max-width: 600px) 600px,(max-width: 767px) 767px,(max-width: 992px) 992px,(max-width: 1200px) 1200px,(max-width: 1500px) 1500px,1280px\" \/>\n                                    <\/div>\n            <\/div>\n                            \n                <div class=\"header-title-image__content\">\n                    <div class=\"row\">\n                        <div class=\"col s12 m8\">\n                            <div class=\"header-title-image__inner\">\n                                                                <h1>Lernen Sie unser Markenbotschafter kennen<\/h1>\n                                                                    <div class=\"header-title-image__text\">Dani Arnold \u2013 Schweizer Alpinist &amp; Extrem-Bergsteiger<\/div>\n                                                                                                    <div class=\"lead\">Extrembergsteigen hat viel mit F\u00fchrung, Innovation und Zielorientierung zu tun. Als Markenbotschafter begleitet Dani Arnold Rochester-Bern Executive Programs deshalb seit 2018. <\/div>\n                                                                                            <\/div>\n                        <\/div>\n                    <\/div>\n                <\/div>\n                    <\/div>\n            <\/div>\n    <\/div>\n<div class=\"cta-video block__wrapper cta-style--on cta-bg--none et_pb_wly_call_to_action_0\n            mobile-- tablet--off desktop--off\"\n    id=\"\">\n\n    <div class=\"container\">\n        <div class=\"cta-video__wrapper row\">\n\n            <div class=\"col s12  l6 \">\n                                <div class=\"cta-video__video cta__overhead\">\n                                            <div class=\"vimeo__wrapper\">\n                            <div class=\".cookieconsent-optout-statistics vimeo__cookieoptout__msg text--small\">\n                                Bitte <a href=\"javascript:Cookiebot.renew()\">&nbsp;akzeptieren Sie unsere Statistik-Cookies,&nbsp;<\/a> um dieses Video anzuschauen.\n                            <\/div>\n                            <iframe data-cookieblock-src=\"https:\/\/player.vimeo.com\/video\/817609248?h=d4b725b43f&title=0&byline=0&dnt=1\" frameborder=\"0\"\n                                data-cookieconsent=\"statistics\" allow=\"autoplay; fullscreen; picture-in-picture\"\n                                allowfullscreen>\n                            <\/iframe>\n                        <\/div>\n                                    <\/div>\n            <\/div>\n\n                            <div class=\"col s12  l6 \">\n                    <div class=\"cta-video__content cta__underhead\">\n                                                    <h3 class=\"h3\">Dani Arnold &amp; RoBe<\/h3>\n                                                                            <p>Erfahren Sie, wie die Partnerschaft mit dem Extremkletterer Dani Arnold unsere Werte unterstreicht. <\/p>\n                                                                    <\/div>\n\n                <\/div>\n                    <\/div>\n    <\/div>\n<\/div>\n\n\t\t\t<\/div>\n\t\t\t\t\n\t\t\t\t\n\t\t\t\t\n\t\t\t\t\n\t\t\t<\/div>\n\t\t\t\t<\/div>\n\t\t\t<\/div><div class=\"et_pb_row et_pb_row_1  et_pb_css_mix_blend_mode\">\n\t\t\t\t\n\t\t\t\t\n\t\t\t\t\n\t\t\t\t\n\t\t\t\t\n\t\t\t\t\n\t\t\t\t<div class=\"et_pb_module_inner\">\n\t\t\t\t\t<div class=\"row et_pb_row et_pb_row_1  et_pb_css_mix_blend_mode\">\n\t\t\t\t<div class=\"et_pb_column et_pb_column_1_1 s12 col bg--beige et_pb_column_1  et_pb_css_mix_blend_mode et-last-child\">\n\t\t\t\t\n\t\t\t\t\n\t\t\t\t\n\t\t\t\t\n\t\t\t\t<div class=\"et_pb_text text__wrapper block__wrapper  et_pb_wly_text_0\n            mobile-- tablet--off desktop--off\"\n     id=\"\">\n    <div class=\"container\">\n        <div class=\"row\">\n            <div class=\"col s12 l10 xl8  offset-l1 offset-xl2 \">\n                                    <h3>Gemeinsame Werte<\/h3>\n<p>Der Extremkletterer und Geschwindigkeitsrekordhalter repr\u00e4sentiert Rochester-Bern als Markenbotschafter im In- und Ausland und verk\u00f6rpert die gemeinsamen Werte:<\/p>\n<ul>\n<li>f\u00fchrend<\/li>\n<li>zielorientiert<\/li>\n<li>innovativ<\/li>\n<li>begeisternd<\/li>\n<li>analytisch<\/li>\n<li>nahbar<\/li>\n<\/ul>\n<p>\u00a0<\/p>\n                            <\/div>\n        <\/div>\n    <\/div>\n<\/div>\n\n\t\t\t<\/div>\n\t\t\t\t\n\t\t\t\t\n\t\t\t\t\n\t\t\t\t\n\t\t\t<\/div>\n\t\t\t\t<\/div>\n\t\t\t<\/div><div class=\"et_pb_row et_pb_row_2  et_pb_css_mix_blend_mode\">\n\t\t\t\t\n\t\t\t\t\n\t\t\t\t\n\t\t\t\t\n\t\t\t\t\n\t\t\t\t\n\t\t\t\t<div class=\"et_pb_module_inner\">\n\t\t\t\t\t<div class=\"row et_pb_row et_pb_row_2  et_pb_css_mix_blend_mode\">\n\t\t\t\t<div class=\"et_pb_column et_pb_column_1_1 s12 col bg--white et_pb_column_2  et_pb_css_mix_blend_mode et-last-child\">\n\t\t\t\t\n\t\t\t\t\n\t\t\t\t\n\t\t\t\t\n\t\t\t\t<div class=\"image__wrapper block__wrapper  image-position--right  et_pb_wly_image_0\n            mobile-- tablet--off desktop--off\"\n     id=\"\">\n    <div class=\"container\">\n        <div class=\"row\">\n                            <div class=\"col s12 m6 xl5\">\n                            <div class=\"image-wrapper__outer\">\n                    \n                    <div class=\"image-wrapper\">\n                                                    <a href=\"\/img\/2023\/02\/20230228_picture_ambassador_dani_arnold-e1677749271856.jpg?w=1420&amp;h=0&amp;fit=crop&amp;fm=webp&amp;q=90&amp;sharp=4&amp;blur=0&amp;s=1336a5dea8b47454a5920c33d5477d63\"\n                               data-at-370=\"\/img\/2023\/02\/20230228_picture_ambassador_dani_arnold-e1677749271856.jpg?w=330&amp;h=0&amp;fit=crop&amp;fm=webp&amp;q=90&amp;sharp=4&amp;blur=0&amp;s=6cfa210a35f364b2a05ace5df4cc510a\"\n                               data-at-600=\"\/img\/2023\/02\/20230228_picture_ambassador_dani_arnold-e1677749271856.jpg?w=560&amp;h=0&amp;fit=crop&amp;fm=webp&amp;q=90&amp;sharp=4&amp;blur=0&amp;s=3210c338b57a7c8027bb21260113a6ff\"\n                               data-at-992=\"\/img\/2023\/02\/20230228_picture_ambassador_dani_arnold-e1677749271856.jpg?w=792&amp;h=0&amp;fit=crop&amp;fm=webp&amp;q=90&amp;sharp=4&amp;blur=0&amp;s=a51eb8bd659235210963b94ccbf7b0cd\"\n                               data-at-1200=\"\/img\/2023\/02\/20230228_picture_ambassador_dani_arnold-e1677749271856.jpg?w=1000&amp;h=0&amp;fit=crop&amp;fm=webp&amp;q=90&amp;sharp=4&amp;blur=0&amp;s=00b3b4de3b1359dba0fa0f51a887d115\"\n                               data-at-1450=\"\/img\/2023\/02\/20230228_picture_ambassador_dani_arnold-e1677749271856.jpg?w=1220&amp;h=0&amp;fit=crop&amp;fm=webp&amp;q=90&amp;sharp=4&amp;blur=0&amp;s=dafd7157c6c6df2dd95c56f17c596159\"\n                               data-at-1920=\"\/img\/2023\/02\/20230228_picture_ambassador_dani_arnold-e1677749271856.jpg?w=1420&amp;h=0&amp;fit=crop&amp;fm=webp&amp;q=90&amp;sharp=4&amp;blur=0&amp;s=1336a5dea8b47454a5920c33d5477d63\">\n                                <img decoding=\"async\" title=\"Dani Arnold\" alt=\"Schweizer Alpinist Dani Arnold am extremklettern in Island\" class=\"lazyload\" src=\"\/img\/2023\/02\/20230228_picture_ambassador_dani_arnold-e1677749271856.jpg?w=100&amp;h=94&amp;fit=crop&amp;fm=webp&amp;q=50&amp;sharp=0&amp;blur=8&amp;s=1771701f14ba9e39e9081360db9a4cde\" data-src=\"\/img\/2023\/02\/20230228_picture_ambassador_dani_arnold-e1677749271856.jpg?w=1270&amp;h=1198&amp;fit=crop&amp;fm=webp&amp;q=90&amp;sharp=4&amp;blur=0&amp;s=611a7096f711ecb62a7b8706cc18b36b\" data-srcset=\"\/img\/2023\/02\/20230228_picture_ambassador_dani_arnold-e1677749271856.jpg?w=540&amp;h=509&amp;fit=crop&amp;fm=webp&amp;q=90&amp;sharp=4&amp;blur=0&amp;s=39e0c85b9a035d2a68387a15d47dd0a6 540w,\/img\/2023\/02\/20230228_picture_ambassador_dani_arnold-e1677749271856.jpg?w=700&amp;h=660&amp;fit=crop&amp;fm=webp&amp;q=90&amp;sharp=4&amp;blur=0&amp;s=0a5cb9c0f75a33504c67d767645b8a76 700w,\/img\/2023\/02\/20230228_picture_ambassador_dani_arnold-e1677749271856.jpg?w=930&amp;h=877&amp;fit=crop&amp;fm=webp&amp;q=90&amp;sharp=4&amp;blur=0&amp;s=63639fac1694c3b0c9c9a820e6342805 930w,\/img\/2023\/02\/20230228_picture_ambassador_dani_arnold-e1677749271856.jpg?w=1140&amp;h=1075&amp;fit=crop&amp;fm=webp&amp;q=90&amp;sharp=4&amp;blur=0&amp;s=5aa553dfba43271b9659a52c0a708e67 1140w,\/img\/2023\/02\/20230228_picture_ambassador_dani_arnold-e1677749271856.jpg?w=1270&amp;h=1198&amp;fit=crop&amp;fm=webp&amp;q=90&amp;sharp=4&amp;blur=0&amp;s=611a7096f711ecb62a7b8706cc18b36b 1270w\" sizes=\"(max-width: 767px) 540px,(max-width: 992px) 700px,(max-width: 1200px) 930px,(max-width: 1330px) 1140px,1270px\" \/>\n                            <\/a>\n                                            <\/div>\n                                            <div class=\"image-wrapper__description\">Schweizer Alpinist Dani Arnold am Extremklettern in Island<\/div>\n                                    <\/div>\n            <\/div>\n                            <div class=\"col s12 m6 \">\n                    <div class=\"image__text-wrapper\">\n                        <h2>\u00dcber Dani Arnold<\/h2>\n<p>Dani Arnold wurde am 22. Februar 1984 in B\u00fcrglen (Kanton Uri) geboren. Der Schweizer Alpinist ist in aller Munde, seit er mit rekordverd\u00e4chtiger Geschwindigkeit die t\u00fcckische Eigernordwand durchstiegen hat. Im Jahr 2015 gelang ihm die schnellste Solobegehung der Matterhorn-Nordwand. Ein weiterer Geschwindigkeitsrekord war die Durchsteigung der Petit-Dru-Nordwand im Jahr 2021. 2023 gelang im ihm der Solo-Speedrekord am Salbit.<\/p>\n                    <\/div>\n                <\/div>\n                    <\/div>\n    <\/div>\n<\/div>\n<div class=\"et_pb_text text__wrapper block__wrapper  et_pb_wly_text_1\n            mobile-- tablet--off desktop--off\"\n     id=\"\">\n    <div class=\"container\">\n        <div class=\"row\">\n            <div class=\"col s12 l10 xl8  offset-l1 offset-xl2 \">\n                                    <h3>Interviews mit Dani Arnold<\/h3>\n                            <\/div>\n        <\/div>\n    <\/div>\n<\/div>\n<div class=\"button__wrapper et_pb_wly_button_0\n            mobile-- tablet--off desktop--off\"\n     id=\"\">\n        <div class=\"container\">\n                <div class=\"row\">\n                        <div class=\"col s12 l10 xl8 offset-l1 offset-xl2\">\n                                <div class=\"button--left\">\n                                                                                    <a href=\"https:\/\/www.srf.ch\/play\/tv\/sportpanorama\/video\/die-spektakulaere-premiere-am-ruchen?urn=urn:srf:video:1ade99a9-9c49-4f18-96b2-1151eaba5238\" target=\"_blank\" class=\"button button--arrow\">\n                                                        Sportpanorma: Die spektakul\u00e4re Premiere am Ruchen (06.12.2020)\n                                                        <svg width=\"41\" height=\"15\" viewBox=\"0 0 41 15\" fill=\"none\" xmlns=\"http:\/\/www.w3.org\/2000\/svg\"><path d=\"M39.673 8.32H1.325a.824.824 0 1 1 0-1.649H37.68l-5.005-5.005A.826.826 0 0 1 33.844.5l6.414 6.414c.237.237.307.59.178.9a.83.83 0 0 1-.763.507Z\" fill=\"#C6A07E\"\/><path d=\"M33.251 14.743a.826.826 0 0 1-.583-1.41l6.423-6.422a.826.826 0 0 1 1.167 1.167l-6.422 6.423a.823.823 0 0 1-.585.242Z\" fill=\"#C6A07E\"\/><\/svg>\n                                                <\/a>\n                                                                    <\/div>\n                        <\/div>\n                <\/div>\n        <\/div>\n<\/div>\n<div class=\"button__wrapper et_pb_wly_button_1\n            mobile-- tablet--off desktop--off\"\n     id=\"\">\n        <div class=\"container\">\n                <div class=\"row\">\n                        <div class=\"col s12 l10 xl8 offset-l1 offset-xl2\">\n                                <div class=\"button--left\">\n                                                                                    <a href=\"https:\/\/www.srf.ch\/audio\/persoenlich\/astrophysikerin-ruth-durrer-und-extrem-bergsteiger-daniel-arnold?id=11883018\" target=\"_blank\" class=\"button button--arrow\">\n                                                        Radio SRF 1: Talk-Sendung \u00abPers\u00f6nlich\u00bb (29.11.2020)\n                                                        <svg width=\"41\" height=\"15\" viewBox=\"0 0 41 15\" fill=\"none\" xmlns=\"http:\/\/www.w3.org\/2000\/svg\"><path d=\"M39.673 8.32H1.325a.824.824 0 1 1 0-1.649H37.68l-5.005-5.005A.826.826 0 0 1 33.844.5l6.414 6.414c.237.237.307.59.178.9a.83.83 0 0 1-.763.507Z\" fill=\"#C6A07E\"\/><path d=\"M33.251 14.743a.826.826 0 0 1-.583-1.41l6.423-6.422a.826.826 0 0 1 1.167 1.167l-6.422 6.423a.823.823 0 0 1-.585.242Z\" fill=\"#C6A07E\"\/><\/svg>\n                                                <\/a>\n                                                                    <\/div>\n                        <\/div>\n                <\/div>\n        <\/div>\n<\/div>\n<div class=\"button__wrapper et_pb_wly_button_2\n            mobile-- tablet--off desktop--off\"\n     id=\"\">\n        <div class=\"container\">\n                <div class=\"row\">\n                        <div class=\"col s12 l10 xl8 offset-l1 offset-xl2\">\n                                <div class=\"button--left\">\n                                                                                    <a href=\"https:\/\/www.rochester-bern.ch\/de\/blog\/interview-mit-botschafter-dani-arnold\/\" target=\"_blank\" class=\"button button--arrow\">\n                                                        RoBe: Die Parallelen zwischen F\u00fchrung in den Bergen und in der Gesch\u00e4ftsweld\n                                                        <svg width=\"41\" height=\"15\" viewBox=\"0 0 41 15\" fill=\"none\" xmlns=\"http:\/\/www.w3.org\/2000\/svg\"><path d=\"M39.673 8.32H1.325a.824.824 0 1 1 0-1.649H37.68l-5.005-5.005A.826.826 0 0 1 33.844.5l6.414 6.414c.237.237.307.59.178.9a.83.83 0 0 1-.763.507Z\" fill=\"#C6A07E\"\/><path d=\"M33.251 14.743a.826.826 0 0 1-.583-1.41l6.423-6.422a.826.826 0 0 1 1.167 1.167l-6.422 6.423a.823.823 0 0 1-.585.242Z\" fill=\"#C6A07E\"\/><\/svg>\n                                                <\/a>\n                                                                    <\/div>\n                        <\/div>\n                <\/div>\n        <\/div>\n<\/div>\n\n\t\t\t<\/div>\n\t\t\t\t\n\t\t\t\t\n\t\t\t\t\n\t\t\t\t\n\t\t\t<\/div>\n\t\t\t\t<\/div>\n\t\t\t<\/div><div class=\"et_pb_row et_pb_row_3  et_pb_css_mix_blend_mode\">\n\t\t\t\t\n\t\t\t\t\n\t\t\t\t\n\t\t\t\t\n\t\t\t\t\n\t\t\t\t\n\t\t\t\t<div class=\"et_pb_module_inner\">\n\t\t\t\t\t<div class=\"row et_pb_row et_pb_row_3  et_pb_css_mix_blend_mode\">\n\t\t\t\t<div class=\"et_pb_column et_pb_column_1_1 s12 col bg--beige et_pb_column_3  et_pb_css_mix_blend_mode et-last-child\">\n\t\t\t\t\n\t\t\t\t\n\t\t\t\t\n\t\t\t\t\n\t\t\t\t<div class=\"blog-posts__teaser post-collection block__wrapper et_pb_wly_posts_collection_0\n            mobile-- tablet--off desktop--off\"\n     id=\"\">\n                    <div class=\"container\">\n                <div class=\"row\">\n                    <div class=\"col s12 l10 xl8 offset-l1 offset-xl2\">\n                        <div class=\"boxes__titel\">\n                                                            <h2 class=\"h2\"> Erfahren Sie mehr \u00fcber unseren Markenbotschafter <\/h2>\n                                                                                <\/div>\n                    <\/div>\n                <\/div>\n            <\/div>\n        \n        <div data-vue-instance>\n            <posts-loader\n                    :taxonomies='[{\"slug\":\"language\",\"visible\":true,\"label\":\"Sprache\",\"terms\":[{\"name\":\"Deutsch\",\"slug\":\"deutsch\",\"term_id\":32,\"taxonomy\":\"language\"}]},{\"slug\":\"topic\",\"visible\":true,\"label\":\"Thema\",\"terms\":[{\"name\":\"Dani Arnold\",\"slug\":\"dani-arnold-3\",\"term_id\":177,\"taxonomy\":\"topic\"}]}]'\n                    :pinned-posts='null'\n                    :load-more='true'\n                    :hide-filter='true'\n                    :filter-view-mode='\"taxonomies\"'\n                    :paginator-options='{\"url\":\"\\\/wp-json\\\/wte\\\/paginator\\\/post?teaser_title_type=h3&lang=de&per_page=4&page=0&offset=0&terms%5Blanguage%5D%5B0%5D=32&terms%5Btopic%5D%5B0%5D=177&t=1776859472\",\"initialPage\":0,\"lastPage\":2,\"perPage\":4,\"totalItems\":11,\"taxonomyRelationForHiddenFilter\":\"or\",\"taxonomyRelationForInactiveFilter\":\"or\",\"taxonomyRelationForActiveFilter\":\"and\",\"initialData\":null}'>\n                            <\/posts-loader>\n        <\/div>\n\n        <\/div>\n\n\t\t\t<\/div>\n\t\t\t\t\n\t\t\t\t\n\t\t\t\t\n\t\t\t\t\n\t\t\t<\/div>\n\t\t\t\t<\/div>\n\t\t\t<\/div>\n\t\t\t\t\n\t\t\t\t\n\t\t\t    <\/div>\n\t\t\t<\/div>\n\t\t\t\t<\/div>\n\t\t\t<\/div>\n","protected":false},"excerpt":{"rendered":"<p>Lernen Sie unser Markenbotschafter kennen Dani Arnold&#8230;<\/p>\n","protected":false},"author":2,"featured_media":0,"parent":0,"menu_order":29,"comment_status":"closed","ping_status":"closed","template":"","meta":{"_acf_changed":false,"_et_pb_use_builder":"on","_et_pb_old_content":"","_et_gb_content_width":"","inline_featured_image":false,"footnotes":""},"class_list":["post-4727","page","type-page","status-publish","hentry"],"acf":[],"yoast_head":"<!-- This site is optimized with the Yoast SEO plugin v27.2 - https:\/\/yoast.com\/product\/yoast-seo-wordpress\/ -->\n<title>Markenbotschafter &#8211; Rochester-Bern<\/title>\n<meta name=\"description\" content=\"Dani Arnold ist Markenbotschafter von RoBe. Erfahren Sie mehr \u00fcber die Parallelen zwischen F\u00fchrung in den Bergen und in der Wirtschaft.\" \/>\n<meta name=\"robots\" content=\"index, follow, max-snippet:-1, max-image-preview:large, max-video-preview:-1\" \/>\n<link rel=\"canonical\" href=\"https:\/\/www.rochester-bern.ch\/de\/markenbotschafter\/\" \/>\n<meta property=\"og:locale\" content=\"de_DE\" \/>\n<meta property=\"og:type\" content=\"article\" \/>\n<meta property=\"og:title\" content=\"Markenbotschafter &#8211; Rochester-Bern\" \/>\n<meta property=\"og:description\" content=\"Dani Arnold ist Markenbotschafter von RoBe. Erfahren Sie mehr \u00fcber die Parallelen zwischen F\u00fchrung in den Bergen und in der Wirtschaft.\" \/>\n<meta property=\"og:url\" content=\"https:\/\/www.rochester-bern.ch\/de\/markenbotschafter\/\" \/>\n<meta property=\"og:site_name\" content=\"Rochester-Bern\" \/>\n<meta property=\"article:modified_time\" content=\"2026-04-09T05:59:23+00:00\" \/>\n<meta name=\"twitter:card\" content=\"summary_large_image\" \/>\n<meta name=\"twitter:label1\" content=\"Gesch\u00e4tzte Lesezeit\" \/>\n\t<meta name=\"twitter:data1\" content=\"2\u00a0Minuten\" \/>\n<script type=\"application\/ld+json\" class=\"yoast-schema-graph\">{\"@context\":\"https:\/\/schema.org\",\"@graph\":[{\"@type\":\"WebPage\",\"@id\":\"https:\/\/www.rochester-bern.ch\/de\/markenbotschafter\/\",\"url\":\"https:\/\/www.rochester-bern.ch\/de\/markenbotschafter\/\",\"name\":\"Markenbotschafter &#8211; Rochester-Bern\",\"isPartOf\":{\"@id\":\"https:\/\/rochester.incms.net\/#website\"},\"datePublished\":\"2022-11-28T14:07:22+00:00\",\"dateModified\":\"2026-04-09T05:59:23+00:00\",\"description\":\"Dani Arnold ist Markenbotschafter von RoBe. Erfahren Sie mehr \u00fcber die Parallelen zwischen F\u00fchrung in den Bergen und in der Wirtschaft.\",\"breadcrumb\":{\"@id\":\"https:\/\/www.rochester-bern.ch\/de\/markenbotschafter\/#breadcrumb\"},\"inLanguage\":\"de\",\"potentialAction\":[{\"@type\":\"ReadAction\",\"target\":[\"https:\/\/www.rochester-bern.ch\/de\/markenbotschafter\/\"]}]},{\"@type\":\"BreadcrumbList\",\"@id\":\"https:\/\/www.rochester-bern.ch\/de\/markenbotschafter\/#breadcrumb\",\"itemListElement\":[{\"@type\":\"ListItem\",\"position\":1,\"name\":\"Home\",\"item\":\"https:\/\/www.rochester-bern.ch\/de\/\"},{\"@type\":\"ListItem\",\"position\":2,\"name\":\"Markenbotschafter\"}]},{\"@type\":\"WebSite\",\"@id\":\"https:\/\/rochester.incms.net\/#website\",\"url\":\"https:\/\/rochester.incms.net\/\",\"name\":\"Rochester-Bern\",\"description\":\"Executive Programs - further Education for Executives\",\"potentialAction\":[{\"@type\":\"SearchAction\",\"target\":{\"@type\":\"EntryPoint\",\"urlTemplate\":\"https:\/\/rochester.incms.net\/?s={search_term_string}\"},\"query-input\":{\"@type\":\"PropertyValueSpecification\",\"valueRequired\":true,\"valueName\":\"search_term_string\"}}],\"inLanguage\":\"de\"}]}<\/script>\n<!-- \/ Yoast SEO plugin. -->","yoast_head_json":{"title":"Markenbotschafter &#8211; Rochester-Bern","description":"Dani Arnold ist Markenbotschafter von RoBe. Erfahren Sie mehr \u00fcber die Parallelen zwischen F\u00fchrung in den Bergen und in der Wirtschaft.","robots":{"index":"index","follow":"follow","max-snippet":"max-snippet:-1","max-image-preview":"max-image-preview:large","max-video-preview":"max-video-preview:-1"},"canonical":"https:\/\/www.rochester-bern.ch\/de\/markenbotschafter\/","og_locale":"de_DE","og_type":"article","og_title":"Markenbotschafter &#8211; Rochester-Bern","og_description":"Dani Arnold ist Markenbotschafter von RoBe. Erfahren Sie mehr \u00fcber die Parallelen zwischen F\u00fchrung in den Bergen und in der Wirtschaft.","og_url":"https:\/\/www.rochester-bern.ch\/de\/markenbotschafter\/","og_site_name":"Rochester-Bern","article_modified_time":"2026-04-09T05:59:23+00:00","twitter_card":"summary_large_image","twitter_misc":{"Gesch\u00e4tzte Lesezeit":"2\u00a0Minuten"},"schema":{"@context":"https:\/\/schema.org","@graph":[{"@type":"WebPage","@id":"https:\/\/www.rochester-bern.ch\/de\/markenbotschafter\/","url":"https:\/\/www.rochester-bern.ch\/de\/markenbotschafter\/","name":"Markenbotschafter &#8211; Rochester-Bern","isPartOf":{"@id":"https:\/\/rochester.incms.net\/#website"},"datePublished":"2022-11-28T14:07:22+00:00","dateModified":"2026-04-09T05:59:23+00:00","description":"Dani Arnold ist Markenbotschafter von RoBe. Erfahren Sie mehr \u00fcber die Parallelen zwischen F\u00fchrung in den Bergen und in der Wirtschaft.","breadcrumb":{"@id":"https:\/\/www.rochester-bern.ch\/de\/markenbotschafter\/#breadcrumb"},"inLanguage":"de","potentialAction":[{"@type":"ReadAction","target":["https:\/\/www.rochester-bern.ch\/de\/markenbotschafter\/"]}]},{"@type":"BreadcrumbList","@id":"https:\/\/www.rochester-bern.ch\/de\/markenbotschafter\/#breadcrumb","itemListElement":[{"@type":"ListItem","position":1,"name":"Home","item":"https:\/\/www.rochester-bern.ch\/de\/"},{"@type":"ListItem","position":2,"name":"Markenbotschafter"}]},{"@type":"WebSite","@id":"https:\/\/rochester.incms.net\/#website","url":"https:\/\/rochester.incms.net\/","name":"Rochester-Bern","description":"Executive Programs - further Education for Executives","potentialAction":[{"@type":"SearchAction","target":{"@type":"EntryPoint","urlTemplate":"https:\/\/rochester.incms.net\/?s={search_term_string}"},"query-input":{"@type":"PropertyValueSpecification","valueRequired":true,"valueName":"search_term_string"}}],"inLanguage":"de"}]}},"_links":{"self":[{"href":"https:\/\/www.rochester-bern.ch\/de\/wp-json\/wp\/v2\/pages\/4727","targetHints":{"allow":["GET"]}}],"collection":[{"href":"https:\/\/www.rochester-bern.ch\/de\/wp-json\/wp\/v2\/pages"}],"about":[{"href":"https:\/\/www.rochester-bern.ch\/de\/wp-json\/wp\/v2\/types\/page"}],"author":[{"embeddable":true,"href":"https:\/\/www.rochester-bern.ch\/de\/wp-json\/wp\/v2\/users\/2"}],"replies":[{"embeddable":true,"href":"https:\/\/www.rochester-bern.ch\/de\/wp-json\/wp\/v2\/comments?post=4727"}],"version-history":[{"count":18,"href":"https:\/\/www.rochester-bern.ch\/de\/wp-json\/wp\/v2\/pages\/4727\/revisions"}],"predecessor-version":[{"id":23838,"href":"https:\/\/www.rochester-bern.ch\/de\/wp-json\/wp\/v2\/pages\/4727\/revisions\/23838"}],"wp:attachment":[{"href":"https:\/\/www.rochester-bern.ch\/de\/wp-json\/wp\/v2\/media?parent=4727"}],"curies":[{"name":"wp","href":"https:\/\/api.w.org\/{rel}","templated":true}]}}