{"id":888,"date":"2023-02-20T11:07:49","date_gmt":"2023-02-20T11:07:49","guid":{"rendered":"https:\/\/www.rochester-bern.ch\/impressum\/"},"modified":"2024-01-29T14:38:26","modified_gmt":"2024-01-29T14:38:26","slug":"impressum","status":"publish","type":"page","link":"https:\/\/www.rochester-bern.ch\/de\/impressum\/","title":{"rendered":"Impressum"},"content":{"rendered":"<div class=\"et_pb_section et_pb_section_0  et_pb_css_mix_blend_mode et_section_regular et_section_transparent\">\n\t\t\t\t\n\t\t\t\t\n\t\t\t\t\n\t\t\t\t\n\t\t\t\t\n\t\t\t\t\n\t\t\t\t<div class=\"et_pb_module_inner\">\n\t\t\t\t\t<div class=\"et_pb_section et_pb_section_0  et_pb_css_mix_blend_mode et_section_regular et_section_transparent\" >\n            <div >\n\t\t\t\t\n\t\t\t\t\n\t\t\t\t\n\t\t\t\t\n\t\t\t\t\n\t\t\t\t\n\t\t\t\t<div class=\"et_pb_row et_pb_row_0  et_pb_css_mix_blend_mode\">\n\t\t\t\t\n\t\t\t\t\n\t\t\t\t\n\t\t\t\t\n\t\t\t\t\n\t\t\t\t\n\t\t\t\t<div class=\"et_pb_module_inner\">\n\t\t\t\t\t<div class=\"row et_pb_row et_pb_row_0  et_pb_css_mix_blend_mode\">\n\t\t\t\t<div class=\"et_pb_column et_pb_column_1_1 s12 col bg--white et_pb_column_0  et_pb_css_mix_blend_mode et-last-child\">\n\t\t\t\t\n\t\t\t\t\n\t\t\t\t\n\t\t\t\t\n\t\t\t\t<div class=\"title__wrapper block__wrapper  text--centered   lead--not  et_pb_wly_title_0\n            mobile-- tablet--off desktop--off\"\n     id=\"\">\n    <div class=\"container\">\n        <div class=\"row\">\n            <div class=\"col s12  xl10               offset-xl1  \">\n                                    <h1>Impressum<\/h1>\n                                            <\/div>\n        <\/div>\n    <\/div>\n<\/div><div class=\"et_pb_text text__wrapper block__wrapper  et_pb_wly_text_0\n            mobile-- tablet--off desktop--off\"\n     id=\"\">\n    <div class=\"container\">\n        <div class=\"row\">\n            <div class=\"col s12 l10 xl8  offset-l1 offset-xl2 \">\n                                    <h4>Kontaktadresse<\/h4>\n<p>Rochester-Bern Executive Programs<br \/>Hochschulstrasse 4<br \/>3012 Bern<br \/>Switzerland<br \/>info@rochester-bern.ch<strong><br \/><\/strong><\/p>\n<h4>Vertretungsberechtigte Personen<\/h4>\n<p>Prof. em. Dr. Claudio Loderer, Delegierter des Stiftungsrats<br \/>Prof. Dr. Petra J\u00f6rg Perrin, CEO<\/p>\n<h4>Handelsregistereintrag<\/h4>\n<p>Eingetragener Firmenname:<br \/>Foundation William E. Simon Graduate School of Business Administration in Switzerland<\/p>\n<p>Unternehmens-Nr. (UID): CHE-112.482.221<br \/>Handelsregisteramt: Bern<\/p>\n<h4>Datenschutzerkl\u00e4rung<\/h4>\n<p><a href=\"https:\/\/www.rochester-bern.ch\/de\/datenschutzerklaerung\/\" target=\"_blank\" rel=\"noopener\">Unsere Datenschutzerkl\u00e4rung finden Sie hier.<\/a><\/p>\n<h4>Allgemeine Gesch\u00e4ftsbedingungen (AGB)<\/h4>\n<p><a href=\"https:\/\/www.rochester-bern.ch\/de\/allgemeine-geschaeftsbedingungen\/\" target=\"_blank\" rel=\"noopener\">Unsere Allgemeinen Gesch\u00e4ftsbedingungen finden Sie hier.<\/a><\/p>\n<h4>Studienreglement<\/h4>\n<p><a href=\"https:\/\/www.rochester-bern.ch\/app\/uploads\/2023\/03\/20230321_document_regulations_MAS_DAS_CAS.pdf\" target=\"_blank\" rel=\"noopener\">Unser Studienreglement finden Sie hier.<\/a><\/p>\n<h4>Haftungsausschluss<\/h4>\n<p>Der Autor \u00fcbernimmt keinerlei Gew\u00e4hr hinsichtlich der inhaltlichen Richtigkeit, Genauigkeit, Aktualit\u00e4t, Zuverl\u00e4ssigkeit und Vollst\u00e4ndigkeit der Informationen.<\/p>\n<p>Haftungsanspr\u00fcche gegen den Autor wegen Sch\u00e4den materieller oder immaterieller Art, welche aus dem Zugriff oder der Nutzung bzw. Nichtnutzung der ver\u00f6ffentlichten Informationen, durch Missbrauch der Verbindung oder durch technische St\u00f6rungen entstanden sind, werden ausgeschlossen.<\/p>\n<p>Alle Angebote sind unverbindlich. Der Autor beh\u00e4lt es sich ausdr\u00fccklich vor, Teile der Seiten oder das gesamte Angebot ohne gesonderte Ank\u00fcndigung zu ver\u00e4ndern, zu erg\u00e4nzen, zu l\u00f6schen oder die Ver\u00f6ffentlichung zeitweise oder endg\u00fcltig einzustellen.<\/p>\n<h4>Haftungsausschluss f\u00fcr Links<\/h4>\n<p>Verweise und Links auf Webseiten Dritter liegen ausserhalb unseres Verantwortungsbereichs. Es wird jegliche Verantwortung f\u00fcr solche Webseiten abgelehnt. Der Zugriff und die Nutzung solcher Webseiten erfolgen auf eigene Gefahr der jeweiligen Nutzerin bzw. des jeweiligen Nutzers.<\/p>\n<h4>Urheberrechte<\/h4>\n<p>Die Urheber- und alle anderen Rechte an Inhalten, Bildern, Fotos oder anderen Dateien auf dieser Website geh\u00f6ren ausschliesslich\u00a0<strong>der juristischen Person Foundation William E. Simon Graduate School of Business Administration in Switzerland\u00a0<\/strong>oder den speziell genannten Rechtsinhabern. F\u00fcr die Reproduktion jeglicher Elemente ist die schriftliche Zustimmung der Urheberrechtstr\u00e4ger im Voraus einzuholen.<\/p>\n<p>Website, Fotos, Filme und Illustrationen erstellt von:<\/p>\n<p>&#8211; Website: <a href=\"https:\/\/www.weloveyou.ch\/\" target=\"_blank\" rel=\"noopener\">WeLoveYou AG<\/a><\/p>\n<p>&#8211; Foto Header Startseite: Matthias L\u00fcscher<\/p>\n<p>&#8211; Foto im Footer Beatenberg Berner Oberland: Felix Br\u00f6nnimann von <a href=\"https:\/\/teefarm.ch\/\" target=\"_blank\" rel=\"noopener\">teefarm.ch<\/a><\/p>\n<p>&#8211; Fotos Headerbilder Programme: <a href=\"https:\/\/www.dropzone-productions.ch\/\" target=\"_blank\" rel=\"noopener\">dropZone-Productions GmbH<\/a><\/p>\n<p>&#8211; Illustration Modulares EMBA: <a href=\"https:\/\/cleverclipstudios.com\/de-ch\/\" target=\"_blank\" rel=\"noopener\">Cleverclip<\/a><\/p>\n<p>&#8211; Videos Einblicke in Weiterbildungen und \u00dcber RoBe: <a href=\"https:\/\/www.smovie.ch\/de\/\" target=\"_blank\" rel=\"noopener\">Smovie Film GmbH<\/a><\/p>\n<p>\u00a0<\/p>\n<p><strong>Quelle: <\/strong>Dieses Impressum wurde am\u00a0<strong>15.02.2023<\/strong> mit dem Impressum-Generator der Firma <a href=\"https:\/\/www.swissanwalt.ch\/\" target=\"_blank\" rel=\"noopener\">SwissAnwalt<\/a> in Neukirch erstellt. Die SwissAnwalt in Neukirch \u00fcbernimmt keine Haftung.<\/p>\n<p>\u00a0<\/p>\n                            <\/div>\n        <\/div>\n    <\/div>\n<\/div>\n\n\t\t\t<\/div>\n\t\t\t\t\n\t\t\t\t\n\t\t\t\t\n\t\t\t\t\n\t\t\t<\/div>\n\t\t\t\t<\/div>\n\t\t\t<\/div>\n\t\t\t\t\n\t\t\t\t\n\t\t\t    <\/div>\n\t\t\t<\/div>\n\t\t\t\t<\/div>\n\t\t\t<\/div>\n","protected":false},"excerpt":{"rendered":"<p>Impressum Kontaktadresse Rochester-Bern Executive&#8230;<\/p>\n","protected":false},"author":5,"featured_media":0,"parent":0,"menu_order":0,"comment_status":"closed","ping_status":"closed","template":"","meta":{"_acf_changed":false,"_et_pb_use_builder":"on","_et_pb_old_content":"","_et_gb_content_width":"","inline_featured_image":false,"footnotes":""},"class_list":["post-888","page","type-page","status-publish","hentry"],"acf":[],"yoast_head":"<!-- This site is optimized with the Yoast SEO plugin v27.2 - https:\/\/yoast.com\/product\/yoast-seo-wordpress\/ -->\n<title>Impressum &#8211; Rochester-Bern<\/title>\n<meta name=\"description\" content=\"Impressum \u00b7 Datenschutz \u00b7 AGB. Wir verwenden Cookies um Ihnen eine nutzerfreundliche Webseite zur Verf\u00fcgung zu stellen.\" \/>\n<meta name=\"robots\" content=\"noindex, nofollow\" \/>\n<meta property=\"og:locale\" content=\"de_DE\" \/>\n<meta property=\"og:type\" content=\"article\" \/>\n<meta property=\"og:title\" content=\"Impressum &#8211; Rochester-Bern\" \/>\n<meta property=\"og:description\" content=\"Impressum \u00b7 Datenschutz \u00b7 AGB. Wir verwenden Cookies um Ihnen eine nutzerfreundliche Webseite zur Verf\u00fcgung zu stellen.\" \/>\n<meta property=\"og:url\" content=\"https:\/\/www.rochester-bern.ch\/de\/impressum\/\" \/>\n<meta property=\"og:site_name\" content=\"Rochester-Bern\" \/>\n<meta property=\"article:modified_time\" content=\"2024-01-29T14:38:26+00:00\" \/>\n<meta name=\"twitter:card\" content=\"summary_large_image\" \/>\n<meta name=\"twitter:label1\" content=\"Gesch\u00e4tzte Lesezeit\" \/>\n\t<meta name=\"twitter:data1\" content=\"2\u00a0Minuten\" \/>\n<script type=\"application\/ld+json\" class=\"yoast-schema-graph\">{\"@context\":\"https:\/\/schema.org\",\"@graph\":[{\"@type\":\"WebPage\",\"@id\":\"https:\/\/www.rochester-bern.ch\/de\/impressum\/\",\"url\":\"https:\/\/www.rochester-bern.ch\/de\/impressum\/\",\"name\":\"Impressum &#8211; Rochester-Bern\",\"isPartOf\":{\"@id\":\"https:\/\/rochester.incms.net\/#website\"},\"datePublished\":\"2023-02-20T11:07:49+00:00\",\"dateModified\":\"2024-01-29T14:38:26+00:00\",\"description\":\"Impressum \u00b7 Datenschutz \u00b7 AGB. Wir verwenden Cookies um Ihnen eine nutzerfreundliche Webseite zur Verf\u00fcgung zu stellen.\",\"breadcrumb\":{\"@id\":\"https:\/\/www.rochester-bern.ch\/de\/impressum\/#breadcrumb\"},\"inLanguage\":\"de\",\"potentialAction\":[{\"@type\":\"ReadAction\",\"target\":[\"https:\/\/www.rochester-bern.ch\/de\/impressum\/\"]}]},{\"@type\":\"BreadcrumbList\",\"@id\":\"https:\/\/www.rochester-bern.ch\/de\/impressum\/#breadcrumb\",\"itemListElement\":[{\"@type\":\"ListItem\",\"position\":1,\"name\":\"Home\",\"item\":\"https:\/\/www.rochester-bern.ch\/de\/\"},{\"@type\":\"ListItem\",\"position\":2,\"name\":\"Impressum\"}]},{\"@type\":\"WebSite\",\"@id\":\"https:\/\/rochester.incms.net\/#website\",\"url\":\"https:\/\/rochester.incms.net\/\",\"name\":\"Rochester-Bern\",\"description\":\"Executive Programs - further Education for Executives\",\"potentialAction\":[{\"@type\":\"SearchAction\",\"target\":{\"@type\":\"EntryPoint\",\"urlTemplate\":\"https:\/\/rochester.incms.net\/?s={search_term_string}\"},\"query-input\":{\"@type\":\"PropertyValueSpecification\",\"valueRequired\":true,\"valueName\":\"search_term_string\"}}],\"inLanguage\":\"de\"}]}<\/script>\n<!-- \/ Yoast SEO plugin. -->","yoast_head_json":{"title":"Impressum &#8211; Rochester-Bern","description":"Impressum \u00b7 Datenschutz \u00b7 AGB. Wir verwenden Cookies um Ihnen eine nutzerfreundliche Webseite zur Verf\u00fcgung zu stellen.","robots":{"index":"noindex","follow":"nofollow"},"og_locale":"de_DE","og_type":"article","og_title":"Impressum &#8211; Rochester-Bern","og_description":"Impressum \u00b7 Datenschutz \u00b7 AGB. Wir verwenden Cookies um Ihnen eine nutzerfreundliche Webseite zur Verf\u00fcgung zu stellen.","og_url":"https:\/\/www.rochester-bern.ch\/de\/impressum\/","og_site_name":"Rochester-Bern","article_modified_time":"2024-01-29T14:38:26+00:00","twitter_card":"summary_large_image","twitter_misc":{"Gesch\u00e4tzte Lesezeit":"2\u00a0Minuten"},"schema":{"@context":"https:\/\/schema.org","@graph":[{"@type":"WebPage","@id":"https:\/\/www.rochester-bern.ch\/de\/impressum\/","url":"https:\/\/www.rochester-bern.ch\/de\/impressum\/","name":"Impressum &#8211; Rochester-Bern","isPartOf":{"@id":"https:\/\/rochester.incms.net\/#website"},"datePublished":"2023-02-20T11:07:49+00:00","dateModified":"2024-01-29T14:38:26+00:00","description":"Impressum \u00b7 Datenschutz \u00b7 AGB. Wir verwenden Cookies um Ihnen eine nutzerfreundliche Webseite zur Verf\u00fcgung zu stellen.","breadcrumb":{"@id":"https:\/\/www.rochester-bern.ch\/de\/impressum\/#breadcrumb"},"inLanguage":"de","potentialAction":[{"@type":"ReadAction","target":["https:\/\/www.rochester-bern.ch\/de\/impressum\/"]}]},{"@type":"BreadcrumbList","@id":"https:\/\/www.rochester-bern.ch\/de\/impressum\/#breadcrumb","itemListElement":[{"@type":"ListItem","position":1,"name":"Home","item":"https:\/\/www.rochester-bern.ch\/de\/"},{"@type":"ListItem","position":2,"name":"Impressum"}]},{"@type":"WebSite","@id":"https:\/\/rochester.incms.net\/#website","url":"https:\/\/rochester.incms.net\/","name":"Rochester-Bern","description":"Executive Programs - further Education for Executives","potentialAction":[{"@type":"SearchAction","target":{"@type":"EntryPoint","urlTemplate":"https:\/\/rochester.incms.net\/?s={search_term_string}"},"query-input":{"@type":"PropertyValueSpecification","valueRequired":true,"valueName":"search_term_string"}}],"inLanguage":"de"}]}},"_links":{"self":[{"href":"https:\/\/www.rochester-bern.ch\/de\/wp-json\/wp\/v2\/pages\/888","targetHints":{"allow":["GET"]}}],"collection":[{"href":"https:\/\/www.rochester-bern.ch\/de\/wp-json\/wp\/v2\/pages"}],"about":[{"href":"https:\/\/www.rochester-bern.ch\/de\/wp-json\/wp\/v2\/types\/page"}],"author":[{"embeddable":true,"href":"https:\/\/www.rochester-bern.ch\/de\/wp-json\/wp\/v2\/users\/5"}],"replies":[{"embeddable":true,"href":"https:\/\/www.rochester-bern.ch\/de\/wp-json\/wp\/v2\/comments?post=888"}],"version-history":[{"count":15,"href":"https:\/\/www.rochester-bern.ch\/de\/wp-json\/wp\/v2\/pages\/888\/revisions"}],"predecessor-version":[{"id":10344,"href":"https:\/\/www.rochester-bern.ch\/de\/wp-json\/wp\/v2\/pages\/888\/revisions\/10344"}],"wp:attachment":[{"href":"https:\/\/www.rochester-bern.ch\/de\/wp-json\/wp\/v2\/media?parent=888"}],"curies":[{"name":"wp","href":"https:\/\/api.w.org\/{rel}","templated":true}]}}