{"id":892,"date":"2023-02-09T12:48:20","date_gmt":"2023-02-09T11:48:20","guid":{"rendered":"https:\/\/www.rochester-bern.ch\/blog\/"},"modified":"2026-04-10T09:22:44","modified_gmt":"2026-04-10T08:22:44","slug":"blog","status":"publish","type":"page","link":"https:\/\/www.rochester-bern.ch\/de\/blog\/","title":{"rendered":"Blog"},"content":{"rendered":"<div class=\"et_pb_section et_pb_section_0  et_pb_css_mix_blend_mode et_section_regular et_section_transparent\">\n\t\t\t\t\n\t\t\t\t\n\t\t\t\t\n\t\t\t\t\n\t\t\t\t\n\t\t\t\t\n\t\t\t\t<div class=\"et_pb_module_inner\">\n\t\t\t\t\t<div class=\"et_pb_section et_pb_section_0  et_pb_css_mix_blend_mode et_section_regular et_section_transparent\" >\n            <div >\n\t\t\t\t\n\t\t\t\t\n\t\t\t\t\n\t\t\t\t\n\t\t\t\t\n\t\t\t\t\n\t\t\t\t<div class=\"et_pb_row et_pb_row_0  et_pb_css_mix_blend_mode\">\n\t\t\t\t\n\t\t\t\t\n\t\t\t\t\n\t\t\t\t\n\t\t\t\t\n\t\t\t\t\n\t\t\t\t<div class=\"et_pb_module_inner\">\n\t\t\t\t\t<div class=\"row et_pb_row et_pb_row_0  et_pb_css_mix_blend_mode\">\n\t\t\t\t<div class=\"et_pb_column et_pb_column_1_1 s12 col bg--white et_pb_column_0  et_pb_css_mix_blend_mode et-last-child\">\n\t\t\t\t\n\t\t\t\t\n\t\t\t\t\n\t\t\t\t\n\t\t\t\t<div class=\"title__wrapper block__wrapper  text--centered   et_pb_wly_title_0\n            mobile-- tablet--off desktop--off\"\n     id=\"\">\n    <div class=\"container\">\n        <div class=\"row\">\n            <div class=\"col s12  xl10               offset-xl1  \">\n                                    <h1>Blog<\/h1>\n                                                    <div class=\"lead\">\n                        News, Updates und Know-how von und \u00fcber Rochester-Bern. Entdecken Sie, wie ein EMBA Studientag aussieht. Erfahren Sie mehr \u00fcber F\u00fchrungs- und Managementthemen. Und das Wichtigste: Bleiben Sie \u00fcber Rochester-Bern auf dem Laufenden. \n                    <\/div>\n                            <\/div>\n        <\/div>\n    <\/div>\n<\/div>\n\t\t\t<\/div>\n\t\t\t\t\n\t\t\t\t\n\t\t\t\t\n\t\t\t\t\n\t\t\t<\/div>\n\t\t\t\t<\/div>\n\t\t\t<\/div><div class=\"et_pb_row et_pb_row_1  et_pb_css_mix_blend_mode\">\n\t\t\t\t\n\t\t\t\t\n\t\t\t\t\n\t\t\t\t\n\t\t\t\t\n\t\t\t\t\n\t\t\t\t<div class=\"et_pb_module_inner\">\n\t\t\t\t\t<div class=\"row et_pb_row et_pb_row_1  et_pb_css_mix_blend_mode\">\n\t\t\t\t<div class=\"et_pb_column et_pb_column_1_1 s12 col bg--beige et_pb_column_1  et_pb_css_mix_blend_mode et-last-child\">\n\t\t\t\t\n\t\t\t\t\n\t\t\t\t\n\t\t\t\t\n\t\t\t\t<div class=\"blog-posts__teaser post-collection block__wrapper et_pb_wly_posts_collection_0\n            mobile-- tablet--off desktop--off\"\n     id=\"\">\n                    <div class=\"container\">\n                <div class=\"row\">\n                    <div class=\"col s12 l10 xl8 offset-l1 offset-xl2\">\n                        <div class=\"boxes__titel\">\n                                                            <h2 class=\"h2\"> Unsere Blogartikel <\/h2>\n                                                                                <\/div>\n                    <\/div>\n                <\/div>\n            <\/div>\n        \n        <div data-vue-instance>\n            <posts-loader\n                    :taxonomies='[{\"slug\":\"language\",\"visible\":false,\"label\":\"Sprache\",\"terms\":[{\"name\":\"Englisch\",\"slug\":\"englisch\",\"term_id\":31,\"taxonomy\":\"language\"},{\"name\":\"Deutsch\",\"slug\":\"deutsch\",\"term_id\":32,\"taxonomy\":\"language\"}]},{\"slug\":\"topic\",\"visible\":true,\"label\":\"Thema\",\"terms\":[{\"name\":\"Executive MBA\",\"slug\":\"emba-de\",\"term_id\":128,\"taxonomy\":\"topic\"},{\"name\":\"Verwaltungsrat\",\"slug\":\"verwaltungsrat\",\"term_id\":133,\"taxonomy\":\"topic\"},{\"name\":\"F\\u00fchrung\",\"slug\":\"leadership-and-inclusion\",\"term_id\":183,\"taxonomy\":\"topic\"},{\"name\":\"Alumni\\\/-ae\",\"slug\":\"alumni-ae-de\",\"term_id\":182,\"taxonomy\":\"topic\"},{\"name\":\"Neue Technologien\",\"slug\":\"neue-technologien\",\"term_id\":353,\"taxonomy\":\"topic\"},{\"name\":\"Karriere\",\"slug\":\"karriere\",\"term_id\":125,\"taxonomy\":\"topic\"},{\"name\":\"Student Blog\",\"slug\":\"student-blog-3\",\"term_id\":130,\"taxonomy\":\"topic\"},{\"name\":\"Dani Arnold\",\"slug\":\"dani-arnold-3\",\"term_id\":177,\"taxonomy\":\"topic\"},{\"name\":\"30 Jahre RoBe\",\"slug\":\"30-jahre-robe\",\"term_id\":358,\"taxonomy\":\"topic\"}]}]'\n                    :pinned-posts='null'\n                    :load-more='true'\n                    :hide-filter='false'\n                    :filter-view-mode='\"taxonomies\"'\n                    :paginator-options='{\"url\":\"\\\/wp-json\\\/wte\\\/paginator\\\/post?teaser_title_type=h3&lang=de&per_page=12&page=0&offset=0&t=1776873226\",\"initialPage\":0,\"lastPage\":17,\"perPage\":12,\"totalItems\":216,\"taxonomyRelationForHiddenFilter\":\"or\",\"taxonomyRelationForInactiveFilter\":\"or\",\"taxonomyRelationForActiveFilter\":\"and\",\"initialData\":null}'>\n                            <\/posts-loader>\n        <\/div>\n\n        <\/div>\n\n\t\t\t<\/div>\n\t\t\t\t\n\t\t\t\t\n\t\t\t\t\n\t\t\t\t\n\t\t\t<\/div>\n\t\t\t\t<\/div>\n\t\t\t<\/div>\n\t\t\t\t\n\t\t\t\t\n\t\t\t    <\/div>\n\t\t\t<\/div>\n\t\t\t\t<\/div>\n\t\t\t<\/div>\n","protected":false},"excerpt":{"rendered":"<p>Blog News, Updates und Know-how von und \u00fcber&#8230;<\/p>\n","protected":false},"author":5,"featured_media":0,"parent":0,"menu_order":10,"comment_status":"closed","ping_status":"closed","template":"","meta":{"_acf_changed":false,"_et_pb_use_builder":"on","_et_pb_old_content":"","_et_gb_content_width":"","inline_featured_image":false,"footnotes":""},"class_list":["post-892","page","type-page","status-publish","hentry"],"acf":[],"yoast_head":"<!-- This site is optimized with the Yoast SEO plugin v27.2 - https:\/\/yoast.com\/product\/yoast-seo-wordpress\/ -->\n<title>Blog &#8211; Rochester-Bern<\/title>\n<meta name=\"description\" content=\"Auf diesem Blog finden Sie News, Updates und Know-how \u00fcber die Weiterbildungen von Rochester-Bern und \u00fcber Rochester-Bern selbst.\" \/>\n<meta name=\"robots\" content=\"index, follow, max-snippet:-1, max-image-preview:large, max-video-preview:-1\" \/>\n<link rel=\"canonical\" href=\"https:\/\/www.rochester-bern.ch\/de\/blog\/\" \/>\n<meta property=\"og:locale\" content=\"de_DE\" \/>\n<meta property=\"og:type\" content=\"article\" \/>\n<meta property=\"og:title\" content=\"Blog &#8211; Rochester-Bern\" \/>\n<meta property=\"og:description\" content=\"Auf diesem Blog finden Sie News, Updates und Know-how \u00fcber die Weiterbildungen von Rochester-Bern und \u00fcber Rochester-Bern selbst.\" \/>\n<meta property=\"og:url\" content=\"https:\/\/www.rochester-bern.ch\/de\/blog\/\" \/>\n<meta property=\"og:site_name\" content=\"Rochester-Bern\" \/>\n<meta property=\"article:modified_time\" content=\"2026-04-10T08:22:44+00:00\" \/>\n<meta name=\"twitter:card\" content=\"summary_large_image\" \/>\n<meta name=\"twitter:label1\" content=\"Gesch\u00e4tzte Lesezeit\" \/>\n\t<meta name=\"twitter:data1\" content=\"1\u00a0Minute\" \/>\n<script type=\"application\/ld+json\" class=\"yoast-schema-graph\">{\"@context\":\"https:\/\/schema.org\",\"@graph\":[{\"@type\":\"WebPage\",\"@id\":\"https:\/\/www.rochester-bern.ch\/de\/blog\/\",\"url\":\"https:\/\/www.rochester-bern.ch\/de\/blog\/\",\"name\":\"Blog &#8211; Rochester-Bern\",\"isPartOf\":{\"@id\":\"https:\/\/rochester.incms.net\/#website\"},\"datePublished\":\"2023-02-09T11:48:20+00:00\",\"dateModified\":\"2026-04-10T08:22:44+00:00\",\"description\":\"Auf diesem Blog finden Sie News, Updates und Know-how \u00fcber die Weiterbildungen von Rochester-Bern und \u00fcber Rochester-Bern selbst.\",\"breadcrumb\":{\"@id\":\"https:\/\/www.rochester-bern.ch\/de\/blog\/#breadcrumb\"},\"inLanguage\":\"de\",\"potentialAction\":[{\"@type\":\"ReadAction\",\"target\":[\"https:\/\/www.rochester-bern.ch\/de\/blog\/\"]}]},{\"@type\":\"BreadcrumbList\",\"@id\":\"https:\/\/www.rochester-bern.ch\/de\/blog\/#breadcrumb\",\"itemListElement\":[{\"@type\":\"ListItem\",\"position\":1,\"name\":\"Home\",\"item\":\"https:\/\/www.rochester-bern.ch\/de\/\"},{\"@type\":\"ListItem\",\"position\":2,\"name\":\"Blog\"}]},{\"@type\":\"WebSite\",\"@id\":\"https:\/\/rochester.incms.net\/#website\",\"url\":\"https:\/\/rochester.incms.net\/\",\"name\":\"Rochester-Bern\",\"description\":\"Executive Programs - further Education for Executives\",\"potentialAction\":[{\"@type\":\"SearchAction\",\"target\":{\"@type\":\"EntryPoint\",\"urlTemplate\":\"https:\/\/rochester.incms.net\/?s={search_term_string}\"},\"query-input\":{\"@type\":\"PropertyValueSpecification\",\"valueRequired\":true,\"valueName\":\"search_term_string\"}}],\"inLanguage\":\"de\"}]}<\/script>\n<!-- \/ Yoast SEO plugin. -->","yoast_head_json":{"title":"Blog &#8211; Rochester-Bern","description":"Auf diesem Blog finden Sie News, Updates und Know-how \u00fcber die Weiterbildungen von Rochester-Bern und \u00fcber Rochester-Bern selbst.","robots":{"index":"index","follow":"follow","max-snippet":"max-snippet:-1","max-image-preview":"max-image-preview:large","max-video-preview":"max-video-preview:-1"},"canonical":"https:\/\/www.rochester-bern.ch\/de\/blog\/","og_locale":"de_DE","og_type":"article","og_title":"Blog &#8211; Rochester-Bern","og_description":"Auf diesem Blog finden Sie News, Updates und Know-how \u00fcber die Weiterbildungen von Rochester-Bern und \u00fcber Rochester-Bern selbst.","og_url":"https:\/\/www.rochester-bern.ch\/de\/blog\/","og_site_name":"Rochester-Bern","article_modified_time":"2026-04-10T08:22:44+00:00","twitter_card":"summary_large_image","twitter_misc":{"Gesch\u00e4tzte Lesezeit":"1\u00a0Minute"},"schema":{"@context":"https:\/\/schema.org","@graph":[{"@type":"WebPage","@id":"https:\/\/www.rochester-bern.ch\/de\/blog\/","url":"https:\/\/www.rochester-bern.ch\/de\/blog\/","name":"Blog &#8211; Rochester-Bern","isPartOf":{"@id":"https:\/\/rochester.incms.net\/#website"},"datePublished":"2023-02-09T11:48:20+00:00","dateModified":"2026-04-10T08:22:44+00:00","description":"Auf diesem Blog finden Sie News, Updates und Know-how \u00fcber die Weiterbildungen von Rochester-Bern und \u00fcber Rochester-Bern selbst.","breadcrumb":{"@id":"https:\/\/www.rochester-bern.ch\/de\/blog\/#breadcrumb"},"inLanguage":"de","potentialAction":[{"@type":"ReadAction","target":["https:\/\/www.rochester-bern.ch\/de\/blog\/"]}]},{"@type":"BreadcrumbList","@id":"https:\/\/www.rochester-bern.ch\/de\/blog\/#breadcrumb","itemListElement":[{"@type":"ListItem","position":1,"name":"Home","item":"https:\/\/www.rochester-bern.ch\/de\/"},{"@type":"ListItem","position":2,"name":"Blog"}]},{"@type":"WebSite","@id":"https:\/\/rochester.incms.net\/#website","url":"https:\/\/rochester.incms.net\/","name":"Rochester-Bern","description":"Executive Programs - further Education for Executives","potentialAction":[{"@type":"SearchAction","target":{"@type":"EntryPoint","urlTemplate":"https:\/\/rochester.incms.net\/?s={search_term_string}"},"query-input":{"@type":"PropertyValueSpecification","valueRequired":true,"valueName":"search_term_string"}}],"inLanguage":"de"}]}},"_links":{"self":[{"href":"https:\/\/www.rochester-bern.ch\/de\/wp-json\/wp\/v2\/pages\/892","targetHints":{"allow":["GET"]}}],"collection":[{"href":"https:\/\/www.rochester-bern.ch\/de\/wp-json\/wp\/v2\/pages"}],"about":[{"href":"https:\/\/www.rochester-bern.ch\/de\/wp-json\/wp\/v2\/types\/page"}],"author":[{"embeddable":true,"href":"https:\/\/www.rochester-bern.ch\/de\/wp-json\/wp\/v2\/users\/5"}],"replies":[{"embeddable":true,"href":"https:\/\/www.rochester-bern.ch\/de\/wp-json\/wp\/v2\/comments?post=892"}],"version-history":[{"count":15,"href":"https:\/\/www.rochester-bern.ch\/de\/wp-json\/wp\/v2\/pages\/892\/revisions"}],"predecessor-version":[{"id":24120,"href":"https:\/\/www.rochester-bern.ch\/de\/wp-json\/wp\/v2\/pages\/892\/revisions\/24120"}],"wp:attachment":[{"href":"https:\/\/www.rochester-bern.ch\/de\/wp-json\/wp\/v2\/media?parent=892"}],"curies":[{"name":"wp","href":"https:\/\/api.w.org\/{rel}","templated":true}]}}