{"id":93,"date":"2022-11-28T13:23:07","date_gmt":"2022-11-28T13:23:07","guid":{"rendered":"https:\/\/www.rochester-bern.ch\/?page_id=93"},"modified":"2024-03-04T10:58:58","modified_gmt":"2024-03-04T10:58:58","slug":"programme","status":"publish","type":"page","link":"https:\/\/www.rochester-bern.ch\/de\/programme\/","title":{"rendered":"Programme"},"content":{"rendered":"<div class=\"et_pb_section et_pb_section_0  et_pb_css_mix_blend_mode et_section_regular et_section_transparent\">\n\t\t\t\t\n\t\t\t\t\n\t\t\t\t\n\t\t\t\t\n\t\t\t\t\n\t\t\t\t\n\t\t\t\t<div class=\"et_pb_module_inner\">\n\t\t\t\t\t<div class=\"et_pb_section et_pb_section_0  et_pb_css_mix_blend_mode et_section_regular et_section_transparent\" >\n            <div >\n\t\t\t\t\n\t\t\t\t\n\t\t\t\t\n\t\t\t\t\n\t\t\t\t\n\t\t\t\t\n\t\t\t\t<div class=\"et_pb_row et_pb_row_0  et_pb_css_mix_blend_mode\">\n\t\t\t\t\n\t\t\t\t\n\t\t\t\t\n\t\t\t\t\n\t\t\t\t\n\t\t\t\t\n\t\t\t\t<div class=\"et_pb_module_inner\">\n\t\t\t\t\t<div class=\"row et_pb_row et_pb_row_0  et_pb_css_mix_blend_mode\">\n\t\t\t\t<div class=\"et_pb_column et_pb_column_1_1 s12 col bg--white et_pb_column_0  et_pb_css_mix_blend_mode et-last-child\">\n\t\t\t\t\n\t\t\t\t\n\t\t\t\t\n\t\t\t\t\n\t\t\t\t<div class=\"title__wrapper block__wrapper  text--centered   et_pb_wly_title_0\n            mobile-- tablet--off desktop--off\"\n     id=\"\">\n    <div class=\"container\">\n        <div class=\"row\">\n            <div class=\"col s12  xl10               offset-xl1  \">\n                                    <h1>Weiterbildung f\u00fcr F\u00fchrungskr\u00e4fte: Programme von Rochester-Bern<\/h1>\n                                                    <div class=\"lead\">\n                        <\/p>\n<p>Rochester-Bern Executive Programs bietet eine breite Palette an Weiterbildungen f\u00fcr F\u00fchrungskr\u00e4fte an. Darunter befinden sich der Rochester-Bern Executive MBA (EMBA), Certificate of Advanced Studies (CAS), Diploma of Advanced Studies (DAS) sowie Seminare. Die Kurse k\u00f6nnen einzeln und zum Teil auch modular besucht werden.<\/p>\n<p>\n                    <\/div>\n                            <\/div>\n        <\/div>\n    <\/div>\n<\/div><div class=\"programs__wrapper post-collection block__wrapper et_pb_wly_programs_collection_0\n            mobile-- tablet--off desktop--off\"\n     id=\"\">\n        <div data-vue-instance>\n        <programs-loader\n                :taxonomies='[{\"slug\":\"focus\",\"visible\":true,\"label\":\"Thema\\\/Fokus\",\"terms\":[{\"name\":\"Analytik \\u0026 Daten\",\"slug\":\"analytik-daten\",\"term_id\":379,\"taxonomy\":\"focus\"},{\"name\":\"Finanzen \\u0026 Wirtschaft\",\"slug\":\"finanzen-wirtschaft\",\"term_id\":382,\"taxonomy\":\"focus\"},{\"name\":\"HR \\u0026 F\\u00fchrung\",\"slug\":\"hr-fuehrung\",\"term_id\":380,\"taxonomy\":\"focus\"},{\"name\":\"Kultur \\u0026 Diversit\\u00e4t\",\"slug\":\"kultur-diversitaet\",\"term_id\":377,\"taxonomy\":\"focus\"},{\"name\":\"Marketing, Sales \\u0026 Lieferkette\",\"slug\":\"marketing-sales-lieferkette\",\"term_id\":378,\"taxonomy\":\"focus\"},{\"name\":\"Strategie \\u0026 Innovation\",\"slug\":\"strategie-innovation\",\"term_id\":381,\"taxonomy\":\"focus\"}]},{\"slug\":\"program_type\",\"visible\":true,\"label\":\"Abschluss\\\/Programm Typ\",\"terms\":[{\"name\":\"EMBA - Executive MBA\",\"slug\":\"emba-de\",\"term_id\":160,\"taxonomy\":\"program_type\"},{\"name\":\"CAS - Certificate of Advanced Studies\",\"slug\":\"cas-de\",\"term_id\":161,\"taxonomy\":\"program_type\"},{\"name\":\"DAS - Diploma of Advanced Studies\",\"slug\":\"das-de\",\"term_id\":162,\"taxonomy\":\"program_type\"},{\"name\":\"CSP - Company Specific Programs\",\"slug\":\"csp-de\",\"term_id\":165,\"taxonomy\":\"program_type\"},{\"name\":\"Modular\",\"slug\":\"modular-de\",\"term_id\":237,\"taxonomy\":\"program_type\"},{\"name\":\"Seminare\",\"slug\":\"seminare\",\"term_id\":163,\"taxonomy\":\"program_type\"}]},{\"slug\":\"experience_level\",\"visible\":false,\"label\":\"Experience Levels\",\"terms\":[{\"name\":\"Anf\\u00e4nger\",\"slug\":\"anfaenger\",\"term_id\":74,\"taxonomy\":\"experience_level\"},{\"name\":\"Fortgeschritten\",\"slug\":\"fortgeschritten\",\"term_id\":75,\"taxonomy\":\"experience_level\"}]},{\"slug\":\"language\",\"visible\":true,\"label\":\"Sprache\",\"terms\":[{\"name\":\"Englisch\",\"slug\":\"englisch\",\"term_id\":31,\"taxonomy\":\"language\"},{\"name\":\"Deutsch\",\"slug\":\"deutsch\",\"term_id\":32,\"taxonomy\":\"language\"}]}]'\n                :load-more='true'\n                :hide-filter='false'\n                :filter-view-mode='\"taxonomies\"'\n                :paginator-options='{\"url\":\"\\\/wp-json\\\/wte\\\/paginator\\\/program?teaser_title_type=h4&lang=de&per_page=12&page=0&offset=0&order_by=menu_order&t=1775271457\",\"initialPage\":0,\"lastPage\":1,\"perPage\":12,\"totalItems\":15,\"taxonomyRelationForHiddenFilter\":\"or\",\"taxonomyRelationForInactiveFilter\":\"or\",\"taxonomyRelationForActiveFilter\":\"and\",\"initialData\":null}'>\n        <\/programs-loader>\n    <\/div>\n<\/div>\n\n\t\t\t<\/div>\n\t\t\t\t\n\t\t\t\t\n\t\t\t\t\n\t\t\t\t\n\t\t\t<\/div>\n\t\t\t\t<\/div>\n\t\t\t<\/div>\n\t\t\t\t\n\t\t\t\t\n\t\t\t    <\/div>\n\t\t\t<\/div>\n\t\t\t\t<\/div>\n\t\t\t<\/div>\n","protected":false},"excerpt":{"rendered":"<p>Weiterbildung f\u00fcr F\u00fchrungskr\u00e4fte: Programme von&#8230;<\/p>\n","protected":false},"author":2,"featured_media":0,"parent":0,"menu_order":34,"comment_status":"closed","ping_status":"closed","template":"","meta":{"_acf_changed":false,"_et_pb_use_builder":"on","_et_pb_old_content":"","_et_gb_content_width":"","inline_featured_image":false,"footnotes":""},"class_list":["post-93","page","type-page","status-publish","hentry"],"acf":[],"yoast_head":"<!-- This site is optimized with the Yoast SEO plugin v27.2 - https:\/\/yoast.com\/product\/yoast-seo-wordpress\/ -->\n<title>Weiterbildung f\u00fcr F\u00fchrungskr\u00e4fte I Rochester-Bern<\/title>\n<meta name=\"description\" content=\"Verschiedene Weiterbildungen f\u00fcr F\u00fchrungskr\u00e4fte und Verwaltungsrat I \u00dcber 30 Jahre Erfahrung\u2713 EMBA\u2713 CAS\u2713 DAS\u2713 Seminare\u2713\" \/>\n<meta name=\"robots\" content=\"index, follow, max-snippet:-1, max-image-preview:large, max-video-preview:-1\" \/>\n<link rel=\"canonical\" href=\"https:\/\/www.rochester-bern.ch\/de\/programme\/\" \/>\n<meta property=\"og:locale\" content=\"de_DE\" \/>\n<meta property=\"og:type\" content=\"article\" \/>\n<meta property=\"og:title\" content=\"Weiterbildung f\u00fcr F\u00fchrungskr\u00e4fte I Rochester-Bern\" \/>\n<meta property=\"og:description\" content=\"Verschiedene Weiterbildungen f\u00fcr F\u00fchrungskr\u00e4fte und Verwaltungsrat I \u00dcber 30 Jahre Erfahrung\u2713 EMBA\u2713 CAS\u2713 DAS\u2713 Seminare\u2713\" \/>\n<meta property=\"og:url\" content=\"https:\/\/www.rochester-bern.ch\/de\/programme\/\" \/>\n<meta property=\"og:site_name\" content=\"Rochester-Bern\" \/>\n<meta property=\"article:modified_time\" content=\"2024-03-04T10:58:58+00:00\" \/>\n<meta name=\"twitter:card\" content=\"summary_large_image\" \/>\n<meta name=\"twitter:label1\" content=\"Gesch\u00e4tzte Lesezeit\" \/>\n\t<meta name=\"twitter:data1\" content=\"1\u00a0Minute\" \/>\n<script type=\"application\/ld+json\" class=\"yoast-schema-graph\">{\"@context\":\"https:\/\/schema.org\",\"@graph\":[{\"@type\":\"WebPage\",\"@id\":\"https:\/\/www.rochester-bern.ch\/de\/programme\/\",\"url\":\"https:\/\/www.rochester-bern.ch\/de\/programme\/\",\"name\":\"Weiterbildung f\u00fcr F\u00fchrungskr\u00e4fte I Rochester-Bern\",\"isPartOf\":{\"@id\":\"https:\/\/rochester.incms.net\/#website\"},\"datePublished\":\"2022-11-28T13:23:07+00:00\",\"dateModified\":\"2024-03-04T10:58:58+00:00\",\"description\":\"Verschiedene Weiterbildungen f\u00fcr F\u00fchrungskr\u00e4fte und Verwaltungsrat I \u00dcber 30 Jahre Erfahrung\u2713 EMBA\u2713 CAS\u2713 DAS\u2713 Seminare\u2713\",\"breadcrumb\":{\"@id\":\"https:\/\/www.rochester-bern.ch\/de\/programme\/#breadcrumb\"},\"inLanguage\":\"de\",\"potentialAction\":[{\"@type\":\"ReadAction\",\"target\":[\"https:\/\/www.rochester-bern.ch\/de\/programme\/\"]}]},{\"@type\":\"BreadcrumbList\",\"@id\":\"https:\/\/www.rochester-bern.ch\/de\/programme\/#breadcrumb\",\"itemListElement\":[{\"@type\":\"ListItem\",\"position\":1,\"name\":\"Home\",\"item\":\"https:\/\/www.rochester-bern.ch\/de\/\"},{\"@type\":\"ListItem\",\"position\":2,\"name\":\"Programme\"}]},{\"@type\":\"WebSite\",\"@id\":\"https:\/\/rochester.incms.net\/#website\",\"url\":\"https:\/\/rochester.incms.net\/\",\"name\":\"Rochester-Bern\",\"description\":\"Executive Programs - further Education for Executives\",\"potentialAction\":[{\"@type\":\"SearchAction\",\"target\":{\"@type\":\"EntryPoint\",\"urlTemplate\":\"https:\/\/rochester.incms.net\/?s={search_term_string}\"},\"query-input\":{\"@type\":\"PropertyValueSpecification\",\"valueRequired\":true,\"valueName\":\"search_term_string\"}}],\"inLanguage\":\"de\"}]}<\/script>\n<!-- \/ Yoast SEO plugin. -->","yoast_head_json":{"title":"Weiterbildung f\u00fcr F\u00fchrungskr\u00e4fte I Rochester-Bern","description":"Verschiedene Weiterbildungen f\u00fcr F\u00fchrungskr\u00e4fte und Verwaltungsrat I \u00dcber 30 Jahre Erfahrung\u2713 EMBA\u2713 CAS\u2713 DAS\u2713 Seminare\u2713","robots":{"index":"index","follow":"follow","max-snippet":"max-snippet:-1","max-image-preview":"max-image-preview:large","max-video-preview":"max-video-preview:-1"},"canonical":"https:\/\/www.rochester-bern.ch\/de\/programme\/","og_locale":"de_DE","og_type":"article","og_title":"Weiterbildung f\u00fcr F\u00fchrungskr\u00e4fte I Rochester-Bern","og_description":"Verschiedene Weiterbildungen f\u00fcr F\u00fchrungskr\u00e4fte und Verwaltungsrat I \u00dcber 30 Jahre Erfahrung\u2713 EMBA\u2713 CAS\u2713 DAS\u2713 Seminare\u2713","og_url":"https:\/\/www.rochester-bern.ch\/de\/programme\/","og_site_name":"Rochester-Bern","article_modified_time":"2024-03-04T10:58:58+00:00","twitter_card":"summary_large_image","twitter_misc":{"Gesch\u00e4tzte Lesezeit":"1\u00a0Minute"},"schema":{"@context":"https:\/\/schema.org","@graph":[{"@type":"WebPage","@id":"https:\/\/www.rochester-bern.ch\/de\/programme\/","url":"https:\/\/www.rochester-bern.ch\/de\/programme\/","name":"Weiterbildung f\u00fcr F\u00fchrungskr\u00e4fte I Rochester-Bern","isPartOf":{"@id":"https:\/\/rochester.incms.net\/#website"},"datePublished":"2022-11-28T13:23:07+00:00","dateModified":"2024-03-04T10:58:58+00:00","description":"Verschiedene Weiterbildungen f\u00fcr F\u00fchrungskr\u00e4fte und Verwaltungsrat I \u00dcber 30 Jahre Erfahrung\u2713 EMBA\u2713 CAS\u2713 DAS\u2713 Seminare\u2713","breadcrumb":{"@id":"https:\/\/www.rochester-bern.ch\/de\/programme\/#breadcrumb"},"inLanguage":"de","potentialAction":[{"@type":"ReadAction","target":["https:\/\/www.rochester-bern.ch\/de\/programme\/"]}]},{"@type":"BreadcrumbList","@id":"https:\/\/www.rochester-bern.ch\/de\/programme\/#breadcrumb","itemListElement":[{"@type":"ListItem","position":1,"name":"Home","item":"https:\/\/www.rochester-bern.ch\/de\/"},{"@type":"ListItem","position":2,"name":"Programme"}]},{"@type":"WebSite","@id":"https:\/\/rochester.incms.net\/#website","url":"https:\/\/rochester.incms.net\/","name":"Rochester-Bern","description":"Executive Programs - further Education for Executives","potentialAction":[{"@type":"SearchAction","target":{"@type":"EntryPoint","urlTemplate":"https:\/\/rochester.incms.net\/?s={search_term_string}"},"query-input":{"@type":"PropertyValueSpecification","valueRequired":true,"valueName":"search_term_string"}}],"inLanguage":"de"}]}},"_links":{"self":[{"href":"https:\/\/www.rochester-bern.ch\/de\/wp-json\/wp\/v2\/pages\/93","targetHints":{"allow":["GET"]}}],"collection":[{"href":"https:\/\/www.rochester-bern.ch\/de\/wp-json\/wp\/v2\/pages"}],"about":[{"href":"https:\/\/www.rochester-bern.ch\/de\/wp-json\/wp\/v2\/types\/page"}],"author":[{"embeddable":true,"href":"https:\/\/www.rochester-bern.ch\/de\/wp-json\/wp\/v2\/users\/2"}],"replies":[{"embeddable":true,"href":"https:\/\/www.rochester-bern.ch\/de\/wp-json\/wp\/v2\/comments?post=93"}],"version-history":[{"count":20,"href":"https:\/\/www.rochester-bern.ch\/de\/wp-json\/wp\/v2\/pages\/93\/revisions"}],"predecessor-version":[{"id":10951,"href":"https:\/\/www.rochester-bern.ch\/de\/wp-json\/wp\/v2\/pages\/93\/revisions\/10951"}],"wp:attachment":[{"href":"https:\/\/www.rochester-bern.ch\/de\/wp-json\/wp\/v2\/media?parent=93"}],"curies":[{"name":"wp","href":"https:\/\/api.w.org\/{rel}","templated":true}]}}